{"id":1539,"date":"2018-04-20T07:11:18","date_gmt":"2018-04-20T05:11:18","guid":{"rendered":"https:\/\/www.hotelreehorst.nl\/ueber\/"},"modified":"2026-04-08T15:33:06","modified_gmt":"2026-04-08T13:33:06","slug":"ueber","status":"publish","type":"page","link":"https:\/\/www.hotelreehorst.nl\/de\/ueber\/","title":{"rendered":"\u00dcber"},"content":{"rendered":"<div class=\"wpb-content-wrapper\"><p>[vc_section][vc_row][vc_column][header afbeelding=&#8220;707&#8243; titel=&#8220;ABOUT&#8220;]Ausgezeichnet mit 4 Sternen und Gewinner des Preises Mooiste Suites van Nederland.<br \/>\nW\u00e4hlen Sie aus vier Zimmertypen und zw\u00f6lf romantischen Suiten mit einzigartigen XXL-Whirlpool-B\u00e4dern. Und immer zu einem freundlichen Preis! [\/header][\/vc_column][\/vc_row][\/vc_section][vc_section css=&#8220;.vc_custom_1528114586406{padding-top: 2% !important;padding-bottom: 2% !important;}&#8220; el_class=&#8220;text-black grid&#8220;][vc_row][vc_column css=&#8220;.vc_custom_1528115131009{padding-top: 2em !important;padding-bottom: 2em !important;}&#8220;][vc_column_text]<\/p>\n<h2 class=\"h3\" style=\"text-align: center;\">SUITEN &amp; ZIMMER<\/h2>\n<p>[\/vc_column_text][\/vc_column][\/vc_row][vc_row][vc_column offset=&#8220;vc_col-md-offset-1 vc_col-md-5&#8243;][vc_column_text css=&#8220;&#8220;]<\/p>\n<ul class=\"check\">\n<li>12 luxuri\u00f6se Whirlpool-Suiten<\/li>\n<li>24 Boutique-King-Zimmer<\/li>\n<li>26 Standard Zweibettzimmer<\/li>\n<li>6 gem\u00fctliche Familienzimmer<\/li>\n<li>13 klassische Dreibettzimmer<\/li>\n<\/ul>\n<p>[\/vc_column_text][\/vc_column][vc_column offset=&#8220;vc_col-md-5&#8243;][vc_column_text css=&#8220;&#8220;]<\/p>\n<ul class=\"check\">\n<li>Ausgezeichnet mit 4 Sternen und vielen Preisen, unter anderem mit dem Preis Mooiste Suites van Nederland!<\/li>\n<li>Alles unter einem Dach: Getr\u00e4nke, Essen, Schlafen, Fr\u00fchst\u00fccken, Meetings, Partys und mehr!<\/li>\n<\/ul>\n<p>[\/vc_column_text][\/vc_column][\/vc_row][vc_row css=&#8220;.vc_custom_1528114689607{padding-top: 2em !important;padding-bottom: 2em !important;}&#8220;][vc_column width=&#8220;1\/2&#8243; el_class=&#8220;text-right&#8220; offset=&#8220;vc_col-xs-6&#8243;][button button_options=&#8220;hollow&#8220; label=&#8220;Suiten&#8220; link=&#8220;url:https%3A%2F%2Fhotelreehorst.nl%2Fsuites%2F|||&#8220;][\/vc_column][vc_column width=&#8220;1\/2&#8243; el_class=&#8220;text-left&#8220; offset=&#8220;vc_col-xs-6&#8243;][button button_options=&#8220;hollow&#8220; label=&#8220;Zimmer&#8220; link=&#8220;url:https%3A%2F%2Fhotelreehorst.nl%2Frooms%2F|||&#8220;][\/vc_column][\/vc_row][\/vc_section][vc_section el_class=&#8220;show-for-medium&#8220;][vc_row][vc_column][vc_single_image image=&#8220;1384&#8243; img_size=&#8220;retina&#8220; el_class=&#8220;parallax&#8220;][\/vc_column][\/vc_row][\/vc_section][vc_section][vc_row][vc_column][blokken][blok_gallery gallery=&#8220;289&#8243;][\/blok_gallery][blok_tekst titel=&#8220;4-STERREN SERVICE&#8220; icoon=&#8220;fa fa-handshake-o&#8220;]<\/p>\n<ul class=\"check\">\n<li>Rezeption &amp; Service: 24 Stunden am Tag<\/li>\n<li>Kostenloses Hochgeschwindigkeits-WiFi<\/li>\n<li>Unbegrenztes Veluwe-Fr\u00fchst\u00fccksbuffet<\/li>\n<li>Essen und Trinken im ZUZU Restaurant-Bar<\/li>\n<li>Mini-Markt mit Getr\u00e4nken, Snacks und Geschenken<\/li>\n<li>Immer kostenlos und sicher parken<\/li>\n<li>Gep\u00e4ckaufbewahrung, Rad- und Wanderwege, W\u00e4scheservice<\/li>\n<\/ul>\n<p>[\/blok_tekst][\/blokken][blokken][blok_tekst titel=&#8220;ALLES ONDER \u00c9\u00c9N DAK&#8220;]<\/p>\n<ul class=\"check\">\n<li>ZUZU Restaurant-Bar<\/li>\n<li>Unbegrenztes Fr\u00fchst\u00fccksbuffet<\/li>\n<li>Parken<\/li>\n<li>Mini-Markt<\/li>\n<li>Tropische Terrasse<\/li>\n<li>Party- und Tagungsr\u00e4ume<\/li>\n<\/ul>\n<p>[\/blok_tekst][blok_gallery gallery=&#8220;2723&#8243;][\/blok_gallery][\/blokken][\/vc_column][\/vc_row][\/vc_section][vc_section css=&#8220;.vc_custom_1525939418031{background-color: #000000 !important;}&#8220;][vc_row][vc_column][vc_single_image image=&#8220;1388&#8243; img_size=&#8220;retina&#8220; el_class=&#8220;parallax&#8220;][reasons titel=&#8220;redenen om voor Reehorst te kiezen&#8220;][reason afbeelding=&#8220;289&#8243; titel=&#8220;4-sterren service met 24-uurs receptie&#8220;][reason titel=&#8220;Diverse kamertypes; luxe suites tot betaalbare kamers&#8220; afbeelding=&#8220;2731&#8243;][reason afbeelding=&#8220;2771&#8243; titel=&#8220;Borrelen en eten in ZUZU Restaurant-Bar&#8220;][reason afbeelding=&#8220;2687&#8243; titel=&#8220;Vlakbij de Veluwe, ideale startlocatie voor fietsen &amp; wandelen&#8220;][reason afbeelding=&#8220;2755&#8243; titel=&#8220;Centrale locatie; zeer dichtbij Arnhem en Utrecht, directe treinverbinding met Amsterdam en Rotterdam&#8220;][\/reasons][\/vc_column][\/vc_row][\/vc_section][vc_section][vc_row][vc_column][blokken][blok_map lat=&#8220;52.0243373&#8243; lng=&#8220;5.6693973&#8243; zoom=&#8220;8&#8243; marker_lat=&#8220;52.0245642&#8243; marker_lng=&#8220;5.671468&#8243;][\/blok_map][blok_tekst titel=&#8220;LIGGING&#8220; link=&#8220;url:https%3A%2F%2Fwww.google.nl%2Fmaps%2Fdir%2F%2FReehorst%2BHotel%2F|title:Plan%20je%20route|target:%20_blank|&#8220;]<\/p>\n<ul class=\"check\">\n<li>Zentral in den Niederlanden an der Veluwe<\/li>\n<li>Schnelle und einfache Erreichbarkeit mit Auto und Zug<\/li>\n<li>Kostenloses Parken im eigenen Parkhaus<\/li>\n<li>Bahnhof Ede-Wageningen in 3 Minuten.<\/li>\n<li>Einkaufen in Arnheim, Nijmegen und Utrecht<\/li>\n<li>In der N\u00e4he von Park de Hoge Veluwe und dem Kr\u00f6ller-M\u00fcller-Museum<\/li>\n<\/ul>\n<p>[\/blok_tekst][\/blokken][\/vc_column][\/vc_row][\/vc_section]<\/p>\n<\/div>","protected":false},"excerpt":{"rendered":"<p>[vc_section][vc_row][vc_column][header afbeelding=&#8220;707&#8243; titel=&#8220;ABOUT&#8220;]Ausgezeichnet mit 4 Sternen und Gewinner des Preises Mooiste Suites van Nederland. W\u00e4hlen Sie aus vier Zimmertypen und zw\u00f6lf romantischen Suiten mit einzigartigen XXL-Whirlpool-B\u00e4dern. Und immer zu einem freundlichen Preis! [\/header][\/vc_column][\/vc_row][\/vc_section][vc_section css=&#8220;.vc_custom_1528114586406{padding-top: 2%<\/p>\n","protected":false},"author":1,"featured_media":0,"parent":0,"menu_order":1,"comment_status":"closed","ping_status":"closed","template":"","meta":{"_acf_changed":false,"inline_featured_image":false,"footnotes":""},"class_list":["post-1539","page","type-page","status-publish","hentry"],"acf":[],"_links":{"self":[{"href":"https:\/\/www.hotelreehorst.nl\/de\/wp-json\/wp\/v2\/pages\/1539","targetHints":{"allow":["GET"]}}],"collection":[{"href":"https:\/\/www.hotelreehorst.nl\/de\/wp-json\/wp\/v2\/pages"}],"about":[{"href":"https:\/\/www.hotelreehorst.nl\/de\/wp-json\/wp\/v2\/types\/page"}],"author":[{"embeddable":true,"href":"https:\/\/www.hotelreehorst.nl\/de\/wp-json\/wp\/v2\/users\/1"}],"replies":[{"embeddable":true,"href":"https:\/\/www.hotelreehorst.nl\/de\/wp-json\/wp\/v2\/comments?post=1539"}],"version-history":[{"count":71,"href":"https:\/\/www.hotelreehorst.nl\/de\/wp-json\/wp\/v2\/pages\/1539\/revisions"}],"predecessor-version":[{"id":5732,"href":"https:\/\/www.hotelreehorst.nl\/de\/wp-json\/wp\/v2\/pages\/1539\/revisions\/5732"}],"wp:attachment":[{"href":"https:\/\/www.hotelreehorst.nl\/de\/wp-json\/wp\/v2\/media?parent=1539"}],"curies":[{"name":"wp","href":"https:\/\/api.w.org\/{rel}","templated":true}]}}