{"id":1565,"date":"2018-04-20T07:13:30","date_gmt":"2018-04-20T05:13:30","guid":{"rendered":"https:\/\/www.hotelreehorst.nl\/zimmer\/"},"modified":"2026-03-06T11:19:33","modified_gmt":"2026-03-06T09:19:33","slug":"zimmer","status":"publish","type":"page","link":"https:\/\/www.hotelreehorst.nl\/de\/zimmer\/","title":{"rendered":"Hotelzimmer"},"content":{"rendered":"<div class=\"wpb-content-wrapper\"><p>[vc_section][vc_row][vc_column][header afbeelding=&#8220;289&#8243; titel=&#8220;Hotelkamers&#8220;]Von Unterk\u00fcnften f\u00fcr Gesch\u00e4ftsreisende bis hin zu Familienzimmern f\u00fcr die ganze Familie, von erschwinglichen Zimmern f\u00fcr Gruppen bis hin zu Boutique-Hotelzimmern f\u00fcr einen Veluwe-Urlaub &#8211; wir haben den perfekten Zimmertyp f\u00fcr jede Gesch\u00e4ftsreise oder jeden Urlaub.[\/header][\/vc_column][\/vc_row][\/vc_section][vc_section][vc_row][vc_column css=&#8220;.vc_custom_1527169498839{padding-top: 1em !important;}&#8220;][kamers cat=&#8220;3&#8243;][\/vc_column][\/vc_row][\/vc_section]<\/p>\n<\/div>","protected":false},"excerpt":{"rendered":"<p>[vc_section][vc_row][vc_column][header afbeelding=&#8220;289&#8243; titel=&#8220;Hotelkamers&#8220;]Von Unterk\u00fcnften f\u00fcr Gesch\u00e4ftsreisende bis hin zu Familienzimmern f\u00fcr die ganze Familie, von erschwinglichen Zimmern f\u00fcr Gruppen bis hin zu Boutique-Hotelzimmern f\u00fcr einen Veluwe-Urlaub &#8211; wir haben den perfekten Zimmertyp f\u00fcr jede Gesch\u00e4ftsreise<\/p>\n","protected":false},"author":1,"featured_media":0,"parent":0,"menu_order":3,"comment_status":"closed","ping_status":"closed","template":"","meta":{"_acf_changed":false,"inline_featured_image":false,"footnotes":""},"class_list":["post-1565","page","type-page","status-publish","hentry"],"acf":[],"_links":{"self":[{"href":"https:\/\/www.hotelreehorst.nl\/de\/wp-json\/wp\/v2\/pages\/1565","targetHints":{"allow":["GET"]}}],"collection":[{"href":"https:\/\/www.hotelreehorst.nl\/de\/wp-json\/wp\/v2\/pages"}],"about":[{"href":"https:\/\/www.hotelreehorst.nl\/de\/wp-json\/wp\/v2\/types\/page"}],"author":[{"embeddable":true,"href":"https:\/\/www.hotelreehorst.nl\/de\/wp-json\/wp\/v2\/users\/1"}],"replies":[{"embeddable":true,"href":"https:\/\/www.hotelreehorst.nl\/de\/wp-json\/wp\/v2\/comments?post=1565"}],"version-history":[{"count":26,"href":"https:\/\/www.hotelreehorst.nl\/de\/wp-json\/wp\/v2\/pages\/1565\/revisions"}],"predecessor-version":[{"id":5542,"href":"https:\/\/www.hotelreehorst.nl\/de\/wp-json\/wp\/v2\/pages\/1565\/revisions\/5542"}],"wp:attachment":[{"href":"https:\/\/www.hotelreehorst.nl\/de\/wp-json\/wp\/v2\/media?parent=1565"}],"curies":[{"name":"wp","href":"https:\/\/api.w.org\/{rel}","templated":true}]}}