{"id":1578,"date":"2018-04-20T07:12:56","date_gmt":"2018-04-20T05:12:56","guid":{"rendered":"https:\/\/www.hotelreehorst.nl\/suiten\/"},"modified":"2025-02-26T18:03:11","modified_gmt":"2025-02-26T16:03:11","slug":"suiten","status":"publish","type":"page","link":"https:\/\/www.hotelreehorst.nl\/de\/suiten\/","title":{"rendered":"Whirlpool-Suiten"},"content":{"rendered":"<div class=\"wpb-content-wrapper\"><p>[vc_section][vc_row][vc_column][header afbeelding=&#8220;763&#8243; titel=&#8220;Whirlpool-Suiten&#8220;]Erleben Sie ultimative Entspannung und Romantik in einer unserer 12 preisgekr\u00f6nten Romantic Whirlpool Suites &#8211; der perfekte Ort f\u00fcr eine unvergessliche \u00dcbernachtung in einer Suite mit XXL-Whirlpool-Badewanne![\/header][\/vc_column][\/vc_row][\/vc_section][vc_section][vc_row][vc_column][vc_column_text el_class=&#8220;space-dtop&#8220;]<\/p>\n<p>[\/vc_column_text][kamers cat=&#8220;4&#8243; toon_subcat=&#8220;1&#8243; button_label=&#8220;Bekijk suite&#8220;][beschikbaarheid link=&#8220;&#8220;][vc_raw_js]JTNDc2NyaXB0JTNFJTI4ZnVuY3Rpb24lMjhtJTJDZSUyQ3clMkNzJTI5JTdCYyUzRG0uY3JlYXRlRWxlbWVudCUyOGUlMjklM0JjLm9ubG9hZCUzRGZ1bmN0aW9uJTI4JTI5JTdCJTBBTWV3cy5ELmFwcGx5JTI4bnVsbCUyQ3MlMjklN0QlM0JjLmFzeW5jJTNEMSUzQmMuc3JjJTNEdyUzQnQlM0RtLmdldEVsZW1lbnRzQnlUYWdOYW1lJTI4ZSUyOSU1QjAlNUQlM0J0LnBhcmVudE5vZGUuaW5zZXJ0QmVmb3JlJTI4YyUyQ3QlMjklM0IlN0QlMjklMEElMjhkb2N1bWVudCUyQyUyN3NjcmlwdCUyNyUyQyUyN2h0dHBzJTNBJTJGJTJGd3d3Lm1ld3MubGklMkZkaXN0cmlidXRvciUyRmRpc3RyaWJ1dG9yLm1pbi5qcyUyNyUyQyU1QiU1QiUyN2EzZTM0OTMwLWQzMGYtNGJiNC1iYjg4LWFkY2UwMDdhNjU2MyUyNyU1RCU1RCUyOSUzQiUzQyUyRnNjcmlwdCUzRQ==[\/vc_raw_js][\/vc_column][\/vc_row][\/vc_section]<\/p>\n<\/div>","protected":false},"excerpt":{"rendered":"<p>[vc_section][vc_row][vc_column][header afbeelding=&#8220;763&#8243; titel=&#8220;Whirlpool-Suiten&#8220;]Erleben Sie ultimative Entspannung und Romantik in einer unserer 12 preisgekr\u00f6nten Romantic Whirlpool Suites &#8211; der perfekte Ort f\u00fcr eine unvergessliche \u00dcbernachtung in einer Suite mit XXL-Whirlpool-Badewanne![\/header][\/vc_column][\/vc_row][\/vc_section][vc_section][vc_row][vc_column][vc_column_text el_class=&#8220;space-dtop&#8220;] [\/vc_column_text][kamers cat=&#8220;4&#8243; toon_subcat=&#8220;1&#8243; button_label=&#8220;Bekijk suite&#8220;][beschikbaarheid<\/p>\n","protected":false},"author":1,"featured_media":0,"parent":0,"menu_order":2,"comment_status":"closed","ping_status":"closed","template":"","meta":{"_acf_changed":false,"inline_featured_image":false,"footnotes":""},"class_list":["post-1578","page","type-page","status-publish","hentry"],"acf":[],"_links":{"self":[{"href":"https:\/\/www.hotelreehorst.nl\/de\/wp-json\/wp\/v2\/pages\/1578","targetHints":{"allow":["GET"]}}],"collection":[{"href":"https:\/\/www.hotelreehorst.nl\/de\/wp-json\/wp\/v2\/pages"}],"about":[{"href":"https:\/\/www.hotelreehorst.nl\/de\/wp-json\/wp\/v2\/types\/page"}],"author":[{"embeddable":true,"href":"https:\/\/www.hotelreehorst.nl\/de\/wp-json\/wp\/v2\/users\/1"}],"replies":[{"embeddable":true,"href":"https:\/\/www.hotelreehorst.nl\/de\/wp-json\/wp\/v2\/comments?post=1578"}],"version-history":[{"count":25,"href":"https:\/\/www.hotelreehorst.nl\/de\/wp-json\/wp\/v2\/pages\/1578\/revisions"}],"predecessor-version":[{"id":4073,"href":"https:\/\/www.hotelreehorst.nl\/de\/wp-json\/wp\/v2\/pages\/1578\/revisions\/4073"}],"wp:attachment":[{"href":"https:\/\/www.hotelreehorst.nl\/de\/wp-json\/wp\/v2\/media?parent=1578"}],"curies":[{"name":"wp","href":"https:\/\/api.w.org\/{rel}","templated":true}]}}