{"id":1602,"date":"2018-04-20T07:13:38","date_gmt":"2018-04-20T05:13:38","guid":{"rendered":"https:\/\/www.hotelreehorst.nl\/zuzu-cocktail-club\/"},"modified":"2026-04-08T15:30:21","modified_gmt":"2026-04-08T13:30:21","slug":"zuzu-cocktail-club","status":"publish","type":"page","link":"https:\/\/www.hotelreehorst.nl\/de\/zuzu-cocktail-club\/","title":{"rendered":"ZUZU Restaurant-Bar"},"content":{"rendered":"<div class=\"wpb-content-wrapper\"><p>[vc_section][vc_row][vc_column][header video=&#8220;5247&#8243;]<\/p>\n<div style=\"text-align: center;\"><img loading=\"lazy\" decoding=\"async\" class=\"wp-image-4941 size-full\" src=\"https:\/\/www.hotelreehorst.nl\/wp-content\/uploads\/2026\/03\/Zuzu-RestaurantBar-Logo.png\" alt=\"\" width=\"2000\" height=\"1414\" srcset=\"https:\/\/www.hotelreehorst.nl\/wp-content\/uploads\/2026\/03\/Zuzu-RestaurantBar-Logo.png 2000w, https:\/\/www.hotelreehorst.nl\/wp-content\/uploads\/2026\/03\/Zuzu-RestaurantBar-Logo-300x212.png 300w, https:\/\/www.hotelreehorst.nl\/wp-content\/uploads\/2026\/03\/Zuzu-RestaurantBar-Logo-1024x724.png 1024w, https:\/\/www.hotelreehorst.nl\/wp-content\/uploads\/2026\/03\/Zuzu-RestaurantBar-Logo-768x543.png 768w, https:\/\/www.hotelreehorst.nl\/wp-content\/uploads\/2026\/03\/Zuzu-RestaurantBar-Logo-1536x1086.png 1536w\" sizes=\"auto, (max-width: 2000px) 100vw, 2000px\" \/><\/div>\n<p style=\"text-align: center;\">Genie\u00dfen Sie Drinks, Abendessen oder Partys in der ZUZU Restaurant-Bar! Genie\u00dfen Sie<br \/>\nk\u00f6stliche Cocktails und internationale Gerichte in einer tropischen Atmosph\u00e4re! <\/p>\n<p style=\"text-align: center;\"><b>M\u00f6chten Sie buchen? Rufen Sie 0318 75 03 00 <\/b><\/p>\n<p style=\"text-align: center;\"><strong>\u00d6ffnungszeiten Montag &#8211; Samstag:<\/strong><br \/>\nK\u00fcche ge\u00f6ffnet 15:00 &#8211; 22:00<br \/>\nTake Away ge\u00f6ffnet 15:00 &#8211; 22:00<br \/>\nBar ge\u00f6ffnet 15:00 &#8211; 22:30<\/p>\n<p><strong>Am Sonntag nicht ge\u00f6ffnet<\/strong><\/p>\n<p>[\/header][\/vc_column][\/vc_row][\/vc_section][vc_section][vc_row][vc_column][blokken][blok_gallery gallery=&#8220;4937&#8243;][\/blok_gallery][blok_tekst titel=&#8220;RESTAURANT &amp; BAR&#8220; icoon_afbeelding=&#8220;254&#8243;]In der stimmungsvollen ZUZU Restaurant-Bar genie\u00dfen Sie internationale und erschwingliche Gerichte in einer ungezwungenen Atmosph\u00e4re.<\/p>\n<div style=\"display: flex; flex-wrap: wrap; gap: 1rem; justify-content: center;\"><a class=\"button beschikbaarheid\" style=\"flex: 1 1 0; min-width: 120px;\" href=\"https:\/\/www.hotelreehorst.nl\/wp-content\/uploads\/2026\/04\/Menukaart-ZUZU-FINAL-2026.pdf\" target=\"_blank\" rel=\"noopener\">ZUZU Men\u00fc<\/a><br \/>\n<a class=\"button beschikbaarheid\" style=\"flex: 1 1 0; min-width: 120px;\" href=\"https:\/\/www.hotelreehorst.nl\/wp-content\/uploads\/2026\/04\/Sharing-Diner-Website-PDF.pdf\" target=\"_blank\" rel=\"noopener\">SHARED DINING Men\u00fc<\/a><\/div>\n<p>[\/blok_tekst][\/blokken][blokken][blok_tekst titel=&#8220;UW PRIV\u00c9FEEST IN ZUZU?&#8220; icoon_afbeelding=&#8220;253&#8243;]ZUZU Restaurant-Bar kann auch teilweise oder ganz f\u00fcr Ihre private Party gemietet werden! Ob Sweet 16 Party, 21 Birthday Bash, Baby Shower, Geburtstag oder Jubil\u00e4um, im ZUZU kann jede Party gefeiert werden!  Ideal zu kombinieren mit einer \u00dcbernachtung im Hotel. Sie m\u00f6chten Ihre Party bei ZUZU feiern oder einfach nur mal reinschauen? Senden Sie Ihre E-Mail an sales@reehorst.nl![\/blok_tekst][blok_gallery gallery=&#8220;4933&#8243;][\/blok_gallery][\/blokken][\/vc_column][\/vc_row][\/vc_section][vc_section][vc_row][vc_column][vc_single_image image=&#8220;1234&#8243; img_size=&#8220;retina&#8220; alignment=&#8220;center&#8220; el_class=&#8220;parallax&#8220;][\/vc_column][\/vc_row][\/vc_section][vc_section][vc_row][vc_column][blokken][blok_map lat=&#8220;52.0243373&#8243; lng=&#8220;5.6693973&#8243; zoom=&#8220;8&#8243; marker_lat=&#8220;52.0245642&#8243; marker_lng=&#8220;5.671468&#8243;][\/blok_map][blok_tekst titel=&#8220;LIGGING&#8220; link=&#8220;url:https%3A%2F%2Fwww.google.nl%2Fmaps%2Fdir%2F%2FReehorst%2BHotel%2F|title:Plan%20je%20route|target:%20_blank|&#8220;]<\/p>\n<ul class=\"check\">\n<li>Zentral in den Niederlanden an der Veluwe<\/li>\n<li>Schnelle und einfache Erreichbarkeit mit Auto und Zug<\/li>\n<li>Kostenloses Parken im eigenen Parkhaus<\/li>\n<li>Bahnhof Ede-Wageningen in 3 Minuten.<\/li>\n<li>Einkaufen in Arnheim, Nijmegen und Utrecht<\/li>\n<li>In der N\u00e4he von Park de Hoge Veluwe und dem Kr\u00f6ller-M\u00fcller-Museum<\/li>\n<\/ul>\n<p>[\/blok_tekst][\/blokken][\/vc_column][\/vc_row][\/vc_section]<\/p>\n<\/div>","protected":false},"excerpt":{"rendered":"<p>[vc_section][vc_row][vc_column][header video=&#8220;5247&#8243;] Genie\u00dfen Sie Drinks, Abendessen oder Partys in der ZUZU Restaurant-Bar! Genie\u00dfen Sie k\u00f6stliche Cocktails und internationale Gerichte in einer tropischen Atmosph\u00e4re! M\u00f6chten Sie buchen? Rufen Sie 0318 75 03 00 \u00d6ffnungszeiten Montag &#8211;<\/p>\n","protected":false},"author":1,"featured_media":0,"parent":0,"menu_order":4,"comment_status":"closed","ping_status":"closed","template":"","meta":{"_acf_changed":false,"inline_featured_image":false,"footnotes":""},"class_list":["post-1602","page","type-page","status-publish","hentry"],"acf":[],"_links":{"self":[{"href":"https:\/\/www.hotelreehorst.nl\/de\/wp-json\/wp\/v2\/pages\/1602","targetHints":{"allow":["GET"]}}],"collection":[{"href":"https:\/\/www.hotelreehorst.nl\/de\/wp-json\/wp\/v2\/pages"}],"about":[{"href":"https:\/\/www.hotelreehorst.nl\/de\/wp-json\/wp\/v2\/types\/page"}],"author":[{"embeddable":true,"href":"https:\/\/www.hotelreehorst.nl\/de\/wp-json\/wp\/v2\/users\/1"}],"replies":[{"embeddable":true,"href":"https:\/\/www.hotelreehorst.nl\/de\/wp-json\/wp\/v2\/comments?post=1602"}],"version-history":[{"count":237,"href":"https:\/\/www.hotelreehorst.nl\/de\/wp-json\/wp\/v2\/pages\/1602\/revisions"}],"predecessor-version":[{"id":5716,"href":"https:\/\/www.hotelreehorst.nl\/de\/wp-json\/wp\/v2\/pages\/1602\/revisions\/5716"}],"wp:attachment":[{"href":"https:\/\/www.hotelreehorst.nl\/de\/wp-json\/wp\/v2\/media?parent=1602"}],"curies":[{"name":"wp","href":"https:\/\/api.w.org\/{rel}","templated":true}]}}