{"id":1641,"date":"2022-11-17T11:30:31","date_gmt":"2022-11-17T09:30:31","guid":{"rendered":"https:\/\/www.hotelreehorst.nl\/restaurant-atelier\/"},"modified":"2025-07-07T13:01:17","modified_gmt":"2025-07-07T11:01:17","slug":"restaurant-atelier","status":"publish","type":"page","link":"https:\/\/www.hotelreehorst.nl\/de\/restaurant-atelier\/","title":{"rendered":"Atelier Grill Restaurant"},"content":{"rendered":"<div class=\"wpb-content-wrapper\"><p>[vc_section][vc_row][vc_column css=&#8220;.vc_custom_1526455814870{padding-top: 3em !important;padding-bottom: 1em !important;}&#8220;][vc_raw_js]JTNDJTIxLS0lMjBaZW5jaGVmJTIwV2lkZ2V0JTIwU0RLJTIwLS0lM0UlMEElM0NzY3JpcHQlM0UlM0IlMjhmdW5jdGlvbiUyMCUyOGQlMkMlMjBzJTJDJTIwaWQlMjklMjAlN0Jjb25zdCUyMGVsJTIwJTNEJTIwZC5nZXRFbGVtZW50c0J5VGFnTmFtZSUyOHMlMjklNUIwJTVEJTNCJTIwaWYlMjAlMjhkLmdldEVsZW1lbnRCeUlkJTI4aWQlMjklMjAlN0MlN0MlMjBlbC5wYXJlbnROb2RlJTIwJTNEJTNEJTIwbnVsbCUyOSUyMCU3QnJldHVybiUzQiU3RCUyMHZhciUyMGpzJTIwJTNEJTIwZC5jcmVhdGVFbGVtZW50JTI4cyUyOSUzQiUyMCUyMGpzLmlkJTIwJTNEJTIwaWQlM0IlMjBqcy5hc3luYyUyMCUzRCUyMHRydWUlM0IlMjBqcy5zcmMlMjAlM0QlMjAlMjdodHRwcyUzQSUyRiUyRnNkay56ZW5jaGVmLmNvbSUyRnYxJTJGc2RrLm1pbi5qcyUyNyUzQiUyMCUyMGVsLnBhcmVudE5vZGUuaW5zZXJ0QmVmb3JlJTI4anMlMkMlMjBlbCUyOSUzQiUyMCU3RCUyOSUyOGRvY3VtZW50JTJDJTIwJTI3c2NyaXB0JTI3JTJDJTIwJTI3emVuY2hlZi1zZGslMjclMjklM0MlMkZzY3JpcHQlM0UlMEElM0NkaXYlMEElMjAlMjAlMjBjbGFzcyUzRCUyMnpjLXdpZGdldC1jb25maWclMjIlMEElMjAlMjAlMjBkYXRhLXJlc3RhdXJhbnQlM0QlMjIzNjkyODMlMjIlMEElMjAlMjAlMjBkYXRhLW9wZW4lM0QlMjIyMDAwJTIyJTNFJTNDJTJGZGl2JTNF[\/vc_raw_js][\/vc_column][\/vc_row][vc_row][vc_column][header afbeelding=&#8220;801&#8243;][\/header][\/vc_column][\/vc_row][\/vc_section][vc_section][vc_row][vc_column][vc_row_inner equal_height=&#8220;yes&#8220; content_placement=&#8220;middle&#8220; el_class=&#8220;zuzu-cocktail-header&#8220;][vc_column_inner css=&#8220;.vc_custom_1656343105126{background-color: #000000 !important;}&#8220;][vc_single_image image=&#8220;1406&#8243; img_size=&#8220;&#8220; alignment=&#8220;center&#8220;][vc_empty_space height=&#8220;64px&#8220;][vc_column_text css=&#8220;&#8220;]<\/p>\n<p style=\"text-align: center;\">Atmosph\u00e4risches Grillrestaurant in Ede mit k\u00f6stlichen Grillgerichten. Gruppenessen f\u00fcr Gruppen und Familien sind im Atelier Restaurant ebenfalls m\u00f6glich. <\/p>\n<div class=\"page\" title=\"Seite 1\">\n<div class=\"layoutArea\">\n<div class=\"column\">\n<p style=\"text-align: center;\"><strong>\u00d6FFNUNGSZEITEN<\/strong><br \/>\nMONTAG BIS SAMSTAG:<strong> 17:00 &#8211; 23:00<\/strong><br \/>\nK\u00dcCHE:<strong> 17:00 &#8211; 21:30<\/strong><br \/>\n<strong>SONNTAG NICHT GE\u00d6FFNET<\/strong><\/p>\n<p style=\"font-weight: 400; text-align: center;\">In den Sommermonaten findet das Abendessen im ZUZU Cocktail Club statt.<\/p>\n<\/div>\n<\/div>\n<\/div>\n<p>[\/vc_column_text][vc_empty_space height=&#8220;64px&#8220;][\/vc_column_inner][\/vc_row_inner][blokken][blok_gallery gallery=&#8220;2771&#8243;][\/blok_gallery][blok_tekst titel=&#8220;ZARTES FLEISCH VOM GRILL&#8220; icoon_afbeelding=&#8220;206&#8243;]Genie\u00dfen Sie das k\u00f6stlichste Fleisch vom \u00fcberdachten Holzkohlegrill im Atelier Grill Restaurant. Die Grillmeister des Ateliers verwenden Fleisch von h\u00f6chster Qualit\u00e4t und servieren es immer mit den leckersten hausgemachten Saucen![\/blok_tekst][\/blokken][blokken][blok_tekst titel=&#8220;FLEISCH VON NAH UND ETWAS WEITER WEG&#8220; icoon_afbeelding=&#8220;206&#8243;]In Zusammenarbeit mit den besten Metzgereien w\u00e4hlen unsere Grillmeister das schmackhafteste Fleisch von ganz nah bis etwas weiter weg aus. Entscheiden Sie sich f\u00fcr ein gro\u00dfartiges Steak aus Australien, sind die Rippchen aus den USA etwas f\u00fcr Sie oder entscheiden Sie sich f\u00fcr ein niederl\u00e4ndisches Steak Tartare?[\/blok_tekst][blok_gallery gallery=&#8220;2763&#8243;][\/blok_gallery][\/blokken][blokken][blok_gallery gallery=&#8220;2779&#8243;][\/blok_gallery][blok_tekst titel=&#8220;GRUPPEN &#8211; FEINES ESSEN MIT FAMILIE, FREUNDEN ODER KOLLEGEN&#8220; icoon_afbeelding=&#8220;204&#8243; link=&#8220;url:https%3A%2F%2Fwww.atelier-restaurant.nl%2Fmenukaarten%2Fmenukaart-groepen-proeverij-vlees-vis|title:MENUKAART%20GROEPEN%20-%20BEZOEK%20WEBSITE|target:%20_blank|&#8220;]<\/p>\n<p class=\"s3\"><span class=\"s6\">Sie m\u00f6chten einen Geburtstag feiern, Zeit mit der Familie verbringen, sich mit Freunden oder einer Sportmannschaft treffen oder mit Ihren Kollegen zu einem netten Abendessen zusammenkommen? Das Atelier kann Gruppen von 6 bis 30 Personen beherbergen. Anschlie\u00dfend genie\u00dfen Sie gemeinsam eine k\u00f6stliche 2- oder 3-G\u00e4nge-Verkostung verschiedener internationaler kreativer Gerichte.<\/span><\/p>\n<p>[\/blok_tekst][\/blokken][\/vc_column][\/vc_row][\/vc_section][vc_row][vc_column][\/vc_column][\/vc_row][vc_section css=&#8220;.vc_custom_1656402539800{background-color: #000000 !important;}&#8220;][vc_row][vc_column][vc_single_image image=&#8220;1228&#8243; img_size=&#8220;full&#8220; alignment=&#8220;center&#8220; css=&#8220;.vc_custom_1656403460442{background-position: center !important;background-repeat: no-repeat !important;background-size: cover !important;}&#8220;][\/vc_column][\/vc_row][\/vc_section][vc_section][vc_row][vc_column][blokken][blok_map lat=&#8220;52.0243373&#8243; lng=&#8220;5.6693973&#8243; zoom=&#8220;8&#8243; marker_lat=&#8220;52.0245642&#8243; marker_lng=&#8220;5.671468&#8243;][\/blok_map][blok_tekst titel=&#8220;STANDORT&#8220; link=&#8220;url:https%3A%2F%2Fwww.google.nl%2Fmaps%2Fdir%2F%2FReehorst%2BHotel%2F|title:Plan%20je%20route|target:%20_blank|&#8220;]<\/p>\n<ul class=\"check\">\n<li>Zentral in den Niederlanden an der Veluwe.<\/li>\n<li>Schnelle und einfache Erreichbarkeit mit Auto und Bahn<\/li>\n<li>Kostenloses Parken in unserem eigenen Parkhaus<\/li>\n<li>Bahnhof Ede-Wageningen, 3 Minuten entfernt.<\/li>\n<li>Einkaufen in Arnheim, Nijmegen und Utrecht<\/li>\n<li>In der N\u00e4he von Park de Hoge Veluwe und dem Kr\u00f6ller-M\u00fcller-Museum<\/li>\n<\/ul>\n<p>[\/blok_tekst][\/blokken][\/vc_column][\/vc_row][\/vc_section]<\/p>\n<\/div>","protected":false},"excerpt":{"rendered":"Atelier-Men\u00fc MEN\u00dcS - WEBSITE BESUCHEN","protected":false},"author":1,"featured_media":0,"parent":0,"menu_order":4,"comment_status":"closed","ping_status":"closed","template":"","meta":{"_acf_changed":false,"inline_featured_image":false,"footnotes":""},"class_list":["post-1641","page","type-page","status-publish","hentry"],"acf":[],"_links":{"self":[{"href":"https:\/\/www.hotelreehorst.nl\/de\/wp-json\/wp\/v2\/pages\/1641","targetHints":{"allow":["GET"]}}],"collection":[{"href":"https:\/\/www.hotelreehorst.nl\/de\/wp-json\/wp\/v2\/pages"}],"about":[{"href":"https:\/\/www.hotelreehorst.nl\/de\/wp-json\/wp\/v2\/types\/page"}],"author":[{"embeddable":true,"href":"https:\/\/www.hotelreehorst.nl\/de\/wp-json\/wp\/v2\/users\/1"}],"replies":[{"embeddable":true,"href":"https:\/\/www.hotelreehorst.nl\/de\/wp-json\/wp\/v2\/comments?post=1641"}],"version-history":[{"count":53,"href":"https:\/\/www.hotelreehorst.nl\/de\/wp-json\/wp\/v2\/pages\/1641\/revisions"}],"predecessor-version":[{"id":4415,"href":"https:\/\/www.hotelreehorst.nl\/de\/wp-json\/wp\/v2\/pages\/1641\/revisions\/4415"}],"wp:attachment":[{"href":"https:\/\/www.hotelreehorst.nl\/de\/wp-json\/wp\/v2\/media?parent=1641"}],"curies":[{"name":"wp","href":"https:\/\/api.w.org\/{rel}","templated":true}]}}