{"id":1677,"date":"2023-06-09T11:52:46","date_gmt":"2023-06-09T09:52:46","guid":{"rendered":"https:\/\/www.hotelreehorst.nl\/fruehstuecksbuffet\/"},"modified":"2026-01-14T12:16:49","modified_gmt":"2026-01-14T10:16:49","slug":"fruehstuecksbuffet","status":"publish","type":"page","link":"https:\/\/www.hotelreehorst.nl\/de\/fruehstuecksbuffet\/","title":{"rendered":"Fr\u00fchst\u00fccksbuffet"},"content":{"rendered":"<div class=\"wpb-content-wrapper\"><p>[vc_section][vc_row][vc_column][header afbeelding=&#8220;828&#8243; titel=&#8220;Ontbijtbuffet&#8220;]<\/p>\n<p style=\"text-align: center;\">Ein Tag beginnt immer gut mit einem leckeren Fr\u00fchst\u00fcck! Am reichhaltigen Fr\u00fchst\u00fccksbuffet genie\u00dfen Sie warme Croissants, frisch gepressten Orangensaft und eine Auswahl an Omelettes!<\/p>\n<p style=\"text-align: center;\"><strong>\u00d6ffnungszeiten<\/strong><br \/>\nMontag &#8211; Sonntag: <strong>07.00 &#8211; 10.30<\/strong><\/p>\n<p>[\/header][\/vc_column][\/vc_row][\/vc_section][vc_section][vc_row][vc_column][blokken][blok_gallery gallery=&#8220;829&#8243;][\/blok_gallery][blok_tekst titel=&#8220;Ovenverse croissants&#8220; icoon_afbeelding=&#8220;253&#8243;]Oft riecht man sie schon von weitem: unsere knusprigen Croissants, die jeden Morgen frisch gebacken werden. Nehmen Sie so viele, wie Sie wollen! Sie k\u00f6nnen aus allen m\u00f6glichen Bel\u00e4gen w\u00e4hlen, vom Veluwe-Backschinken bis hin zu zuckers\u00fc\u00dfen Konfit\u00fcren von lokalen Obstbauern![\/blok_tekst][\/blokken][blokken][blok_tekst titel=&#8220;Eggs unlimited&#8220; icoon_afbeelding=&#8220;253&#8243;]Bei einem guten Fr\u00fchst\u00fcck d\u00fcrfen frische Eier nicht fehlen! Sie haben die Wahl zwischen R\u00fchrei, Spiegelei und verschiedenen Omeletts mit und ohne Fleisch, zubereitet aus Barneveld-Eiern von lokalen Bauern.[\/blok_tekst][blok_gallery gallery=&#8220;830&#8243;][\/blok_gallery][\/blokken][\/vc_column][\/vc_row][\/vc_section][vc_section][vc_row][vc_column][blokken][blok_map lat=&#8220;52.0243373&#8243; lng=&#8220;5.6693973&#8243; zoom=&#8220;8&#8243; marker_lat=&#8220;52.0245642&#8243; marker_lng=&#8220;5.671468&#8243;][\/blok_map][blok_tekst titel=&#8220;LIGGING&#8220; link=&#8220;url:https%3A%2F%2Fwww.google.nl%2Fmaps%2Fdir%2F%2FReehorst%2BHotel%2F|title:Plan%20je%20route|target:%20_blank|&#8220;]<\/p>\n<ul class=\"check\">\n<li>Zentral in den Niederlanden an der Veluwe<\/li>\n<li>Schnelle und einfache Erreichbarkeit mit Auto und Zug<\/li>\n<li>Kostenloses Parken im eigenen Parkhaus<\/li>\n<li>Bahnhof Ede-Wageningen in 3 Minuten.<\/li>\n<li>Einkaufen in Arnheim, Nijmegen und Utrecht<\/li>\n<li>In der N\u00e4he von Park de Hoge Veluwe und dem Kr\u00f6ller-M\u00fcller-Museum<\/li>\n<\/ul>\n<p>[\/blok_tekst][\/blokken][\/vc_column][\/vc_row][\/vc_section]<\/p>\n<\/div>","protected":false},"excerpt":{"rendered":"<p>[vc_section][vc_row][vc_column][header afbeelding=&#8220;828&#8243; titel=&#8220;Ontbijtbuffet&#8220;] Ein Tag beginnt immer gut mit einem leckeren Fr\u00fchst\u00fcck! Am reichhaltigen Fr\u00fchst\u00fccksbuffet genie\u00dfen Sie warme Croissants, frisch gepressten Orangensaft und eine Auswahl an Omelettes! \u00d6ffnungszeiten Montag &#8211; Sonntag: 07.00 &#8211; 10.30 [\/header][\/vc_column][\/vc_row][\/vc_section][vc_section][vc_row][vc_column][blokken][blok_gallery<\/p>\n","protected":false},"author":1,"featured_media":0,"parent":0,"menu_order":6,"comment_status":"closed","ping_status":"closed","template":"","meta":{"_acf_changed":false,"inline_featured_image":false,"footnotes":""},"class_list":["post-1677","page","type-page","status-publish","hentry"],"acf":[],"_links":{"self":[{"href":"https:\/\/www.hotelreehorst.nl\/de\/wp-json\/wp\/v2\/pages\/1677","targetHints":{"allow":["GET"]}}],"collection":[{"href":"https:\/\/www.hotelreehorst.nl\/de\/wp-json\/wp\/v2\/pages"}],"about":[{"href":"https:\/\/www.hotelreehorst.nl\/de\/wp-json\/wp\/v2\/types\/page"}],"author":[{"embeddable":true,"href":"https:\/\/www.hotelreehorst.nl\/de\/wp-json\/wp\/v2\/users\/1"}],"replies":[{"embeddable":true,"href":"https:\/\/www.hotelreehorst.nl\/de\/wp-json\/wp\/v2\/comments?post=1677"}],"version-history":[{"count":14,"href":"https:\/\/www.hotelreehorst.nl\/de\/wp-json\/wp\/v2\/pages\/1677\/revisions"}],"predecessor-version":[{"id":4753,"href":"https:\/\/www.hotelreehorst.nl\/de\/wp-json\/wp\/v2\/pages\/1677\/revisions\/4753"}],"wp:attachment":[{"href":"https:\/\/www.hotelreehorst.nl\/de\/wp-json\/wp\/v2\/media?parent=1677"}],"curies":[{"name":"wp","href":"https:\/\/api.w.org\/{rel}","templated":true}]}}