{"id":1679,"date":"2018-06-12T15:58:49","date_gmt":"2018-06-12T15:58:49","guid":{"rendered":"https:\/\/www.hotelreehorst.nl\/haftungsausschluss-datenschutz\/"},"modified":"2023-11-07T14:32:08","modified_gmt":"2023-11-07T14:32:08","slug":"haftungsausschluss-datenschutz","status":"publish","type":"page","link":"https:\/\/www.hotelreehorst.nl\/de\/haftungsausschluss-datenschutz\/","title":{"rendered":"Haftungsausschluss &amp; Datenschutz"},"content":{"rendered":"<div class=\"wpb-content-wrapper\"><p>[vc_section css=&#8220;.vc_custom_1528285441211{padding-top: 3% !important;padding-bottom: 3% !important;background-color: #000000 !important;}&#8220;][vc_row][vc_column css=&#8220;.vc_custom_1528305998047{padding-top: 4em !important;padding-right: 2em !important;padding-bottom: 2em !important;padding-left: 2em !important;}&#8220;][vc_column_text]<\/p>\n<h2 style=\"text-align: center;\"><small>HAFTUNGSAUSSCHLUSS &amp; DATENSCHUTZERKL\u00c4RUNG<\/small><\/h2>\n<p>[\/vc_column_text][\/vc_column][\/vc_row][vc_row el_class=&#8220;max-width-1000&#8243;][vc_column][vc_column_text]<strong>Inhalt und Verf\u00fcgbarkeit der Website<\/strong><\/p>\n<ol>\n<li>Der Inhalt dieser Website wurde mit gr\u00f6\u00dftm\u00f6glicher Sorgfalt zusammengestellt und gepflegt. Die ReeHorst ergreift die nach vern\u00fcnftigem Ermessen m\u00f6glichen technischen und organisatorischen Ma\u00dfnahmen f\u00fcr die Sicherheit und den Schutz ihrer Systeme. Dennoch \u00fcbernimmt De ReeHorst keine Gew\u00e4hr f\u00fcr die Richtigkeit der auf dieser Website enthaltenen Informationen;<\/li>\n<li>Die ReeHorst \u00fcbernimmt jedoch keine Gew\u00e4hr und haftet nicht f\u00fcr den st\u00e4ndigen oder nicht st\u00e4ndigen und fehlerfreien Betrieb der Website, die Richtigkeit, Vollst\u00e4ndigkeit und Aktualit\u00e4t der Informationen auf der Website. Au\u00dferdem kann De ReeHorst nicht garantieren, dass die Website oder ein Teil davon immer verf\u00fcgbar ist oder dass der Datenverkehr \u00fcber die Website immer ordnungsgem\u00e4\u00df abgewickelt werden kann;<\/li>\n<li>Soweit diese Website Verweise (&#8222;Hyperlinks&#8220;) auf Websites Dritter enth\u00e4lt, \u00fcbernimmt De ReeHorst keine Verantwortung oder Haftung f\u00fcr deren Inhalte;<\/li>\n<li>Die ReeHorst ist berechtigt, die Daten und Funktionalit\u00e4ten auf der Website jederzeit ohne Vorank\u00fcndigung (ganz oder teilweise) zu \u00e4ndern und\/oder den Zugang zu den dort angebotenen Diensten (teilweise) zu sperren. ReeHorst haftet nicht f\u00fcr Sch\u00e4den, die durch die Ver\u00e4nderung von Daten oder Diensten entstehen, oder f\u00fcr Sch\u00e4den, die durch die Verweigerung des Zugangs zu den auf der Website angebotenen Diensten entstehen;<\/li>\n<li>Alle angegebenen Preise verstehen sich, sofern nicht anders angegeben, zuz\u00fcglich 21% Mehrwertsteuer.<\/li>\n<\/ol>\n<p>&nbsp;<\/p>\n<p><strong>Nutzung der Website<\/strong><\/p>\n<ol>\n<li>Die unbefugte Nutzung (von Teilen) dieser Website kann gegen das Urheberrecht, das Markenrecht oder andere Vorschriften und Gesetze versto\u00dfen und ist daher ausdr\u00fccklich verboten;<\/li>\n<li>Die Informationen auf dieser Website sind f\u00fcr den pers\u00f6nlichen Gebrauch bestimmt. Jede andere Verwendung des Inhalts dieser Website (einschlie\u00dflich Texte, grafisches Material, Logos, Designs, Ton und andere Objekte des geistigen Eigentums) wie das Kopieren, Anpassen, Reproduzieren, Ver\u00f6ffentlichen und Verbreiten ist nicht gestattet, es sei denn, The ReeHorst hat seine ausdr\u00fcckliche schriftliche Zustimmung erteilt;<\/li>\n<li>Sie haften f\u00fcr Sch\u00e4den, die The ReeHorst infolge Ihrer Handlungen oder Unterlassungen erleidet, sofern diese Ihnen zugerechnet werden k\u00f6nnen. Sollten Dritte infolgedessen Schadenersatzanspr\u00fcche gegen\u00fcber The ReeHorst geltend machen, werden Sie The ReeHorst von diesen Anspr\u00fcchen freistellen;<\/li>\n<li>Die ReeHorst ist berechtigt, die Bedingungen der Website ohne vorherige Mitteilung an den Benutzer zu \u00e4ndern.<\/li>\n<\/ol>\n<p>[\/vc_column_text][\/vc_column][\/vc_row][vc_row][vc_column css=&#8220;.vc_custom_1528285550123{padding-top: 2em !important;padding-bottom: 4em !important;}&#8220;][button align_options=&#8220;text-center&#8220; button_options=&#8220;hollow&#8220; button_size=&#8220;large&#8220; label=&#8220;MEHR \u00dcBER REEHORST&#8220; link=&#8220;url:https%3A%2F%2Fhotelreehorst.nl%2Fabout%2F|||&#8220; css_class=&#8220;white&#8220;][\/vc_column][\/vc_row][\/vc_section]<\/p>\n<\/div>","protected":false},"excerpt":{"rendered":"<p>[vc_section css=&#8220;.vc_custom_1528285441211{padding-top: 3% !important;padding-bottom: 3% !important;background-color: #000000 !important;}&#8220;][vc_row][vc_column css=&#8220;.vc_custom_1528305998047{padding-top: 4em !important;padding-right: 2em !important;padding-bottom: 2em !important;padding-left: 2em !important;}&#8220;][vc_column_text] HAFTUNGSAUSSCHLUSS &amp; DATENSCHUTZERKL\u00c4RUNG [\/vc_column_text][\/vc_column][\/vc_row][vc_row el_class=&#8220;max-width-1000&#8243;][vc_column][vc_column_text]Inhalt und Verf\u00fcgbarkeit der Website Der Inhalt dieser Website wurde mit gr\u00f6\u00dftm\u00f6glicher Sorgfalt zusammengestellt<\/p>\n","protected":false},"author":1,"featured_media":0,"parent":0,"menu_order":99,"comment_status":"closed","ping_status":"closed","template":"","meta":{"_acf_changed":false,"inline_featured_image":false,"footnotes":""},"class_list":["post-1679","page","type-page","status-publish","hentry"],"acf":[],"_links":{"self":[{"href":"https:\/\/www.hotelreehorst.nl\/de\/wp-json\/wp\/v2\/pages\/1679","targetHints":{"allow":["GET"]}}],"collection":[{"href":"https:\/\/www.hotelreehorst.nl\/de\/wp-json\/wp\/v2\/pages"}],"about":[{"href":"https:\/\/www.hotelreehorst.nl\/de\/wp-json\/wp\/v2\/types\/page"}],"author":[{"embeddable":true,"href":"https:\/\/www.hotelreehorst.nl\/de\/wp-json\/wp\/v2\/users\/1"}],"replies":[{"embeddable":true,"href":"https:\/\/www.hotelreehorst.nl\/de\/wp-json\/wp\/v2\/comments?post=1679"}],"version-history":[{"count":10,"href":"https:\/\/www.hotelreehorst.nl\/de\/wp-json\/wp\/v2\/pages\/1679\/revisions"}],"predecessor-version":[{"id":1732,"href":"https:\/\/www.hotelreehorst.nl\/de\/wp-json\/wp\/v2\/pages\/1679\/revisions\/1732"}],"wp:attachment":[{"href":"https:\/\/www.hotelreehorst.nl\/de\/wp-json\/wp\/v2\/media?parent=1679"}],"curies":[{"name":"wp","href":"https:\/\/api.w.org\/{rel}","templated":true}]}}