{"id":1800,"date":"2021-06-15T11:51:02","date_gmt":"2021-06-15T09:51:02","guid":{"rendered":"https:\/\/www.hotelreehorst.nl\/zimmer\/pakete\/"},"modified":"2026-04-13T16:26:00","modified_gmt":"2026-04-13T14:26:00","slug":"pakete","status":"publish","type":"page","link":"https:\/\/www.hotelreehorst.nl\/de\/zimmer\/pakete\/","title":{"rendered":"Arrangements"},"content":{"rendered":"<div class=\"wpb-content-wrapper\"><p>[vc_row][vc_column][header afbeelding=&#8220;289&#8243; titel=&#8220;Arrangementen&#8220;]Entdecken Sie unsere kompletten Hotelpakete, ideal f\u00fcr Radfahrer, die die Veluwe erkunden m\u00f6chten, Familien, die ein Wochenende wegfahren m\u00f6chten, Konzertbesucher im GelreDome und Paare, die einen romantischen Hotelaufenthalt w\u00fcnschen. Profitieren Sie von exklusiven Angeboten! [\/header][voordelen titel=&#8220;Compleet verzorgd&#8220; voordelen=&#8220;&#8220; link=&#8220;https:\/\/app.mews.com\/distributor\/8a336670-0225-4499-b741-b06600f00b4d&#8220; vanaf=&#8220;Al te boeken vanaf \u20ac 59,50 p.p.&#8220;][\/vc_column][\/vc_row][vc_row][vc_column][blokken][blok_gallery gallery=&#8220;5646&#8243;][\/blok_gallery][blok_tekst titel=&#8220;HALFPENSION ARRANGEMENT&#8220; icoon_afbeelding=&#8220;361&#8243; link=&#8220;url:https%3A%2F%2Fwww.hotelreehorst.nl%2Fwp-content%2Fuploads%2F2026%2F04%2FSharing-Diner-Website-PDF.pdf|title:Shared%20Dining%20Menu|target:_blank&#8220;]<\/p>\n<p class=\"p1\"><span class=\"s1\">Ein sch\u00f6ner kompletter Hotelaufenthalt mit einer \u00dcbernachtung im gem\u00fctlichen Boutique-King-Zimmer, einer 3-G\u00e4nge-Degustation im ZUZU Restaurant-Bar und einem unbegrenzten Fr\u00fchst\u00fccksbuffet. Buchbar ab zwei Personen. Das Abendessen findet am Tag der Ankunft statt.  <\/span><\/p>\n<p>Im Halbpensionspaket enthalten<\/p>\n<ul>\n<li style=\"text-align: left;\">\u00dcbernachtung im Boutique King Zimmer<\/li>\n<li style=\"text-align: left;\">1x 3-G\u00e4nge-Gemeinschaftsessen im ZUZU Restaurant-Bar am Tag der Ankunft<\/li>\n<li style=\"text-align: left;\">Unbegrenztes Fr\u00fchst\u00fccksbuffet im Atelier Restaurant<\/li>\n<\/ul>\n<p>[beschikbaarheid nowrapper=&#8220;1&#8243; link=&#8220;https:\/\/app.mews.com\/distributor\/a0366c2b-5d78-43cc-8def-b4250084fa36&#8243; titel=&#8220;Check beschikbaarheid&#8220; slogan=&#8220; &#8222;]<\/p>\n<p>[\/blok_tekst][\/blokken][blokken zeshoek_tonen=&#8220;true&#8220;][blok_tekst titel=&#8220;3-DAAGS ARRANGEMENT&#8220; icoon_afbeelding=&#8220;361&#8243; link=&#8220;url:https%3A%2F%2Fwww.hotelreehorst.nl%2Fwp-content%2Fuploads%2F2026%2F04%2FSharing-Diner-Website-PDF.pdf|title:Shared%20Dining%20Menu|target:_blank&#8220;]Ein sch\u00f6ner kompletter Hotelaufenthalt mit zwei \u00dcbernachtungen in einem gem\u00fctlichen Boutique-King-Zimmer, 1x 3-G\u00e4nge-Degustationsmen\u00fc im ZUZU Restaurant-Bar und zweimal unbegrenztes komplettes Fr\u00fchst\u00fccksbuffet. Kaffee und Apfelkuchen sind im Preis inbegriffen. Buchbar f\u00fcr zwei Personen oder mehr. Das Abendessen findet am Tag der Ankunft statt.   <\/p>\n<p>Im 3-Tage-Paket inbegriffen<\/p>\n<ul>\n<li style=\"text-align: left;\">2 N\u00e4chte im Boutique King Zimmer<\/li>\n<li style=\"text-align: left;\">1x 3-G\u00e4nge-Degustationsmen\u00fc im ZUZU Restaurant-Bar am Tag der Ankunft<\/li>\n<li style=\"text-align: left;\">2x Unbegrenztes Fr\u00fchst\u00fccksbuffet im Atelier Restaurant<\/li>\n<li style=\"text-align: left;\">Kostenloser Apfelkuchen und Kaffee<\/li>\n<\/ul>\n<p>[beschikbaarheid nowrapper=&#8220;1&#8243; link=&#8220;https:\/\/app.mews.com\/distributor\/5b00a534-2bf4-47c4-bc95-b42500872344&#8243; titel=&#8220;Check beschikbaarheid&#8220; slogan=&#8220; &#8222;]<\/p>\n<p>[\/blok_tekst][blok_gallery gallery=&#8220;5638&#8243;][\/blok_gallery][\/blokken][blokken zeshoek_tonen=&#8220;true&#8220;][blok_gallery gallery=&#8220;4937&#8243;][\/blok_gallery][blok_tekst titel=&#8220;DINER DEAL ARRANGEMENT&#8220; icoon_afbeelding=&#8220;361&#8243; link=&#8220;url:https%3A%2F%2Fwww.hotelreehorst.nl%2Fwp-content%2Fuploads%2F2026%2F04%2FSharing-Diner-Website-PDF.pdf|title:Shared%20Dining%20Menu|target:_blank&#8220;]Ein sch\u00f6ner kompletter Hotelaufenthalt in einem gem\u00fctlichen Boutique-King-Zimmer und 1x 3-G\u00e4nge-Degustationsmen\u00fc im ZUZU Restaurant-Bar. Buchbar ab 2 Personen. <\/p>\n<p>Im Dinner Deal Paket inbegriffen:<\/p>\n<ul>\n<li>Zwei N\u00e4chte im Boutique King Zimmer<\/li>\n<li>1x 3-G\u00e4nge-Degustationsmen\u00fc im ZUZU Restaurant-Bar am Tag der Ankunft<\/li>\n<\/ul>\n<p>[beschikbaarheid nowrapper=&#8220;1&#8243; link=&#8220;https:\/\/app.mews.com\/distributor\/1024a6fc-27b2-4472-9cf9-b4250086354b&#8220; titel=&#8220;Check beschikbaarheid&#8220; slogan=&#8220; &#8222;]<\/p>\n<p>[\/blok_tekst][\/blokken][blokken zeshoek_tonen=&#8220;true&#8220;][blok_tekst titel=&#8220;50+ MINI VAKANTIE ARRANGEMENT&#8220; icoon_afbeelding=&#8220;361&#8243;]M\u00f6chten Sie g\u00fcnstig verreisen, mit einem kompletten Hotelpaket? Je mehr N\u00e4chte Sie bleiben, desto mehr Rabatt erhalten Sie! \u00dcbernachten Sie in einem Standard Twin Room oder einem Boutique King Room und genie\u00dfen Sie ein k\u00f6stliches Drei-G\u00e4nge-Wahlmen\u00fc, ein unbegrenztes Fr\u00fchst\u00fccksbuffet und einen Gutschein f\u00fcr kostenlosen Apfelkuchen und Kaffee! Buchbar zwischen Montag und Samstag.   <\/p>\n<p>Inbegriffen im 50+ Paket: Buchbar f\u00fcr 1, 2 oder 3 N\u00e4chte! Je l\u00e4nger Sie bleiben, desto mehr Rabatt erhalten Sie!<br \/>\n<em>Nat\u00fcrlich kann jeder dieses Paket buchen, auch unter 50!  <\/em><\/p>\n<ul>\n<li style=\"text-align: left;\">\u00dcbernachtung im Standard-Zweibettzimmer oder Boutique-King-Zimmer<\/li>\n<li style=\"text-align: left;\">3-G\u00e4nge-Wahlmen\u00fc in der ZUZU K\u00fcche-Bar<\/li>\n<li style=\"text-align: left;\">Unbegrenztes Fr\u00fchst\u00fccksbuffet im Atelier Restaurant<\/li>\n<li style=\"text-align: left;\">Kostenloser Apfelkuchen und Kaffee<\/li>\n<\/ul>\n<p>[beschikbaarheid nowrapper=&#8220;1&#8243; link=&#8220;https:\/\/app.mews.com\/distributor\/8a336670-0225-4499-b741-b06600f00b4d&#8220; titel=&#8220;Check beschikbaarheid&#8220; slogan=&#8220; &#8222;][\/blok_tekst][blok_gallery gallery=&#8220;5475&#8243;][\/blok_gallery][\/blokken][blokken zeshoek_tonen=&#8220;true&#8220;][blok_gallery gallery=&#8220;5479&#8243;][\/blok_gallery][blok_tekst titel=&#8220;LOVE HOTEL ARRANGEMENT&#8220; icoon_afbeelding=&#8220;361&#8243;]Romantisches und erschwingliches Vergn\u00fcgen? Mit dem Love Hotel-Paket \u00fcberraschen Sie Ihren Partner mit einem romantisch dekorierten Zimmer: Rosenbl\u00fcten, Pralinen und ein Helium-Herzballon. <\/p>\n<p>Im Love Hotel Paket inbegriffen<\/p>\n<ul>\n<li style=\"text-align: left;\">\u00dcbernachtung im Standard-Zweibettzimmer oder Boutique-King-Zimmer<\/li>\n<li style=\"text-align: left;\">Liebespaket: Rosenbl\u00fcten, Pralinen, Helium-Herzballon<\/li>\n<\/ul>\n<p>[beschikbaarheid nowrapper=&#8220;1&#8243; link=&#8220;https:\/\/app.mews.com\/distributor\/8a336670-0225-4499-b741-b06600f00b4d&#8220; titel=&#8220;Check beschikbaarheid&#8220; slogan=&#8220; &#8222;][\/blok_tekst][\/blokken][blokken zeshoek_tonen=&#8220;true&#8220;][blok_tekst titel=&#8220;GELREDOME HOTEL ARRANGEMENT&#8220; icoon_afbeelding=&#8220;361&#8243;]Beenden Sie ein Konzert, eine Party oder eine Veranstaltung im Gelredome auf eine besonders festliche Weise mit einem komfortablen Hotelaufenthalt in der N\u00e4he. Das Gelredome-Paket ist perfekt f\u00fcr Veranstaltungsbesucher, die \u00fcberf\u00fcllte Z\u00fcge oder lange Fahrtzeiten vermeiden m\u00f6chten. Profitieren Sie von diesem vorteilhaften Paket!  <\/p>\n<p>Im Gelredome Hotel-Paket inbegriffen:<\/p>\n<ul>\n<li style=\"text-align: left;\">\u00dcbernachtung im Standard Twin oder Boutique King Zimmer<\/li>\n<li style=\"text-align: left;\">Unbegrenztes Fr\u00fchst\u00fccksbuffet<\/li>\n<\/ul>\n<p>[beschikbaarheid nowrapper=&#8220;1&#8243; link=&#8220;https:\/\/app.mews.com\/distributor\/8a336670-0225-4499-b741-b06600f00b4d&#8220; titel=&#8220;Check beschikbaarheid&#8220; slogan=&#8220; &#8222;][\/blok_tekst][blok_gallery gallery=&#8220;3628&#8220;][\/blok_gallery][\/blokken][\/vc_column][\/vc_row][vc_row][vc_column][\/vc_column][\/vc_row]<\/p>\n<\/div>","protected":false},"excerpt":{"rendered":"DIE VORTEILE DES HOTELS REEHORST Zentral in den Niederlanden an der Veluwe. Ausgezeichnet mit 4 Sternen und vielen Preisen, darunter Gewinner des Preises \"Mooiste Suites van Nederland\"! Alle Zimmer sind Nichtraucherzimmer und klimatisiert Die Rezeption","protected":false},"author":1,"featured_media":0,"parent":1565,"menu_order":0,"comment_status":"closed","ping_status":"closed","template":"","meta":{"_acf_changed":false,"inline_featured_image":false,"footnotes":""},"class_list":["post-1800","page","type-page","status-publish","hentry"],"acf":[],"_links":{"self":[{"href":"https:\/\/www.hotelreehorst.nl\/de\/wp-json\/wp\/v2\/pages\/1800","targetHints":{"allow":["GET"]}}],"collection":[{"href":"https:\/\/www.hotelreehorst.nl\/de\/wp-json\/wp\/v2\/pages"}],"about":[{"href":"https:\/\/www.hotelreehorst.nl\/de\/wp-json\/wp\/v2\/types\/page"}],"author":[{"embeddable":true,"href":"https:\/\/www.hotelreehorst.nl\/de\/wp-json\/wp\/v2\/users\/1"}],"replies":[{"embeddable":true,"href":"https:\/\/www.hotelreehorst.nl\/de\/wp-json\/wp\/v2\/comments?post=1800"}],"version-history":[{"count":56,"href":"https:\/\/www.hotelreehorst.nl\/de\/wp-json\/wp\/v2\/pages\/1800\/revisions"}],"predecessor-version":[{"id":5811,"href":"https:\/\/www.hotelreehorst.nl\/de\/wp-json\/wp\/v2\/pages\/1800\/revisions\/5811"}],"up":[{"embeddable":true,"href":"https:\/\/www.hotelreehorst.nl\/de\/wp-json\/wp\/v2\/pages\/1565"}],"wp:attachment":[{"href":"https:\/\/www.hotelreehorst.nl\/de\/wp-json\/wp\/v2\/media?parent=1800"}],"curies":[{"name":"wp","href":"https:\/\/api.w.org\/{rel}","templated":true}]}}