{"id":3784,"date":"2024-08-30T12:39:19","date_gmt":"2024-08-30T10:39:19","guid":{"rendered":"https:\/\/www.hotelreehorst.nl\/stellenangebote\/"},"modified":"2025-07-08T14:23:40","modified_gmt":"2025-07-08T12:23:40","slug":"stellenangebote","status":"publish","type":"page","link":"https:\/\/www.hotelreehorst.nl\/de\/stellenangebote\/","title":{"rendered":"Stellenangebote"},"content":{"rendered":"<div class=\"wpb-content-wrapper\"><p>[vc_section][vc_row][vc_column][header afbeelding=&#8220;2779&#8243; titel=&#8220;Vacatures ReeHorst Zalen &amp; Hotel&#8220;]ReeHorst ist erfolgreich, stilvoll und entwickelt sich st\u00e4ndig weiter! Wir bieten ein komplettes und einzigartiges Gastfreundschaftserlebnis unter einem Dach. Das ReeHorst Zalencentrum verf\u00fcgt \u00fcber 39 R\u00e4ume, darunter 3 Theater und 2 neue Veranstaltungsorte im Freien f\u00fcr erfolgreiche gesch\u00e4ftliche und festliche Veranstaltungen mit 2 bis 2000 G\u00e4sten. Beliebt f\u00fcr Konferenzen, Schulungen, Messen und Tagungen. Und die sch\u00f6nsten Hochzeiten und Partys!    <\/p>\n<p>Das 4-Sterne RH Hotel verf\u00fcgt \u00fcber 81 (Boutique-)Zimmer, darunter 12 luxuri\u00f6se Suiten mit Whirlpool. Bereits 5 Mal Gewinner der Auszeichnung &#8222;Mooiste Suites van Nederland&#8220;. Dar\u00fcber hinaus k\u00f6nnen unsere G\u00e4ste das Atelier Grill Restaurant und den ZUZU Cocktail Club sowie die Tropical Terrace genie\u00dfen.  <\/p>\n<p>W\u00fcrden Sie gerne in einem enthusiastischen und professionellen Team arbeiten? Mit netten Kollegen, f\u00fcr nette G\u00e4ste? Mit angenehmen (flexiblen) Arbeitszeiten? Mit viel Selbstst\u00e4ndigkeit und vielen M\u00f6glichkeiten zur Weiterentwicklung? Und ein sehr gutes Gehalt und ausgezeichnete Zusatzleistungen?    <\/p>\n<p>Dann bewerben Sie sich auf eine der unten aufgef\u00fchrten Stellen![\/header][\/vc_column][\/vc_row][\/vc_section][vc_section css=&#8220;.vc_custom_1720088483585{background-color: #000000 !important;}&#8220;][vc_row][vc_column][vc_column_text]\r\n\t\t<section class=\"faq vacancies full\">\r\n\r\n\t\t\t\r\n\t\t\t<\/section>\r\n\r\n<script>\r\nconst groups = document.querySelectorAll(\"details:not(.vacancy)\");\r\nconst vacancies = document.querySelectorAll(\"details.vacancy\");\r\n\r\ngroups.forEach((detail) => {\r\n  detail.addEventListener(\"toggle\", () => {\r\n    \/\/ if (detail.open) setTargetGroup(detail);\r\n  });\r\n});\r\n\t\r\nvacancies.forEach((detail) => {\r\n  detail.addEventListener(\"toggle\", () => {\r\n    if (detail.open) setTargetDetail(detail);\r\n  });\r\n});\r\n\r\nfunction setTargetGroup(targetDetail) {\r\n  groups.forEach((detail) => {\r\n    if (detail !== targetDetail) {\r\n      detail.open = false;\r\n    }\r\n  });\r\n}\r\n\r\nfunction setTargetDetail(targetDetail) {\r\n  vacancies.forEach((detail) => {\r\n    if (detail !== targetDetail) {\r\n      detail.open = false;\r\n    }\r\n  });\r\n}\r\n<\/script>\r\n\r\n\t\t[\/vc_column_text][\/vc_column][\/vc_row][\/vc_section][vc_section][vc_row][vc_column][\/vc_column][\/vc_row][\/vc_section]<\/p>\n<\/div>","protected":false},"excerpt":{"rendered":"<p>[vc_section][vc_row][vc_column][header afbeelding=&#8220;2779&#8243; titel=&#8220;Vacatures ReeHorst Zalen &amp; Hotel&#8220;]ReeHorst ist erfolgreich, stilvoll und entwickelt sich st\u00e4ndig weiter! Wir bieten ein komplettes und einzigartiges Gastfreundschaftserlebnis unter einem Dach. Das ReeHorst Zalencentrum verf\u00fcgt \u00fcber 39 R\u00e4ume, darunter 3 Theater<\/p>\n","protected":false},"author":1,"featured_media":0,"parent":0,"menu_order":0,"comment_status":"closed","ping_status":"closed","template":"","meta":{"_acf_changed":false,"inline_featured_image":false,"footnotes":""},"class_list":["post-3784","page","type-page","status-publish","hentry"],"acf":[],"_links":{"self":[{"href":"https:\/\/www.hotelreehorst.nl\/de\/wp-json\/wp\/v2\/pages\/3784","targetHints":{"allow":["GET"]}}],"collection":[{"href":"https:\/\/www.hotelreehorst.nl\/de\/wp-json\/wp\/v2\/pages"}],"about":[{"href":"https:\/\/www.hotelreehorst.nl\/de\/wp-json\/wp\/v2\/types\/page"}],"author":[{"embeddable":true,"href":"https:\/\/www.hotelreehorst.nl\/de\/wp-json\/wp\/v2\/users\/1"}],"replies":[{"embeddable":true,"href":"https:\/\/www.hotelreehorst.nl\/de\/wp-json\/wp\/v2\/comments?post=3784"}],"version-history":[{"count":4,"href":"https:\/\/www.hotelreehorst.nl\/de\/wp-json\/wp\/v2\/pages\/3784\/revisions"}],"predecessor-version":[{"id":4519,"href":"https:\/\/www.hotelreehorst.nl\/de\/wp-json\/wp\/v2\/pages\/3784\/revisions\/4519"}],"wp:attachment":[{"href":"https:\/\/www.hotelreehorst.nl\/de\/wp-json\/wp\/v2\/media?parent=3784"}],"curies":[{"name":"wp","href":"https:\/\/api.w.org\/{rel}","templated":true}]}}