{"id":3843,"date":"2025-01-31T19:18:19","date_gmt":"2025-01-31T17:18:19","guid":{"rendered":"https:\/\/www.hotelreehorst.nl\/startseite-2025\/"},"modified":"2026-04-13T16:15:24","modified_gmt":"2026-04-13T14:15:24","slug":"startseite-2025","status":"publish","type":"page","link":"https:\/\/www.hotelreehorst.nl\/de\/","title":{"rendered":"Startseite"},"content":{"rendered":"<div class=\"wpb-content-wrapper\"><p>[vc_section css=&#8220;.vc_custom_1738250556828{background-color: #0f0f0f !important;}&#8220;][vc_row][vc_column][vc_column_text css=&#8220;&#8220;][header_slider][header_slider_item afbeelding=&#8220;4199&#8243; titel=&#8220;GENIESSEN<br \/>\nFEIERN<br \/>\nERLEBEN&#8220; omschrijving=&#8220;Hotel ReeHorst\u00a0is een viersterrenhotel in\u00a0Ede, centraal in Nederland. Dankzij de gunstige ligging nabij de\u00a0A12\u00a0en op loopafstand\u00a0Intercitystation Ede-Wageningen, is het hotel een goede locatie voor zakelijk verblijf, vergaderingen en congressen in de regio Gelderland. &#8220; background_position_mobile=&#8220;100% 50%&#8220;][\/header_slider_item]<\/p>\n<p>[header_slider_item afbeelding=&#8220;3857&#8243; titel=&#8220;GENIESSEN<br \/>\nFEIERN<br \/>\nERLEBEN&#8220; omschrijving=&#8220;Das Hotel ist auch der ideale Ausgangspunkt f\u00fcr einen Besuch des Nationalparks De Hoge Veluwe und des Kr\u00f6ller-M\u00fcller-Museums.&#8220;][\/header_slider_item]<\/p>\n<p>[header_slider_item afbeelding=&#8220;5462&#8243; titel=&#8220;GENIESSEN<br \/>\nFEIERN<br \/>\nERLEBEN&#8220; omschrijving=&#8220;  Es gibt Economy-Dreibettzimmer und Business-Standard-Zweibettzimmer sowie Familienzimmer f\u00fcr Familien, die die Gegend erkunden.&#8220; background_position=&#8220;80%&#8220;][\/header_slider_item]<\/p>\n<p>[header_slider_item afbeelding=&#8220;4207&#8243; titel=&#8220;GENIESSEN<br \/>\nFEIERN<br \/>\nERLEBEN&#8220; omschrijving=&#8220;F\u00fcr ein besonderes Aufenthaltserlebnis bietet das Hotel ReeHorst stimmungsvolle Boutique-Zimmer, w\u00e4hrend die ber\u00fchmt luxuri\u00f6sen XXL-Whirlpool-Suiten mit XXL-Whirlpool-Badewanne das ultimative Ziel f\u00fcr ein romantisches Wochenende oder eine luxuri\u00f6se Wellness\u00fcbernachtung in den Niederlanden sind.&#8220; background_position_mobile=&#8220;10%&#8220; background_position=&#8220;75%&#8220;][\/header_slider_item]<\/p>\n<p><!-- [header_slider_item afbeelding=\"4211\" titel=\"GENIESSEN SIE DAS FEIERN\" omschrijving=\"Das Hotel ReeHorst liegt zentral in den Niederlanden, in der N\u00e4he der Veluwe und bietet verschiedene Zimmertypen, von XXL-Whirlpool-Suiten und familienfreundlichen Familienzimmern bis hin zu Classic- und Boutique-Zimmern.\"][\/header_slider_item] --><br \/>\n[\/header_slider][\/vc_column_text][\/vc_column][\/vc_row][vc_row full_width=&#8220;stretch_row_content_no_spaces&#8220; el_class=&#8220;max-w-`{`1184px`}` mx-auto&#8220; css=&#8220;.vc_custom_1740410139016{padding-right: 1em !important;padding-left: 1em !important;}&#8220;][vc_column el_class=&#8220;text-center md:text-left&#8220;][vc_empty_space height=&#8220;3em&#8220; el_class=&#8220;hide-for-large&#8220;][vc_empty_space height=&#8220;3em&#8220; el_class=&#8220;hide-for-small show-for-large&#8220;][\/vc_column][\/vc_row][\/vc_section][vc_section full_width=&#8220;stretch_row&#8220; full_height=&#8220;yes&#8220; content_placement=&#8220;middle&#8220; disable_element=&#8220;yes&#8220; css=&#8220;.vc_custom_1738332619814{background-color: #0f0f0f !important;}&#8220;][vc_row][vc_column][vc_column_text css=&#8220;.vc_custom_1738251457834{padding-top: 25% !important;padding-right: 25% !important;padding-bottom: 25% !important;padding-left: 25% !important;}&#8220;]<\/p>\n<p style=\"text-align: center;\"><span style=\"color: #e999b1;\">Buchungsmodul-Code?<\/span><\/p>\n<p>[\/vc_column_text][\/vc_column][\/vc_row][\/vc_section][vc_section full_width=&#8220;stretch_row&#8220; content_placement=&#8220;middle&#8220; css=&#8220;.vc_custom_1740411192970{padding-top: 2em !important;padding-bottom: 2em !important;background-color: #0f0f0f !important;}&#8220;][vc_row][vc_column][vc_column_text css=&#8220;&#8220;][cta_slider titel=&#8220;Whirlpool-Suiten&#8220; omschrijving=&#8220;Voor een onvergetelijke ervaring biedt Hotel ReeHorst twaalf unieke\u00a0luxe XXL Bubbelbad Suites, speciaal ontworpen voor gasten die op zoek zijn naar de ultieme combinatie van\u00a0wellness, romantiek en ontspanning.&#8220; link=&#8220;url:%2Fde\/suiten%2F|title:Suiten%20ansehen&#8220; images=&#8220;3469,777,145,781&#8243; background_position_mobile=&#8220;35%&#8220;]<br \/>\n[cta_slider_item afbeelding=&#8220;3469&#8243; background_position_mobile=&#8220;35%&#8220;][\/cta_slider_item]<br \/>\n[cta_slider_item afbeelding=&#8220;777&#8243; background_position_mobile=&#8220;0%&#8220;][\/cta_slider_item]<br \/>\n[cta_slider_item afbeelding=&#8220;145&#8243;][\/cta_slider_item]<br \/>\n[cta_slider_item afbeelding=&#8220;781&#8243; background_position_mobile=&#8220;75%&#8220;][\/cta_slider_item][\/cta_slider][\/vc_column_text][\/vc_column][\/vc_row][\/vc_section][vc_section full_width=&#8220;stretch_row&#8220; content_placement=&#8220;middle&#8220; css=&#8220;.vc_custom_1738345301000{padding-top: 2em !important;padding-bottom: 2em !important;background-color: #0f0f0f !important;}&#8220;][vc_row][vc_column][vc_column_text css=&#8220;&#8220;][cta_slider titel=&#8220;Hotelzimmer&#8220; omschrijving=&#8220;Sie suchen ein komfortables und erschwingliches Hotel? Unser Angebot reicht von erschwinglichen Dreibettzimmern und Business-Standardzimmern bis hin zu ger\u00e4umigen Familienzimmern und gem\u00fctlichen Boutique-Zimmern. Ob Sie beruflich unterwegs sind oder einen Wochenendausflug machen, das Hotel ReeHorst bietet f\u00fcr jedes Budget und jede Reisegruppe die ideale Unterkunft.  &#8220; link=&#8220;url:%2Fde\/zimmer%2F|title:Zimmer%20ansehen&#8220; images=&#8220;5470,2715,5466,4203&#8243; background_position_mobile=&#8220;65%&#8220;][cta_slider_item afbeelding=&#8220;5470&#8243; background_position_mobile=&#8220;25%&#8220;][\/cta_slider_item]<br \/>\n[cta_slider_item afbeelding=&#8220;2715&#8243; background_position_mobile=&#8220;25%&#8220;][\/cta_slider_item]<br \/>\n[cta_slider_item afbeelding=&#8220;5466&#8243; background_position_mobile=&#8220;35%&#8220;][\/cta_slider_item]<br \/>\n[cta_slider_item afbeelding=&#8220;4203&#8243; background_position_mobile=&#8220;35%&#8220;][\/cta_slider_item]<br \/>\n[\/cta_slider][\/vc_column_text][\/vc_column][\/vc_row][\/vc_section][vc_section full_width=&#8220;stretch_row&#8220; content_placement=&#8220;middle&#8220; css=&#8220;.vc_custom_1740409560737{padding-top: 2em !important;padding-bottom: 3em !important;background-color: #0f0f0f !important;}&#8220;][vc_row][vc_column][vc_empty_space height=&#8220;1em&#8220; el_class=&#8220;hide-for-small show-for-large&#8220;][vc_empty_space height=&#8220;3em&#8220; el_class=&#8220;hide-for-small show-for-large&#8220;][\/vc_column][\/vc_row][\/vc_section][vc_section content_placement=&#8220;middle&#8220; css=&#8220;.vc_custom_1740409828765{background-color: #0f0f0f !important;}&#8220;][vc_row el_class=&#8220;max-w-screen-2xl lg:!mx-auto&#8220;][vc_column css=&#8220;.vc_custom_1740409309169{padding-top: 2em !important;padding-bottom: 2em !important;}&#8220;][vc_column_text css=&#8220;&#8220;][cta_slider full_width=&#8220;1&#8243; titel=&#8220;Zuzu Restaurant-Bar&#8220; omschrijving=&#8220;Entdecken Sie die ZUZU Restaurant-Bar im Hotel ReeHorst in Ede: der Ort an der Veluwe f\u00fcr k\u00f6stliches und erschwingliches Essen. ZUZU kombiniert ein attraktives \u00e0 la carte Restaurant mit einer trendigen Cocktailbar. Ob Sie f\u00fcr ein \u00fcppiges Abendessen, einen gem\u00fctlichen Drink oder bunte Cocktails kommen, im ZUZU werden Sie den ganzen Tag genie\u00dfen.  &#8220; link=&#8220;url:%2Fzuzu-cocktail-club%2F|title:Meer%20Zuzu&#8220; images=&#8220;5351&#8243; logo=&#8220;4941&#8243;][cta_slider_item afbeelding=&#8220;5351&#8243;][\/cta_slider_item][\/cta_slider][\/vc_column_text][\/vc_column][\/vc_row][\/vc_section][vc_section content_placement=&#8220;middle&#8220; css=&#8220;.vc_custom_1740409828765{background-color: #0f0f0f !important;}&#8220;][vc_row el_class=&#8220;max-w-screen-2xl lg:!mx-auto&#8220;][vc_column width=&#8220;1\/2&#8243; css=&#8220;.vc_custom_1740409309169{padding-top: 2em !important;padding-bottom: 2em !important;}&#8220;][vc_column_text css=&#8220;&#8220;][cta_slider compact=&#8220;1&#8243; titel=&#8220;Hochzeiten &amp; Partys&#8220; omschrijving=&#8220;Sind Sie auf der Suche nach einem bezaubernden Hochzeitsort oder einem stimmungsvollen Bankettsaal mitten in den Niederlanden? Das Hotel ReeHorst in Ede (Gelderland) bietet mehrere einzigartige Hochzeitss\u00e4le und moderne Partylocations f\u00fcr jede Art von Veranstaltung. &#8220;\u00a0link=&#8220;url:https%3A%2F%2Fwww.reehorst.nl%2Ffeestelijke-events|title:Bezoek%20de%20website|target:_blank&#8220; images=&#8220;3587&#8243;][cta_slider_item afbeelding=&#8220;3587&#8243;][\/cta_slider_item][\/cta_slider][\/vc_column_text][\/vc_column][vc_column width=&#8220;1\/2&#8243; css=&#8220;.vc_custom_1740409302908{padding-top: 2em !important;padding-bottom: 2em !important;}&#8220;][vc_column_text css=&#8220;&#8220;][cta_slider compact=&#8220;1&#8243; titel=&#8220;Meetings &amp; Veranstaltungen&#8220; omschrijving=&#8220;Organisieren Sie Ihr n\u00e4chstes Gesch\u00e4ftstreffen an einem strategischen Ort mitten in den Niederlanden. Das Hotel ReeHorst ist auf Full-Service-Konferenzen, gro\u00df angelegte Ausstellungen und Firmenveranstaltungen spezialisiert. Von kompletten Tagungsarrangements bis hin zu komplexen mehrt\u00e4gigen Veranstaltungen: im ReeHorst ist jede Art von Gesch\u00e4ftsveranstaltung m\u00f6glich.  &#8220; link=&#8220;url:https%3A%2F%2Fwww.reehorst.nl%2Fzakelijke-events|title:Bezoek%20de%20website|target:_blank&#8220; images=&#8220;3681&#8243;][cta_slider_item afbeelding=&#8220;3681&#8243;][\/cta_slider_item][\/cta_slider][vc_empty_space height=&#8220;4em&#8220; el_class=&#8220;hide-for-small show-for-large&#8220;][\/vc_column_text][\/vc_column][\/vc_row][\/vc_section][vc_section full_width=&#8220;stretch_row&#8220; content_placement=&#8220;middle&#8220; disable_element=&#8220;yes&#8220; css=&#8220;.vc_custom_1740410590891{padding-top: 2em !important;padding-bottom: 4em !important;background-color: #0f0f0f !important;}&#8220;][vc_row][vc_column][\/vc_column][\/vc_row][\/vc_section]<\/p>\n<\/div>","protected":false},"excerpt":{"rendered":"<p>[vc_section css=&#8220;.vc_custom_1738250556828{background-color: #0f0f0f !important;}&#8220;][vc_row][vc_column][vc_column_text css=&#8220;&#8220;][header_slider][header_slider_item afbeelding=&#8220;4199&#8243; titel=&#8220;GENIESSEN FEIERN ERLEBEN&#8220; omschrijving=&#8220;Hotel ReeHorst\u00a0is een viersterrenhotel in\u00a0Ede, centraal in Nederland. Dankzij de gunstige ligging nabij de\u00a0A12\u00a0en op loopafstand\u00a0Intercitystation Ede-Wageningen, is het hotel een goede locatie voor zakelijk verblijf,<\/p>\n","protected":false},"author":1,"featured_media":0,"parent":0,"menu_order":0,"comment_status":"closed","ping_status":"closed","template":"","meta":{"_acf_changed":false,"inline_featured_image":false,"footnotes":""},"class_list":["post-3843","page","type-page","status-publish","hentry"],"acf":[],"_links":{"self":[{"href":"https:\/\/www.hotelreehorst.nl\/de\/wp-json\/wp\/v2\/pages\/3843","targetHints":{"allow":["GET"]}}],"collection":[{"href":"https:\/\/www.hotelreehorst.nl\/de\/wp-json\/wp\/v2\/pages"}],"about":[{"href":"https:\/\/www.hotelreehorst.nl\/de\/wp-json\/wp\/v2\/types\/page"}],"author":[{"embeddable":true,"href":"https:\/\/www.hotelreehorst.nl\/de\/wp-json\/wp\/v2\/users\/1"}],"replies":[{"embeddable":true,"href":"https:\/\/www.hotelreehorst.nl\/de\/wp-json\/wp\/v2\/comments?post=3843"}],"version-history":[{"count":219,"href":"https:\/\/www.hotelreehorst.nl\/de\/wp-json\/wp\/v2\/pages\/3843\/revisions"}],"predecessor-version":[{"id":5785,"href":"https:\/\/www.hotelreehorst.nl\/de\/wp-json\/wp\/v2\/pages\/3843\/revisions\/5785"}],"wp:attachment":[{"href":"https:\/\/www.hotelreehorst.nl\/de\/wp-json\/wp\/v2\/media?parent=3843"}],"curies":[{"name":"wp","href":"https:\/\/api.w.org\/{rel}","templated":true}]}}