{"id":1535,"date":"2018-04-20T07:11:18","date_gmt":"2018-04-20T05:11:18","guid":{"rendered":"https:\/\/www.hotelreehorst.nl\/a-propos-de\/"},"modified":"2026-04-08T15:32:57","modified_gmt":"2026-04-08T13:32:57","slug":"a-propos-de","status":"publish","type":"page","link":"https:\/\/www.hotelreehorst.nl\/fr\/a-propos-de\/","title":{"rendered":"A propos de"},"content":{"rendered":"<div class=\"wpb-content-wrapper\"><p>[vc_section][vc_row][vc_column][header afbeelding=\u00a0\u00bb707&Prime; titel=\u00a0\u00bbABOUT\u00a0\u00bb]R\u00e9compens\u00e9 par 4 \u00e9toiles et laur\u00e9at du prix Mooiste Suites van Nederland.<br \/>\nVous avez le choix entre quatre types de chambres et douze suites romantiques dot\u00e9es d&rsquo;un bain \u00e0 remous XXL unique. Et toujours \u00e0 un tarif avantageux ! [\/header][\/vc_column][\/vc_row][\/vc_section][vc_section css=\u00a0\u00bb.vc_custom_1528114586406{padding-top: 2% !important;padding-bottom: 2% !important;}\u00a0\u00bb el_class=\u00a0\u00bbtext-black grid\u00a0\u00bb][vc_row][vc_column css=\u00a0\u00bb.vc_custom_1528115131009{padding-top: 2em !important;padding-bottom: 2em !important;}\u00a0\u00bb][vc_column_text]<\/p>\n<h2 class=\"h3\" style=\"text-align: center;\">SUITES &amp; CHAMBRES<\/h2>\n<p>[\/vc_column_text][\/vc_column][\/vc_row][vc_row][vc_column offset=\u00a0\u00bbvc_col-md-offset-1 vc_col-md-5&Prime;][vc_column_text css=\u00a0\u00bb\u00a0\u00bb]<\/p>\n<ul class=\"check\">\n<li>12 suites luxueuses avec bain \u00e0 remous<\/li>\n<li>24 chambres King de la Boutique<\/li>\n<li>26 Chambres standard avec lits jumeaux<\/li>\n<li>6 chambres familiales confortables<\/li>\n<li>13 chambres triples classiques<\/li>\n<\/ul>\n<p>[\/vc_column_text][\/vc_column][vc_column offset=\u00a0\u00bbvc_col-md-5&Prime;][vc_column_text css=\u00a0\u00bb\u00a0\u00bb]<\/p>\n<ul class=\"check\">\n<li>L&rsquo;h\u00f4tel a re\u00e7u 4 \u00e9toiles et de nombreuses r\u00e9compenses, dont le prix Mooiste Suites van Nederland !<\/li>\n<li>Tout sous un m\u00eame toit : boissons, repas, sommeil, petits d\u00e9jeuners, r\u00e9unions, f\u00eates et plus encore !<\/li>\n<\/ul>\n<p>[\/vc_column_text][\/vc_column][\/vc_row][vc_row css=\u00a0\u00bb.vc_custom_1528114689607{padding-top: 2em !important;padding-bottom: 2em !important;}\u00a0\u00bb][vc_column width=\u00a0\u00bb1\/2&Prime; el_class=\u00a0\u00bbtext-right\u00a0\u00bb offset=\u00a0\u00bbvc_col-xs-6&Prime;][button button_options=\u00a0\u00bbhollow\u00a0\u00bb label=\u00a0\u00bbSuites\u00a0\u00bb link=\u00a0\u00bburl:https%3A%2F%2Fhotelreehorst.nl%2Fsuites%2F|||\u00a0\u00bb][\/vc_column][vc_column width=\u00a0\u00bb1\/2&Prime; el_class=\u00a0\u00bbtext-left\u00a0\u00bb offset=\u00a0\u00bbvc_col-xs-6&Prime;][button button_options=\u00a0\u00bbhollow\u00a0\u00bb label=\u00a0\u00bbChambres\u00a0\u00bb link=\u00a0\u00bburl:https%3A%2F%2Fhotelreehorst.nl%2Frooms%2F|||\u00a0\u00bb][\/vc_column][\/vc_row][\/vc_section][vc_section el_class=\u00a0\u00bbshow-for-medium\u00a0\u00bb][vc_row][vc_column][vc_single_image image=\u00a0\u00bb1383&Prime; img_size=\u00a0\u00bbretina\u00a0\u00bb el_class=\u00a0\u00bbparallax\u00a0\u00bb][\/vc_column][\/vc_row][\/vc_section][vc_section][vc_row][vc_column][blokken][blok_gallery gallery=\u00a0\u00bb289&Prime;][\/blok_gallery][blok_tekst titel=\u00a0\u00bb4-STERREN SERVICE\u00a0\u00bb icoon=\u00a0\u00bbfa fa-handshake-o\u00a0\u00bb]<\/p>\n<ul class=\"check\">\n<li>R\u00e9ception et service : 24 heures par jour<\/li>\n<li>WiFi haut d\u00e9bit gratuit<\/li>\n<li>Petit-d\u00e9jeuner buffet Veluwe illimit\u00e9<\/li>\n<li>Manger et boire au restaurant-bar ZUZU<\/li>\n<li>Mini march\u00e9 avec boissons, snacks et cadeaux<\/li>\n<li>Un parking toujours gratuit et s\u00e9curis\u00e9<\/li>\n<li>Consigne \u00e0 bagages, pistes cyclables et sentiers de randonn\u00e9e, service de blanchisserie.<\/li>\n<\/ul>\n<p>[\/blok_tekst][\/blokken][blokken][blok_tekst titel=\u00a0\u00bbALLES ONDER \u00c9\u00c9N DAK\u00a0\u00bb]<\/p>\n<ul class=\"check\">\n<li>ZUZU Restaurant-Bar<\/li>\n<li>Buffet de petit-d\u00e9jeuner illimit\u00e9<\/li>\n<li>Parking<\/li>\n<li>Mini march\u00e9<\/li>\n<li>Terrasse tropicale<\/li>\n<li>Salles de f\u00eates et de r\u00e9unions<\/li>\n<\/ul>\n<p>[\/blok_tekst][blok_gallery gallery=\u00a0\u00bb2723&Prime;][\/blok_gallery][\/blokken][\/vc_column][\/vc_row][\/vc_section][vc_section css=\u00a0\u00bb.vc_custom_1525939418031{background-color: #000000 !important;}\u00a0\u00bb][vc_row][vc_column][vc_single_image image=\u00a0\u00bb1387&Prime; img_size=\u00a0\u00bbretina\u00a0\u00bb el_class=\u00a0\u00bbparallax\u00a0\u00bb][reasons titel=\u00a0\u00bbredenen om voor Reehorst te kiezen\u00a0\u00bb][reason afbeelding=\u00a0\u00bb289&Prime; titel=\u00a0\u00bb4-sterren service met 24-uurs receptie\u00a0\u00bb][reason titel=\u00a0\u00bbDiverse kamertypes; luxe suites tot betaalbare kamers\u00a0\u00bb afbeelding=\u00a0\u00bb2731&Prime;][reason afbeelding=\u00a0\u00bb2771&Prime; titel=\u00a0\u00bbBorrelen en eten in ZUZU Restaurant-Bar\u00a0\u00bb][reason afbeelding=\u00a0\u00bb2687&Prime; titel=\u00a0\u00bbVlakbij de Veluwe, ideale startlocatie voor fietsen &amp; wandelen\u00a0\u00bb][reason afbeelding=\u00a0\u00bb2755&Prime; titel=\u00a0\u00bbCentrale locatie; zeer dichtbij Arnhem en Utrecht, directe treinverbinding met Amsterdam en Rotterdam\u00a0\u00bb][\/reasons][\/vc_column][\/vc_row][\/vc_section][vc_section][vc_row][vc_column][blokken][blok_map lat=\u00a0\u00bb52.0243373&Prime; lng=\u00a0\u00bb5.6693973&Prime; zoom=\u00a0\u00bb8&Prime; marker_lat=\u00a0\u00bb52.0245642&Prime; marker_lng=\u00a0\u00bb5.671468&Prime;][\/blok_map][blok_tekst titel=\u00a0\u00bbLIGGING\u00a0\u00bb link=\u00a0\u00bburl:https%3A%2F%2Fwww.google.nl%2Fmaps%2Fdir%2F%2FReehorst%2BHotel%2F|title:Plan%20je%20route|target:%20_blank|\u00a0\u00bb]<\/p>\n<ul class=\"check\">\n<li>Central aux Pays-Bas sur la Veluwe<\/li>\n<li>Acc\u00e8s facile et rapide en voiture et en train<\/li>\n<li>Stationnement gratuit dans le propre parking<\/li>\n<li>Gare de Ede-Wageningen \u00e0 3 min.<\/li>\n<li>Shopping \u00e0 Arnhem, Nim\u00e8gue et Utrecht<\/li>\n<li>Pr\u00e8s du Park de Hoge Veluwe et du Kr\u00f6ller M\u00fcller Museum<\/li>\n<\/ul>\n<p>[\/blok_tekst][\/blokken][\/vc_column][\/vc_row][\/vc_section]<\/p>\n<\/div>","protected":false},"excerpt":{"rendered":"<p>[vc_section][vc_row][vc_column][header afbeelding=\u00a0\u00bb707&Prime; titel=\u00a0\u00bbABOUT\u00a0\u00bb]R\u00e9compens\u00e9 par 4 \u00e9toiles et laur\u00e9at du prix Mooiste Suites van Nederland. Vous avez le choix entre quatre types de chambres et douze suites romantiques dot\u00e9es d&rsquo;un bain \u00e0 remous XXL unique. Et<\/p>\n","protected":false},"author":1,"featured_media":0,"parent":0,"menu_order":1,"comment_status":"closed","ping_status":"closed","template":"","meta":{"_acf_changed":false,"inline_featured_image":false,"footnotes":""},"class_list":["post-1535","page","type-page","status-publish","hentry"],"acf":[],"_links":{"self":[{"href":"https:\/\/www.hotelreehorst.nl\/fr\/wp-json\/wp\/v2\/pages\/1535","targetHints":{"allow":["GET"]}}],"collection":[{"href":"https:\/\/www.hotelreehorst.nl\/fr\/wp-json\/wp\/v2\/pages"}],"about":[{"href":"https:\/\/www.hotelreehorst.nl\/fr\/wp-json\/wp\/v2\/types\/page"}],"author":[{"embeddable":true,"href":"https:\/\/www.hotelreehorst.nl\/fr\/wp-json\/wp\/v2\/users\/1"}],"replies":[{"embeddable":true,"href":"https:\/\/www.hotelreehorst.nl\/fr\/wp-json\/wp\/v2\/comments?post=1535"}],"version-history":[{"count":67,"href":"https:\/\/www.hotelreehorst.nl\/fr\/wp-json\/wp\/v2\/pages\/1535\/revisions"}],"predecessor-version":[{"id":5726,"href":"https:\/\/www.hotelreehorst.nl\/fr\/wp-json\/wp\/v2\/pages\/1535\/revisions\/5726"}],"wp:attachment":[{"href":"https:\/\/www.hotelreehorst.nl\/fr\/wp-json\/wp\/v2\/media?parent=1535"}],"curies":[{"name":"wp","href":"https:\/\/api.w.org\/{rel}","templated":true}]}}