{"id":1561,"date":"2018-04-20T07:13:30","date_gmt":"2018-04-20T05:13:30","guid":{"rendered":"https:\/\/www.hotelreehorst.nl\/chambres\/"},"modified":"2026-03-06T11:19:31","modified_gmt":"2026-03-06T09:19:31","slug":"chambres","status":"publish","type":"page","link":"https:\/\/www.hotelreehorst.nl\/fr\/chambres\/","title":{"rendered":"Chambres d&rsquo;h\u00f4tel"},"content":{"rendered":"<div class=\"wpb-content-wrapper\"><p>[vc_section][vc_row][vc_column][header afbeelding=\u00a0\u00bb289&Prime; titel=\u00a0\u00bbHotelkamers\u00a0\u00bb]Qu&rsquo;il s&rsquo;agisse d&rsquo;un h\u00e9bergement d&rsquo;affaires ou d&rsquo;une chambre familiale, d&rsquo;une chambre abordable pour un groupe ou d&rsquo;une chambre d&rsquo;h\u00f4tel de charme pour des vacances \u00e0 Veluwe, nous avons le type de chambre id\u00e9al pour tout voyage d&rsquo;affaires ou vacances.[\/header][\/vc_column][\/vc_row][\/vc_section][vc_section][vc_row][vc_column css=\u00a0\u00bb.vc_custom_1527169498839{padding-top: 1em !important;}\u00a0\u00bb][kamers cat=\u00a0\u00bb3&Prime;][\/vc_column][\/vc_row][\/vc_section]<\/p>\n<\/div>","protected":false},"excerpt":{"rendered":"<p>[vc_section][vc_row][vc_column][header afbeelding=\u00a0\u00bb289&Prime; titel=\u00a0\u00bbHotelkamers\u00a0\u00bb]Qu&rsquo;il s&rsquo;agisse d&rsquo;un h\u00e9bergement d&rsquo;affaires ou d&rsquo;une chambre familiale, d&rsquo;une chambre abordable pour un groupe ou d&rsquo;une chambre d&rsquo;h\u00f4tel de charme pour des vacances \u00e0 Veluwe, nous avons le type de chambre id\u00e9al<\/p>\n","protected":false},"author":1,"featured_media":0,"parent":0,"menu_order":3,"comment_status":"closed","ping_status":"closed","template":"","meta":{"_acf_changed":false,"inline_featured_image":false,"footnotes":""},"class_list":["post-1561","page","type-page","status-publish","hentry"],"acf":[],"_links":{"self":[{"href":"https:\/\/www.hotelreehorst.nl\/fr\/wp-json\/wp\/v2\/pages\/1561","targetHints":{"allow":["GET"]}}],"collection":[{"href":"https:\/\/www.hotelreehorst.nl\/fr\/wp-json\/wp\/v2\/pages"}],"about":[{"href":"https:\/\/www.hotelreehorst.nl\/fr\/wp-json\/wp\/v2\/types\/page"}],"author":[{"embeddable":true,"href":"https:\/\/www.hotelreehorst.nl\/fr\/wp-json\/wp\/v2\/users\/1"}],"replies":[{"embeddable":true,"href":"https:\/\/www.hotelreehorst.nl\/fr\/wp-json\/wp\/v2\/comments?post=1561"}],"version-history":[{"count":24,"href":"https:\/\/www.hotelreehorst.nl\/fr\/wp-json\/wp\/v2\/pages\/1561\/revisions"}],"predecessor-version":[{"id":5539,"href":"https:\/\/www.hotelreehorst.nl\/fr\/wp-json\/wp\/v2\/pages\/1561\/revisions\/5539"}],"wp:attachment":[{"href":"https:\/\/www.hotelreehorst.nl\/fr\/wp-json\/wp\/v2\/media?parent=1561"}],"curies":[{"name":"wp","href":"https:\/\/api.w.org\/{rel}","templated":true}]}}