{"id":1571,"date":"2018-04-20T07:12:56","date_gmt":"2018-04-20T05:12:56","guid":{"rendered":"https:\/\/www.hotelreehorst.nl\/suites\/"},"modified":"2025-02-26T18:03:12","modified_gmt":"2025-02-26T16:03:12","slug":"suites","status":"publish","type":"page","link":"https:\/\/www.hotelreehorst.nl\/fr\/suites\/","title":{"rendered":"Suites Whirlpool"},"content":{"rendered":"<div class=\"wpb-content-wrapper\"><p>[vc_section][vc_row][vc_column][header afbeelding=\u00a0\u00bb763&Prime; titel=\u00a0\u00bbSuites Whirlpool\u00a0\u00bb]Faites l&rsquo;exp\u00e9rience de la d\u00e9tente et du romantisme dans l&rsquo;une de nos 12 suites romantiques prim\u00e9es avec bain \u00e0 remous. C&rsquo;est l&rsquo;endroit id\u00e9al pour passer une nuit inoubliable dans une suite dot\u00e9e d&rsquo;un bain \u00e0 remous XXL ![\/header][\/vc_column][\/vc_row][\/vc_section][vc_section][vc_row][vc_column][vc_column_text el_class=\u00a0\u00bbspace-dtop\u00a0\u00bb]<\/p>\n<p>[\/vc_column_text][kamers cat=\u00a0\u00bb4&Prime; toon_subcat=\u00a0\u00bb1&Prime; button_label=\u00a0\u00bbBekijk suite\u00a0\u00bb][beschikbaarheid link=\u00a0\u00bb\u00a0\u00bb][vc_raw_js]JTNDc2NyaXB0JTNFJTI4ZnVuY3Rpb24lMjhtJTJDZSUyQ3clMkNzJTI5JTdCYyUzRG0uY3JlYXRlRWxlbWVudCUyOGUlMjklM0JjLm9ubG9hZCUzRGZ1bmN0aW9uJTI4JTI5JTdCJTBBTWV3cy5ELmFwcGx5JTI4bnVsbCUyQ3MlMjklN0QlM0JjLmFzeW5jJTNEMSUzQmMuc3JjJTNEdyUzQnQlM0RtLmdldEVsZW1lbnRzQnlUYWdOYW1lJTI4ZSUyOSU1QjAlNUQlM0J0LnBhcmVudE5vZGUuaW5zZXJ0QmVmb3JlJTI4YyUyQ3QlMjklM0IlN0QlMjklMEElMjhkb2N1bWVudCUyQyUyN3NjcmlwdCUyNyUyQyUyN2h0dHBzJTNBJTJGJTJGd3d3Lm1ld3MubGklMkZkaXN0cmlidXRvciUyRmRpc3RyaWJ1dG9yLm1pbi5qcyUyNyUyQyU1QiU1QiUyN2EzZTM0OTMwLWQzMGYtNGJiNC1iYjg4LWFkY2UwMDdhNjU2MyUyNyU1RCU1RCUyOSUzQiUzQyUyRnNjcmlwdCUzRQ==[\/vc_raw_js][\/vc_column][\/vc_row][\/vc_section]<\/p>\n<\/div>","protected":false},"excerpt":{"rendered":"<p>[vc_section][vc_row][vc_column][header afbeelding=\u00a0\u00bb763&Prime; titel=\u00a0\u00bbSuites Whirlpool\u00a0\u00bb]Faites l&rsquo;exp\u00e9rience de la d\u00e9tente et du romantisme dans l&rsquo;une de nos 12 suites romantiques prim\u00e9es avec bain \u00e0 remous. C&rsquo;est l&rsquo;endroit id\u00e9al pour passer une nuit inoubliable dans une suite dot\u00e9e<\/p>\n","protected":false},"author":1,"featured_media":0,"parent":0,"menu_order":2,"comment_status":"closed","ping_status":"closed","template":"","meta":{"_acf_changed":false,"inline_featured_image":false,"footnotes":""},"class_list":["post-1571","page","type-page","status-publish","hentry"],"acf":[],"_links":{"self":[{"href":"https:\/\/www.hotelreehorst.nl\/fr\/wp-json\/wp\/v2\/pages\/1571","targetHints":{"allow":["GET"]}}],"collection":[{"href":"https:\/\/www.hotelreehorst.nl\/fr\/wp-json\/wp\/v2\/pages"}],"about":[{"href":"https:\/\/www.hotelreehorst.nl\/fr\/wp-json\/wp\/v2\/types\/page"}],"author":[{"embeddable":true,"href":"https:\/\/www.hotelreehorst.nl\/fr\/wp-json\/wp\/v2\/users\/1"}],"replies":[{"embeddable":true,"href":"https:\/\/www.hotelreehorst.nl\/fr\/wp-json\/wp\/v2\/comments?post=1571"}],"version-history":[{"count":19,"href":"https:\/\/www.hotelreehorst.nl\/fr\/wp-json\/wp\/v2\/pages\/1571\/revisions"}],"predecessor-version":[{"id":4074,"href":"https:\/\/www.hotelreehorst.nl\/fr\/wp-json\/wp\/v2\/pages\/1571\/revisions\/4074"}],"wp:attachment":[{"href":"https:\/\/www.hotelreehorst.nl\/fr\/wp-json\/wp\/v2\/media?parent=1571"}],"curies":[{"name":"wp","href":"https:\/\/api.w.org\/{rel}","templated":true}]}}