{"id":1595,"date":"2018-04-20T07:13:38","date_gmt":"2018-04-20T05:13:38","guid":{"rendered":"https:\/\/www.hotelreehorst.nl\/zuzu-cocktail-club\/"},"modified":"2026-04-08T15:30:29","modified_gmt":"2026-04-08T13:30:29","slug":"zuzu-cocktail-club","status":"publish","type":"page","link":"https:\/\/www.hotelreehorst.nl\/fr\/zuzu-cocktail-club\/","title":{"rendered":"ZUZU Restaurant-Bar"},"content":{"rendered":"<div class=\"wpb-content-wrapper\"><p>[vc_section][vc_row][vc_column][header video=\u00a0\u00bb5247&Prime;]<\/p>\n<div style=\"text-align: center;\"><img loading=\"lazy\" decoding=\"async\" class=\"wp-image-4941 size-full\" src=\"https:\/\/www.hotelreehorst.nl\/wp-content\/uploads\/2026\/03\/Zuzu-RestaurantBar-Logo.png\" alt=\"\" width=\"2000\" height=\"1414\" srcset=\"https:\/\/www.hotelreehorst.nl\/wp-content\/uploads\/2026\/03\/Zuzu-RestaurantBar-Logo.png 2000w, https:\/\/www.hotelreehorst.nl\/wp-content\/uploads\/2026\/03\/Zuzu-RestaurantBar-Logo-300x212.png 300w, https:\/\/www.hotelreehorst.nl\/wp-content\/uploads\/2026\/03\/Zuzu-RestaurantBar-Logo-1024x724.png 1024w, https:\/\/www.hotelreehorst.nl\/wp-content\/uploads\/2026\/03\/Zuzu-RestaurantBar-Logo-768x543.png 768w, https:\/\/www.hotelreehorst.nl\/wp-content\/uploads\/2026\/03\/Zuzu-RestaurantBar-Logo-1536x1086.png 1536w\" sizes=\"auto, (max-width: 2000px) 100vw, 2000px\" \/><\/div>\n<p style=\"text-align: center;\">Prenez un verre, d\u00eenez ou organisez une f\u00eate au restaurant-bar ZUZU ! Profitez de<br \/>\npour d\u00e9guster de d\u00e9licieux cocktails et des plats internationaux dans une atmosph\u00e8re tropicale ! <\/p>\n<p style=\"text-align: center;\"><b>Besoin de r\u00e9server ? Appelez le 0318 75 03 00 <\/b><\/p>\n<p style=\"text-align: center;\"><strong>Horaires d&rsquo;ouverture du lundi au samedi :<\/strong><br \/>\nCuisine ouverte de 15h00 \u00e0 22h00<br \/>\nPlats \u00e0 emporter ouverts de 15h00 \u00e0 22h00<br \/>\nBar ouvert de 15h00 \u00e0 22h30<\/p>\n<p><strong>Non ouvert le dimanche<\/strong><\/p>\n<p>[\/header][\/vc_column][\/vc_row][\/vc_section][vc_section][vc_row][vc_column][blokken][blok_gallery gallery=\u00a0\u00bb4937&Prime;][\/blok_gallery][blok_tekst titel=\u00a0\u00bbRESTAURANT &amp; BAR\u00a0\u00bb icoon_afbeelding=\u00a0\u00bb254&Prime;]Au restaurant-bar ZUZU, vous pourrez d\u00e9guster des plats internationaux et abordables dans une atmosph\u00e8re d\u00e9contract\u00e9e.<\/p>\n<div style=\"display: flex; flex-wrap: wrap; gap: 1rem; justify-content: center;\"><a class=\"button beschikbaarheid\" style=\"flex: 1 1 0; min-width: 120px;\" href=\"https:\/\/www.hotelreehorst.nl\/wp-content\/uploads\/2026\/04\/Menukaart-ZUZU-FINAL-2026.pdf\" target=\"_blank\" rel=\"noopener\">ZUZU Menu<\/a><br \/>\n<a class=\"button beschikbaarheid\" style=\"flex: 1 1 0; min-width: 120px;\" href=\"https:\/\/www.hotelreehorst.nl\/wp-content\/uploads\/2026\/04\/Sharing-Diner-Website-PDF.pdf\" target=\"_blank\" rel=\"noopener\">Menu DINING PARTAGE<\/a><\/div>\n<p>[\/blok_tekst][\/blokken][blokken][blok_tekst titel=\u00a0\u00bbUW PRIV\u00c9FEEST IN ZUZU?\u00a0\u00bb icoon_afbeelding=\u00a0\u00bb253&Prime;]Le restaurant-bar ZUZU peut \u00e9galement \u00eatre lou\u00e9 en partie ou en totalit\u00e9 pour votre f\u00eate priv\u00e9e ! Qu&rsquo;il s&rsquo;agisse d&rsquo;une f\u00eate de 16 ans, d&rsquo;un anniversaire de 21 ans, d&rsquo;une f\u00eate de b\u00e9b\u00e9, d&rsquo;un anniversaire ou d&rsquo;une f\u00eate de fin d&rsquo;ann\u00e9e, \u00e0 ZUZU vous pouvez c\u00e9l\u00e9brer n&rsquo;importe quelle f\u00eate !  Id\u00e9al pour combiner avec une nuit\u00e9e \u00e0 l&rsquo;h\u00f4tel. Vous souhaitez c\u00e9l\u00e9brer votre f\u00eate \u00e0 ZUZU, ou simplement jeter un coup d&rsquo;\u0153il ? Envoyez votre courriel \u00e0 sales@reehorst.nl ![\/blok_tekst][blok_gallery gallery=\u00a0\u00bb4933&Prime;][\/blok_gallery][\/blokken][\/vc_column][\/vc_row][\/vc_section][vc_section][vc_row][vc_column][vc_single_image image=\u00a0\u00bb1233&Prime; img_size=\u00a0\u00bbretina\u00a0\u00bb alignment=\u00a0\u00bbcenter\u00a0\u00bb el_class=\u00a0\u00bbparallax\u00a0\u00bb][\/vc_column][\/vc_row][\/vc_section][vc_section][vc_row][vc_column][blokken][blok_map lat=\u00a0\u00bb52.0243373&Prime; lng=\u00a0\u00bb5.6693973&Prime; zoom=\u00a0\u00bb8&Prime; marker_lat=\u00a0\u00bb52.0245642&Prime; marker_lng=\u00a0\u00bb5.671468&Prime;][\/blok_map][blok_tekst titel=\u00a0\u00bbLIGGING\u00a0\u00bb link=\u00a0\u00bburl:https%3A%2F%2Fwww.google.nl%2Fmaps%2Fdir%2F%2FReehorst%2BHotel%2F|title:Plan%20je%20route|target:%20_blank|\u00a0\u00bb]<\/p>\n<ul class=\"check\">\n<li>Central aux Pays-Bas sur la Veluwe<\/li>\n<li>Acc\u00e8s facile et rapide en voiture et en train<\/li>\n<li>Stationnement gratuit dans le propre parking<\/li>\n<li>Gare de Ede-Wageningen \u00e0 3 min.<\/li>\n<li>Shopping \u00e0 Arnhem, Nim\u00e8gue et Utrecht<\/li>\n<li>Pr\u00e8s du Park de Hoge Veluwe et du Kr\u00f6ller M\u00fcller Museum<\/li>\n<\/ul>\n<p>[\/blok_tekst][\/blokken][\/vc_column][\/vc_row][\/vc_section]<\/p>\n<\/div>","protected":false},"excerpt":{"rendered":"<p>[vc_section][vc_row][vc_column][header video=\u00a0\u00bb5247&Prime;] Prenez un verre, d\u00eenez ou organisez une f\u00eate au restaurant-bar ZUZU ! Profitez de pour d\u00e9guster de d\u00e9licieux cocktails et des plats internationaux dans une atmosph\u00e8re tropicale ! Besoin de r\u00e9server ? Appelez<\/p>\n","protected":false},"author":1,"featured_media":0,"parent":0,"menu_order":4,"comment_status":"closed","ping_status":"closed","template":"","meta":{"_acf_changed":false,"inline_featured_image":false,"footnotes":""},"class_list":["post-1595","page","type-page","status-publish","hentry"],"acf":[],"_links":{"self":[{"href":"https:\/\/www.hotelreehorst.nl\/fr\/wp-json\/wp\/v2\/pages\/1595","targetHints":{"allow":["GET"]}}],"collection":[{"href":"https:\/\/www.hotelreehorst.nl\/fr\/wp-json\/wp\/v2\/pages"}],"about":[{"href":"https:\/\/www.hotelreehorst.nl\/fr\/wp-json\/wp\/v2\/types\/page"}],"author":[{"embeddable":true,"href":"https:\/\/www.hotelreehorst.nl\/fr\/wp-json\/wp\/v2\/users\/1"}],"replies":[{"embeddable":true,"href":"https:\/\/www.hotelreehorst.nl\/fr\/wp-json\/wp\/v2\/comments?post=1595"}],"version-history":[{"count":202,"href":"https:\/\/www.hotelreehorst.nl\/fr\/wp-json\/wp\/v2\/pages\/1595\/revisions"}],"predecessor-version":[{"id":5722,"href":"https:\/\/www.hotelreehorst.nl\/fr\/wp-json\/wp\/v2\/pages\/1595\/revisions\/5722"}],"wp:attachment":[{"href":"https:\/\/www.hotelreehorst.nl\/fr\/wp-json\/wp\/v2\/media?parent=1595"}],"curies":[{"name":"wp","href":"https:\/\/api.w.org\/{rel}","templated":true}]}}