{"id":1642,"date":"2023-08-23T15:03:19","date_gmt":"2023-08-23T13:03:19","guid":{"rendered":"https:\/\/www.hotelreehorst.nl\/suites\/le-forfait-de-soins-de-la-suite\/"},"modified":"2025-07-07T15:30:23","modified_gmt":"2025-07-07T13:30:23","slug":"le-forfait-de-soins-de-la-suite","status":"publish","type":"page","link":"https:\/\/www.hotelreehorst.nl\/fr\/suites\/le-forfait-de-soins-de-la-suite\/","title":{"rendered":"Le forfait de soins de la suite"},"content":{"rendered":"<div class=\"wpb-content-wrapper\"><p>[vc_row][vc_column][header afbeelding=\u00a0\u00bb779&Prime; titel=\u00a0\u00bbSUITE PAMPERING PACKAGE\u00a0\u00bb]Nous avons con\u00e7u ce forfait sp\u00e9cialement pour les couples qui souhaitent s&rsquo;\u00e9vader ensemble. Profitez l&rsquo;un de l&rsquo;autre et de l&rsquo;une de nos suites de luxe avec bain \u00e0 remous XXL dans un cadre particuli\u00e8rement romantique ![\/header][voordelen titel=\u00a0\u00bbExtras du forfait Suite Pampering\u00a0\u00bb voordelen=\u00a0\u00bbPassez la nuit dans une suite avec bain bouillonnant XXL<br \/>\nPetit d\u00e9jeuner buffet copieux<br \/>\nArriv\u00e9e anticip\u00e9e \u00e0 14h00<br \/>\nD\u00e9part tardif \u00e0 12h00<br \/>\nBouteille de prosecco dans la chambre<br \/>\nForfait amoureux comprenant des p\u00e9tales de rose, un ballon en forme de c\u0153ur et des chocolats.\u00a0\u00bb vanaf=\u00a0\u00bbA partir de \u20ac 249,- la nuit\u00a0\u00bb link=\u00a0\u00bbhttps:\/\/app.mews.com\/distributor\/1c32eb5e-8722-47d6-8209-b14700dd9d3e\u00a0\u00bb][\/vc_column][\/vc_row][vc_row][vc_column][blokken][blok_tekst titel=\u00a0\u00bbSUITES DE LUXE AVEC BAIN \u00c0 REMOUS XXL\u00a0\u00bb icoon_afbeelding=\u00a0\u00bb361&Prime;]Succombez-vous \u00e0 l&rsquo;irr\u00e9sistible s\u00e9duction du Sixi\u00e8me Sens ou pr\u00e9f\u00e9rez-vous baigner dans l&rsquo;opulence de l&rsquo;extravagant Millionnaire ? S\u00e9journer dans nos suites Cortez prim\u00e9es est une exp\u00e9rience en soi, gr\u00e2ce aux int\u00e9rieurs design et \u00e9l\u00e9gants et aux mat\u00e9riaux et meubles de qualit\u00e9 sup\u00e9rieure.<\/p>\n<ul>\n<li style=\"text-align: left;\">Lit Signature Cortez<\/li>\n<li style=\"text-align: left;\">Baignoire baln\u00e9o XXL<\/li>\n<li style=\"text-align: left;\">Produits de soins de The Spa Collection<\/li>\n<li style=\"text-align: left;\">Wi-Fi \u00e0 haut d\u00e9bit et t\u00e9l\u00e9vision Full HD avec streaming<\/li>\n<li style=\"text-align: left;\">Minibar<\/li>\n<\/ul>\n<p>&nbsp;<\/p>\n<p>[beschikbaarheid nowrapper=1 link=\u00a0\u00bbhttps:\/\/app.mews.com\/distributor\/a3e34930-d30f-4bb4-bb88-adce007a6563&Prime; titel=\u00a0\u00bbVoir les disponibilit\u00e9s\u00a0\u00bb slogan=\u00a0\u00bbA partir de 149 \u20ac par nuit\u00a0\u00bb][\/blok_tekst][blok_gallery gallery=\u00a0\u00bb781,145,151,153,783,141,128,129,116,117,104,108&Prime;][\/blok_gallery][\/blokken][blokken zeshoek_tonen=\u00a0\u00bbtrue\u00a0\u00bb][blok_gallery gallery=\u00a0\u00bb861&Prime;][\/blok_gallery][blok_tekst titel=\u00a0\u00bbSUITE PAMPERING PACKAGE\u00a0\u00bb icoon_afbeelding=\u00a0\u00bb349&Prime;]Surprenez votre bien-aim\u00e9(e) avec un s\u00e9jour romantique !<\/p>\n<ul>\n<li style=\"text-align: left;\">Passez la nuit dans une suite avec baignoire d&rsquo;hydromassage XXL<\/li>\n<li style=\"text-align: left;\">Petit d\u00e9jeuner buffet copieux<\/li>\n<li style=\"text-align: left;\">Enregistrement anticip\u00e9 \u00e0 14h00<\/li>\n<li style=\"text-align: left;\">D\u00e9part tardif \u00e0 12h00<\/li>\n<li style=\"text-align: left;\">Bouteille de prosecco dans la chambre<\/li>\n<li style=\"text-align: left;\">Paquet d&rsquo;amour comprenant des p\u00e9tales de rose, un ballon en forme de c\u0153ur et des chocolats<\/li>\n<\/ul>\n<p>[beschikbaarheid nowrapper=1 link=\u00a0\u00bbhttps:\/\/app.mews.com\/distributor\/1c32eb5e-8722-47d6-8209-b14700dd9d3e\u00a0\u00bb titel=\u00a0\u00bbR\u00e9server directement\u00a0\u00bb slogan=\u00a0\u00bbA partir de 249 \u20ac par nuit\u00a0\u00bb][\/blok_tekst][\/blokken][blokken zeshoek_tonen=\u00a0\u00bbtrue\u00a0\u00bb][blok_gallery gallery=\u00a0\u00bb860,266,415,163,160&Prime;][\/blok_gallery][blok_tekst titel=\u00a0\u00bbD\u00c9COUVRIR LA VELUWE\u00a0\u00bb icoon_afbeelding=\u00a0\u00bb340&Prime;]D\u00e9couvrez toute la beaut\u00e9 de la Veluwe, \u00e0 pied ou \u00e0 v\u00e9lo !<\/p>\n<ul>\n<li style=\"text-align: left;\">A proximit\u00e9 de bois et de landes<\/li>\n<li style=\"text-align: left;\">\u00c0 distance de marche de la gare interurbaine d&rsquo;Ede-Wageningen et des bus\/taxis.<\/li>\n<li style=\"text-align: left;\">Pr\u00e8s du parc Hoge Veluwe et d&rsquo;autres attractions<\/li>\n<li style=\"text-align: left;\">Pr\u00e8s de la ville de la mode Arnhem, id\u00e9al pour les acheteurs de mode<\/li>\n<\/ul>\n<p>[\/blok_tekst][\/blokken][\/vc_column][\/vc_row][vc_row][vc_column][\/vc_column][\/vc_row]<\/p>\n<\/div>","protected":false},"excerpt":{"rendered":"LES AVANTAGES DE L'H\u00d4TEL REEHORST Central aux Pays-Bas sur la Veluwe L'h\u00f4tel a re\u00e7u 4 \u00e9toiles et de nombreuses r\u00e9compenses, dont le prix \"Mooiste Suites van Nederland\" ! Toutes les chambres sont non-fumeurs et climatis\u00e9es.","protected":false},"author":1,"featured_media":0,"parent":1571,"menu_order":0,"comment_status":"closed","ping_status":"closed","template":"","meta":{"_acf_changed":false,"inline_featured_image":false,"footnotes":""},"class_list":["post-1642","page","type-page","status-publish","hentry"],"acf":[],"_links":{"self":[{"href":"https:\/\/www.hotelreehorst.nl\/fr\/wp-json\/wp\/v2\/pages\/1642","targetHints":{"allow":["GET"]}}],"collection":[{"href":"https:\/\/www.hotelreehorst.nl\/fr\/wp-json\/wp\/v2\/pages"}],"about":[{"href":"https:\/\/www.hotelreehorst.nl\/fr\/wp-json\/wp\/v2\/types\/page"}],"author":[{"embeddable":true,"href":"https:\/\/www.hotelreehorst.nl\/fr\/wp-json\/wp\/v2\/users\/1"}],"replies":[{"embeddable":true,"href":"https:\/\/www.hotelreehorst.nl\/fr\/wp-json\/wp\/v2\/comments?post=1642"}],"version-history":[{"count":63,"href":"https:\/\/www.hotelreehorst.nl\/fr\/wp-json\/wp\/v2\/pages\/1642\/revisions"}],"predecessor-version":[{"id":4472,"href":"https:\/\/www.hotelreehorst.nl\/fr\/wp-json\/wp\/v2\/pages\/1642\/revisions\/4472"}],"up":[{"embeddable":true,"href":"https:\/\/www.hotelreehorst.nl\/fr\/wp-json\/wp\/v2\/pages\/1571"}],"wp:attachment":[{"href":"https:\/\/www.hotelreehorst.nl\/fr\/wp-json\/wp\/v2\/media?parent=1642"}],"curies":[{"name":"wp","href":"https:\/\/api.w.org\/{rel}","templated":true}]}}