{"id":1649,"date":"2022-06-27T13:27:50","date_gmt":"2022-06-27T11:27:50","guid":{"rendered":"https:\/\/www.hotelreehorst.nl\/terrasse-tropicale\/"},"modified":"2026-03-03T17:36:44","modified_gmt":"2026-03-03T15:36:44","slug":"terrasse-tropicale","status":"publish","type":"page","link":"https:\/\/www.hotelreehorst.nl\/fr\/terrasse-tropicale\/","title":{"rendered":"Terrasse tropicale"},"content":{"rendered":"<div class=\"wpb-content-wrapper\"><p>[vc_section][vc_row][vc_column css=\u00a0\u00bb.vc_custom_1526455814870{padding-top: 3em !important;padding-bottom: 1em !important;}\u00a0\u00bb][vc_raw_js]JTNDc2NyaXB0JTIwdHlwZSUzRCUyMnRleHQlMkZqYXZhc2NyaXB0JTIyJTNFJTI4ZnVuY3Rpb24lMjglMjklN0J2YXIlMjBrJTNEZnVuY3Rpb24lMjhhJTJDYyUyQ2QlMkNiJTI5JTdCaWYlMjhhLmdldEVsZW1lbnRCeUlkJTI4ZCUyOSUyOSU3QmlmJTI4YiUyOSU3QnZhciUyMGUlM0QxMDAlM0J2YXIlMjBmJTNEZnVuY3Rpb24lMjglMjklN0JzZXRUaW1lb3V0JTI4ZnVuY3Rpb24lMjglMjklN0JlLS0lM0JpZiUyOHdpbmRvdy5SRVNFTkdPX1dJREdFVF9TQ1JJUFRfTE9BREVEJTI5YiUyOCUyOSUzQmVsc2UlMjBpZiUyODAlM0NlJTI5ZiUyOCUyOSUzQmVsc2UlMjB0aHJvdyUyMEVycm9yJTI4JTIycmVzZW5nbyUyMHNjcmlwdCUyMGZhaWxlZCUyMHRvJTIwbG9hZCUyMiUyOSUzQiU3RCUyQzEwMCUyOSU3RCUzQmYlMjglMjklN0QlN0RlbHNlJTdCdmFyJTIwZyUzRGEuZ2V0RWxlbWVudHNCeVRhZ05hbWUlMjhjJTI5JTVCMCU1RCUzQmElM0RhLmNyZWF0ZUVsZW1lbnQlMjhjJTI5JTNCYS5pZCUzRGQlM0JhLnNyYyUzRCUyMmh0dHBzJTNBJTJGJTJGc3RhdGljLnJlc2VuZ28uY29tJTJGUmVzZW5nb1dpZGdldCUyMiUzQmIlMjYlMjYlMjhhLm9ubG9hZCUzRGIlMjklM0JnLnBhcmVudE5vZGUuaW5zZXJ0QmVmb3JlJTI4YSUyQ2clMjklN0QlN0QlMkNoJTNEZnVuY3Rpb24lMjglMjklN0JyZXR1cm4lMjBrJTI4ZG9jdW1lbnQlMkMlMjJzY3JpcHQlMjIlMkMlMjJyZXNlbmdvLWZsb3ctd2lkZ2V0LXNjcmlwdCUyMiUyQ2Z1bmN0aW9uJTI4JTI5JTdCUkVTRU5HT19XSURHRVQlMjglN0Jjb21wYW55SWQlM0ElMjIxNzUzMDI4JTIyJTJDbGFuZ3VhZ2UlM0ElMjJOTCUyMiUyQ2NhdGVnb3J5SURzZXQlM0ElMjAlMjIyMzc0NyUyMiU3RCUyOSU3RCUyOSU3RCUzQndpbmRvdy5hdHRhY2hFdmVudCUzRndpbmRvdy5hdHRhY2hFdmVudCUyOCUyMm9ubG9hZCUyMiUyQ2glMjklM0F3aW5kb3cuYWRkRXZlbnRMaXN0ZW5lciUyOCUyMmxvYWQlMjIlMkNoJTJDJTIxMSUyOSU3RCUyOSUyOCUyOSUzQiUzQyUyRnNjcmlwdCUzRSUwQQ==[\/vc_raw_js][\/vc_column][\/vc_row][vc_row][vc_column][header video=\u00a0\u00bb4031&Prime;][\/header][\/vc_column][\/vc_row][\/vc_section][vc_section][vc_row][vc_column][vc_row_inner equal_height=\u00a0\u00bbyes\u00a0\u00bb content_placement=\u00a0\u00bbmiddle\u00a0\u00bb el_class=\u00a0\u00bbzuzu-cocktail-header\u00a0\u00bb][vc_column_inner css=\u00a0\u00bb.vc_custom_1656343105126{background-color: #000000 !important;}\u00a0\u00bb][vc_single_image image=\u00a0\u00bb1369&Prime; img_size=\u00a0\u00bb600&#215;450&Prime; alignment=\u00a0\u00bbcenter\u00a0\u00bb][vc_column_text css=\u00a0\u00bb\u00a0\u00bb]<\/p>\n<p style=\"text-align: center;\">La Terrasse tropicale est disponible pour les soir\u00e9es barbecue et les \u00e9v\u00e9nements festifs. Diff\u00e9rentes formules de barbecue sont disponibles. <\/p>\n<p style=\"text-align: center;\">Pour plus d&rsquo;informations, envoyez un courriel \u00e0 sales@reehorst.nl ou appelez le 0318 &#8211; 75 03 51. La terrasse pour les clients r\u00e9guliers de l&rsquo;h\u00f4tel est situ\u00e9e \u00e0 l&rsquo;avant de l&rsquo;h\u00f4tel. <\/p>\n<p>[\/vc_column_text][vc_empty_space height=\u00a0\u00bb64px\u00a0\u00bb][\/vc_column_inner][\/vc_row_inner][blokken][blok_gallery gallery=\u00a0\u00bb3989&Prime;][\/blok_gallery][blok_tekst titel=\u00a0\u00bbBBQ PARTY &amp; FEESTEN\u00a0\u00bb icoon_afbeelding=\u00a0\u00bb254&Prime;]Het Tropisch is een unieke tropische locatie voor uw BBQ Party of Zomer Event! Tussen de wuivende palmbomen geniet je van verfrissende cocktails, bieren en wijnen en eet u in vrolijke beach cabanas heerlijke BBQ-gerechten of hapjes! Meer informatie over het huren van het Tropisch Terras? Stuur een mail naar sales@reehorst.nl of bel naar 0318 \u2013 75 03 51.[\/blok_tekst][\/blokken][blokken][blok_tekst titel=\u00a0\u00bbTROPISCHE CABANAS EN LOUNGEBEDDEN\u00a0\u00bb icoon_afbeelding=\u00a0\u00bb253&Prime;]Reserveer je eigen cabana, loungebed of tafel en geniet met een ijskoude cocktail in je hand van de relaxte summervibes.[\/blok_tekst][blok_gallery gallery=\u00a0\u00bb3993&Prime;][\/blok_gallery][\/blokken][\/vc_column][\/vc_row][\/vc_section][vc_section css=\u00a0\u00bb.vc_custom_1656402539800{background-color: #000000 !important;}\u00a0\u00bb][vc_row][vc_column][vc_single_image image=\u00a0\u00bb3999&Prime; img_size=\u00a0\u00bbfull\u00a0\u00bb alignment=\u00a0\u00bbcenter\u00a0\u00bb css=\u00a0\u00bb.vc_custom_1740578062578{background-position: center !important;background-repeat: no-repeat !important;background-size: cover !important;}\u00a0\u00bb][\/vc_column][\/vc_row][\/vc_section][vc_section][vc_row][vc_column][blokken][blok_map lat=\u00a0\u00bb52.0243373&Prime; lng=\u00a0\u00bb5.6693973&Prime; zoom=\u00a0\u00bb8&Prime; marker_lat=\u00a0\u00bb52.0245642&Prime; marker_lng=\u00a0\u00bb5.671468&Prime;][\/blok_map][blok_tekst titel=\u00a0\u00bbLIGGING\u00a0\u00bb link=\u00a0\u00bburl:https%3A%2F%2Fwww.google.nl%2Fmaps%2Fdir%2F%2FReehorst%2BHotel%2F|title:Plan%20je%20route|target:%20_blank|\u00a0\u00bb]<\/p>\n<ul class=\"check\">\n<li>Central aux Pays-Bas sur la Veluwe<\/li>\n<li>Acc\u00e8s facile et rapide en voiture et en train<\/li>\n<li>Stationnement gratuit dans le propre parking<\/li>\n<li>Gare de Ede-Wageningen \u00e0 3 min.<\/li>\n<li>Shopping \u00e0 Arnhem, Nim\u00e8gue et Utrecht<\/li>\n<li>Pr\u00e8s du Park de Hoge Veluwe et du Kr\u00f6ller M\u00fcller Museum<\/li>\n<\/ul>\n<p>[\/blok_tekst][\/blokken][\/vc_column][\/vc_row][\/vc_section]<\/p>\n<\/div>","protected":false},"excerpt":{"rendered":"<p>[vc_section][vc_row][vc_column css=\u00a0\u00bb.vc_custom_1526455814870{padding-top: 3em !important;padding-bottom: 1em !important;}\u00a0\u00bb][vc_raw_js]JTNDc2NyaXB0JTIwdHlwZSUzRCUyMnRleHQlMkZqYXZhc2NyaXB0JTIyJTNFJTI4ZnVuY3Rpb24lMjglMjklN0J2YXIlMjBrJTNEZnVuY3Rpb24lMjhhJTJDYyUyQ2QlMkNiJTI5JTdCaWYlMjhhLmdldEVsZW1lbnRCeUlkJTI4ZCUyOSUyOSU3QmlmJTI4YiUyOSU3QnZhciUyMGUlM0QxMDAlM0J2YXIlMjBmJTNEZnVuY3Rpb24lMjglMjklN0JzZXRUaW1lb3V0JTI4ZnVuY3Rpb24lMjglMjklN0JlLS0lM0JpZiUyOHdpbmRvdy5SRVNFTkdPX1dJREdFVF9TQ1JJUFRfTE9BREVEJTI5YiUyOCUyOSUzQmVsc2UlMjBpZiUyODAlM0NlJTI5ZiUyOCUyOSUzQmVsc2UlMjB0aHJvdyUyMEVycm9yJTI4JTIycmVzZW5nbyUyMHNjcmlwdCUyMGZhaWxlZCUyMHRvJTIwbG9hZCUyMiUyOSUzQiU3RCUyQzEwMCUyOSU3RCUzQmYlMjglMjklN0QlN0RlbHNlJTdCdmFyJTIwZyUzRGEuZ2V0RWxlbWVudHNCeVRhZ05hbWUlMjhjJTI5JTVCMCU1RCUzQmElM0RhLmNyZWF0ZUVsZW1lbnQlMjhjJTI5JTNCYS5pZCUzRGQlM0JhLnNyYyUzRCUyMmh0dHBzJTNBJTJGJTJGc3RhdGljLnJlc2VuZ28uY29tJTJGUmVzZW5nb1dpZGdldCUyMiUzQmIlMjYlMjYlMjhhLm9ubG9hZCUzRGIlMjklM0JnLnBhcmVudE5vZGUuaW5zZXJ0QmVmb3JlJTI4YSUyQ2clMjklN0QlN0QlMkNoJTNEZnVuY3Rpb24lMjglMjklN0JyZXR1cm4lMjBrJTI4ZG9jdW1lbnQlMkMlMjJzY3JpcHQlMjIlMkMlMjJyZXNlbmdvLWZsb3ctd2lkZ2V0LXNjcmlwdCUyMiUyQ2Z1bmN0aW9uJTI4JTI5JTdCUkVTRU5HT19XSURHRVQlMjglN0Jjb21wYW55SWQlM0ElMjIxNzUzMDI4JTIyJTJDbGFuZ3VhZ2UlM0ElMjJOTCUyMiUyQ2NhdGVnb3J5SURzZXQlM0ElMjAlMjIyMzc0NyUyMiU3RCUyOSU3RCUyOSU3RCUzQndpbmRvdy5hdHRhY2hFdmVudCUzRndpbmRvdy5hdHRhY2hFdmVudCUyOCUyMm9ubG9hZCUyMiUyQ2glMjklM0F3aW5kb3cuYWRkRXZlbnRMaXN0ZW5lciUyOCUyMmxvYWQlMjIlMkNoJTJDJTIxMSUyOSU3RCUyOSUyOCUyOSUzQiUzQyUyRnNjcmlwdCUzRSUwQQ==[\/vc_raw_js][\/vc_column][\/vc_row][vc_row][vc_column][header video=\u00a0\u00bb4031&Prime;][\/header][\/vc_column][\/vc_row][\/vc_section][vc_section][vc_row][vc_column][vc_row_inner equal_height=\u00a0\u00bbyes\u00a0\u00bb content_placement=\u00a0\u00bbmiddle\u00a0\u00bb el_class=\u00a0\u00bbzuzu-cocktail-header\u00a0\u00bb][vc_column_inner css=\u00a0\u00bb.vc_custom_1656343105126{background-color: #000000 !important;}\u00a0\u00bb][vc_single_image image=\u00a0\u00bb1369&Prime; img_size=\u00a0\u00bb600&#215;450&Prime; alignment=\u00a0\u00bbcenter\u00a0\u00bb][vc_column_text css=\u00a0\u00bb\u00a0\u00bb] La Terrasse tropicale est disponible pour les soir\u00e9es barbecue et les \u00e9v\u00e9nements festifs. Diff\u00e9rentes formules de barbecue sont<\/p>\n","protected":false},"author":1,"featured_media":0,"parent":0,"menu_order":5,"comment_status":"closed","ping_status":"closed","template":"","meta":{"_acf_changed":false,"inline_featured_image":false,"footnotes":""},"class_list":["post-1649","page","type-page","status-publish","hentry"],"acf":[],"_links":{"self":[{"href":"https:\/\/www.hotelreehorst.nl\/fr\/wp-json\/wp\/v2\/pages\/1649","targetHints":{"allow":["GET"]}}],"collection":[{"href":"https:\/\/www.hotelreehorst.nl\/fr\/wp-json\/wp\/v2\/pages"}],"about":[{"href":"https:\/\/www.hotelreehorst.nl\/fr\/wp-json\/wp\/v2\/types\/page"}],"author":[{"embeddable":true,"href":"https:\/\/www.hotelreehorst.nl\/fr\/wp-json\/wp\/v2\/users\/1"}],"replies":[{"embeddable":true,"href":"https:\/\/www.hotelreehorst.nl\/fr\/wp-json\/wp\/v2\/comments?post=1649"}],"version-history":[{"count":48,"href":"https:\/\/www.hotelreehorst.nl\/fr\/wp-json\/wp\/v2\/pages\/1649\/revisions"}],"predecessor-version":[{"id":5435,"href":"https:\/\/www.hotelreehorst.nl\/fr\/wp-json\/wp\/v2\/pages\/1649\/revisions\/5435"}],"wp:attachment":[{"href":"https:\/\/www.hotelreehorst.nl\/fr\/wp-json\/wp\/v2\/media?parent=1649"}],"curies":[{"name":"wp","href":"https:\/\/api.w.org\/{rel}","templated":true}]}}