{"id":1664,"date":"2023-06-09T11:52:46","date_gmt":"2023-06-09T09:52:46","guid":{"rendered":"https:\/\/www.hotelreehorst.nl\/petit-dejeuner-buffet\/"},"modified":"2026-01-14T12:16:44","modified_gmt":"2026-01-14T10:16:44","slug":"petit-dejeuner-buffet","status":"publish","type":"page","link":"https:\/\/www.hotelreehorst.nl\/fr\/petit-dejeuner-buffet\/","title":{"rendered":"Buffet de petit d\u00e9jeuner"},"content":{"rendered":"<div class=\"wpb-content-wrapper\"><p>[vc_section][vc_row][vc_column][header afbeelding=\u00a0\u00bb828&Prime; titel=\u00a0\u00bbOntbijtbuffet\u00a0\u00bb]<\/p>\n<p style=\"text-align: center;\">Une journ\u00e9e commence toujours bien avec un d\u00e9licieux petit-d\u00e9jeuner ! Au petit-d\u00e9jeuner buffet, vous pourrez d\u00e9guster des croissants chauds, du jus d&rsquo;orange fra\u00eechement press\u00e9 et une vari\u00e9t\u00e9 d&rsquo;omelettes.<\/p>\n<p style=\"text-align: center;\"><strong>Heures d&rsquo;ouverture<\/strong><br \/>\nLundi &#8211; dimanche : <strong>07.00 &#8211; 10.30<\/strong><\/p>\n<p>[\/header][\/vc_column][\/vc_row][\/vc_section][vc_section][vc_row][vc_column][blokken][blok_gallery gallery=\u00a0\u00bb829&Prime;][\/blok_gallery][blok_tekst titel=\u00a0\u00bbOvenverse croissants\u00a0\u00bb icoon_afbeelding=\u00a0\u00bb253&Prime;]Vous pouvez souvent les sentir de loin : nos croissants croustillants, fra\u00eechement cuits chaque matin. Prenez-en autant que vous le souhaitez ! Vous pouvez choisir parmi toutes sortes de garnitures, du jambon de Veluwe aux confitures douces des producteurs de fruits locaux ![\/blok_tekst][\/blokken][blokken][blok_tekst titel=\u00a0\u00bbEggs unlimited\u00a0\u00bb icoon_afbeelding=\u00a0\u00bb253&Prime;]Un bon petit-d\u00e9jeuner ne doit pas manquer d&rsquo;\u0153ufs frais ! Vous avez le choix entre des \u0153ufs brouill\u00e9s, des \u0153ufs au plat et diverses omelettes avec ou sans viande, pr\u00e9par\u00e9es \u00e0 partir d&rsquo;\u0153ufs de Barneveld provenant d&rsquo;\u00e9leveurs locaux.[\/blok_tekst][blok_gallery gallery=\u00a0\u00bb830&Prime;][\/blok_gallery][\/blokken][\/vc_column][\/vc_row][\/vc_section][vc_section][vc_row][vc_column][blokken][blok_map lat=\u00a0\u00bb52.0243373&Prime; lng=\u00a0\u00bb5.6693973&Prime; zoom=\u00a0\u00bb8&Prime; marker_lat=\u00a0\u00bb52.0245642&Prime; marker_lng=\u00a0\u00bb5.671468&Prime;][\/blok_map][blok_tekst titel=\u00a0\u00bbLIGGING\u00a0\u00bb link=\u00a0\u00bburl:https%3A%2F%2Fwww.google.nl%2Fmaps%2Fdir%2F%2FReehorst%2BHotel%2F|title:Plan%20je%20route|target:%20_blank|\u00a0\u00bb]<\/p>\n<ul class=\"check\">\n<li>Central aux Pays-Bas sur la Veluwe<\/li>\n<li>Acc\u00e8s facile et rapide en voiture et en train<\/li>\n<li>Stationnement gratuit dans le propre parking<\/li>\n<li>Gare de Ede-Wageningen \u00e0 3 min.<\/li>\n<li>Shopping \u00e0 Arnhem, Nim\u00e8gue et Utrecht<\/li>\n<li>Pr\u00e8s du Park de Hoge Veluwe et du Kr\u00f6ller M\u00fcller Museum<\/li>\n<\/ul>\n<p>[\/blok_tekst][\/blokken][\/vc_column][\/vc_row][\/vc_section]<\/p>\n<\/div>","protected":false},"excerpt":{"rendered":"<p>[vc_section][vc_row][vc_column][header afbeelding=\u00a0\u00bb828&Prime; titel=\u00a0\u00bbOntbijtbuffet\u00a0\u00bb] Une journ\u00e9e commence toujours bien avec un d\u00e9licieux petit-d\u00e9jeuner ! Au petit-d\u00e9jeuner buffet, vous pourrez d\u00e9guster des croissants chauds, du jus d&rsquo;orange fra\u00eechement press\u00e9 et une vari\u00e9t\u00e9 d&rsquo;omelettes. Heures d&rsquo;ouverture Lundi &#8211;<\/p>\n","protected":false},"author":1,"featured_media":0,"parent":0,"menu_order":6,"comment_status":"closed","ping_status":"closed","template":"","meta":{"_acf_changed":false,"inline_featured_image":false,"footnotes":""},"class_list":["post-1664","page","type-page","status-publish","hentry"],"acf":[],"_links":{"self":[{"href":"https:\/\/www.hotelreehorst.nl\/fr\/wp-json\/wp\/v2\/pages\/1664","targetHints":{"allow":["GET"]}}],"collection":[{"href":"https:\/\/www.hotelreehorst.nl\/fr\/wp-json\/wp\/v2\/pages"}],"about":[{"href":"https:\/\/www.hotelreehorst.nl\/fr\/wp-json\/wp\/v2\/types\/page"}],"author":[{"embeddable":true,"href":"https:\/\/www.hotelreehorst.nl\/fr\/wp-json\/wp\/v2\/users\/1"}],"replies":[{"embeddable":true,"href":"https:\/\/www.hotelreehorst.nl\/fr\/wp-json\/wp\/v2\/comments?post=1664"}],"version-history":[{"count":11,"href":"https:\/\/www.hotelreehorst.nl\/fr\/wp-json\/wp\/v2\/pages\/1664\/revisions"}],"predecessor-version":[{"id":4748,"href":"https:\/\/www.hotelreehorst.nl\/fr\/wp-json\/wp\/v2\/pages\/1664\/revisions\/4748"}],"wp:attachment":[{"href":"https:\/\/www.hotelreehorst.nl\/fr\/wp-json\/wp\/v2\/media?parent=1664"}],"curies":[{"name":"wp","href":"https:\/\/api.w.org\/{rel}","templated":true}]}}