{"id":1669,"date":"2018-06-12T15:58:49","date_gmt":"2018-06-12T15:58:49","guid":{"rendered":"https:\/\/www.hotelreehorst.nl\/clause-de-non-responsabilite-et-politique-de-confidentialite\/"},"modified":"2023-11-07T14:32:08","modified_gmt":"2023-11-07T14:32:08","slug":"clause-de-non-responsabilite-et-politique-de-confidentialite","status":"publish","type":"page","link":"https:\/\/www.hotelreehorst.nl\/fr\/clause-de-non-responsabilite-et-politique-de-confidentialite\/","title":{"rendered":"Clause de non-responsabilit\u00e9 et politique de confidentialit\u00e9"},"content":{"rendered":"<div class=\"wpb-content-wrapper\"><p>[vc_section css=\u00a0\u00bb.vc_custom_1528285441211{padding-top: 3% !important;padding-bottom: 3% !important;background-color: #000000 !important;}\u00a0\u00bb][vc_row][vc_column css=\u00a0\u00bb.vc_custom_1528305998047{padding-top: 4em !important;padding-right: 2em !important;padding-bottom: 2em !important;padding-left: 2em !important;}\u00a0\u00bb][vc_column_text]<\/p>\n<h2 style=\"text-align: center;\"><small>CLAUSE DE NON-RESPONSABILIT\u00c9 ET POLITIQUE DE CONFIDENTIALIT\u00c9<\/small><\/h2>\n<p>[\/vc_column_text][\/vc_column][\/vc_row][vc_row el_class=\u00a0\u00bbmax-width-1000&Prime;][vc_column][vc_column_text]<strong>Contenu et disponibilit\u00e9 du site web<\/strong><\/p>\n<ol>\n<li>Le contenu de ce site web a \u00e9t\u00e9 compil\u00e9 et mis \u00e0 jour avec le plus grand soin. Le ReeHorst prend les mesures techniques et organisationnelles raisonnablement possibles pour assurer la s\u00e9curit\u00e9 de ses syst\u00e8mes. N\u00e9anmoins, De ReeHorst ne garantit en aucune mani\u00e8re l&rsquo;exactitude des informations contenues dans ce site ;<\/li>\n<li>Toutefois, le ReeHorst ne donne aucune garantie et n&rsquo;est pas responsable du fonctionnement continu ou non du site web, ni de l&rsquo;exactitude, de l&rsquo;exhaustivit\u00e9 et de l&rsquo;actualit\u00e9 des informations qu&rsquo;il contient. De plus, De ReeHorst ne peut garantir que le site web ou une partie de celui-ci sera toujours disponible ou que le trafic sur le site pourra toujours \u00eatre g\u00e9r\u00e9 correctement ;<\/li>\n<li>Si ce site web contient des r\u00e9f\u00e9rences (\u00ab\u00a0hyperliens\u00a0\u00bb) \u00e0 des sites web de tiers, De ReeHorst n&rsquo;assume aucune responsabilit\u00e9 quant \u00e0 leur contenu ;<\/li>\n<li>Le ReeHorst a le droit de modifier (en tout ou en partie) les donn\u00e9es et les fonctionnalit\u00e9s du site web \u00e0 tout moment et sans pr\u00e9avis et\/ou de refuser (partiellement) l&rsquo;acc\u00e8s aux services qui y sont propos\u00e9s. Le ReeHorst n&rsquo;est pas responsable des dommages caus\u00e9s par l&rsquo;alt\u00e9ration des donn\u00e9es ou des services, ni des dommages caus\u00e9s par le refus d&rsquo;acc\u00e8s aux services offerts sur le site web ;<\/li>\n<li>Tous les prix indiqu\u00e9s s&rsquo;entendent hors TVA de 21 %, sauf indication contraire.<\/li>\n<\/ol>\n<p>&nbsp;<\/p>\n<p><strong>Utiliser le site web<\/strong><\/p>\n<ol>\n<li>L&rsquo;utilisation non autoris\u00e9e de (certaines parties de) ce site web peut constituer une violation des droits d&rsquo;auteur, des marques commerciales ou d&rsquo;autres r\u00e8gles et l\u00e9gislations et est donc express\u00e9ment interdite ;<\/li>\n<li>Les informations contenues dans ce site sont destin\u00e9es \u00e0 un usage personnel. Toute autre utilisation du contenu de ce site web (y compris les textes, le mat\u00e9riel graphique, les logos, les dessins, les sons et autres objets de propri\u00e9t\u00e9 intellectuelle) telle que la copie, l&rsquo;adaptation, la reproduction, la publication et la distribution n&rsquo;est pas autoris\u00e9e, \u00e0 moins que The ReeHorst n&rsquo;ait donn\u00e9 son accord explicite par \u00e9crit ;<\/li>\n<li>Vous \u00eates responsable des dommages subis par The ReeHorst du fait de vos actes ou de vos omissions, pour autant qu&rsquo;ils vous soient imputables. Si, de ce fait, des tiers r\u00e9clament une indemnisation \u00e0 The ReeHorst, vous indemniserez The ReeHorst contre ces r\u00e9clamations ;<\/li>\n<li>Le ReeHorst a le droit de modifier les conditions du site sans en informer pr\u00e9alablement l&rsquo;utilisateur.<\/li>\n<\/ol>\n<p>[\/vc_column_text][\/vc_column][\/vc_row][vc_row][vc_column css=\u00a0\u00bb.vc_custom_1528285550123{padding-top: 2em !important;padding-bottom: 4em !important;}\u00a0\u00bb][button align_options=\u00a0\u00bbtext-center\u00a0\u00bb button_options=\u00a0\u00bbhollow\u00a0\u00bb button_size=\u00a0\u00bblarge\u00a0\u00bb label=\u00a0\u00bbPLUS D&apos;INFOS SUR REEHORST\u00a0\u00bb link=\u00a0\u00bburl:https%3A%2F%2Fhotelreehorst.nl%2Fabout%2F|||\u00a0\u00bb css_class=\u00a0\u00bbwhite\u00a0\u00bb][\/vc_column][\/vc_row][\/vc_section]<\/p>\n<\/div>","protected":false},"excerpt":{"rendered":"<p>[vc_section css=\u00a0\u00bb.vc_custom_1528285441211{padding-top: 3% !important;padding-bottom: 3% !important;background-color: #000000 !important;}\u00a0\u00bb][vc_row][vc_column css=\u00a0\u00bb.vc_custom_1528305998047{padding-top: 4em !important;padding-right: 2em !important;padding-bottom: 2em !important;padding-left: 2em !important;}\u00a0\u00bb][vc_column_text] CLAUSE DE NON-RESPONSABILIT\u00c9 ET POLITIQUE DE CONFIDENTIALIT\u00c9 [\/vc_column_text][\/vc_column][\/vc_row][vc_row el_class=\u00a0\u00bbmax-width-1000&Prime;][vc_column][vc_column_text]Contenu et disponibilit\u00e9 du site web Le contenu de ce<\/p>\n","protected":false},"author":1,"featured_media":0,"parent":0,"menu_order":99,"comment_status":"closed","ping_status":"closed","template":"","meta":{"_acf_changed":false,"inline_featured_image":false,"footnotes":""},"class_list":["post-1669","page","type-page","status-publish","hentry"],"acf":[],"_links":{"self":[{"href":"https:\/\/www.hotelreehorst.nl\/fr\/wp-json\/wp\/v2\/pages\/1669","targetHints":{"allow":["GET"]}}],"collection":[{"href":"https:\/\/www.hotelreehorst.nl\/fr\/wp-json\/wp\/v2\/pages"}],"about":[{"href":"https:\/\/www.hotelreehorst.nl\/fr\/wp-json\/wp\/v2\/types\/page"}],"author":[{"embeddable":true,"href":"https:\/\/www.hotelreehorst.nl\/fr\/wp-json\/wp\/v2\/users\/1"}],"replies":[{"embeddable":true,"href":"https:\/\/www.hotelreehorst.nl\/fr\/wp-json\/wp\/v2\/comments?post=1669"}],"version-history":[{"count":12,"href":"https:\/\/www.hotelreehorst.nl\/fr\/wp-json\/wp\/v2\/pages\/1669\/revisions"}],"predecessor-version":[{"id":1731,"href":"https:\/\/www.hotelreehorst.nl\/fr\/wp-json\/wp\/v2\/pages\/1669\/revisions\/1731"}],"wp:attachment":[{"href":"https:\/\/www.hotelreehorst.nl\/fr\/wp-json\/wp\/v2\/media?parent=1669"}],"curies":[{"name":"wp","href":"https:\/\/api.w.org\/{rel}","templated":true}]}}