{"id":1690,"date":"2022-11-17T11:30:31","date_gmt":"2022-11-17T09:30:31","guid":{"rendered":"https:\/\/www.hotelreehorst.nl\/atelier-restaurant\/"},"modified":"2025-07-07T13:01:17","modified_gmt":"2025-07-07T11:01:17","slug":"atelier-restaurant","status":"publish","type":"page","link":"https:\/\/www.hotelreehorst.nl\/fr\/atelier-restaurant\/","title":{"rendered":"Restaurant Atelier Grill"},"content":{"rendered":"<div class=\"wpb-content-wrapper\"><p>[vc_section][vc_row][vc_column css=\u00a0\u00bb.vc_custom_1526455814870{padding-top: 3em !important;padding-bottom: 1em !important;}\u00a0\u00bb][vc_raw_js]JTNDJTIxLS0lMjBaZW5jaGVmJTIwV2lkZ2V0JTIwU0RLJTIwLS0lM0UlMEElM0NzY3JpcHQlM0UlM0IlMjhmdW5jdGlvbiUyMCUyOGQlMkMlMjBzJTJDJTIwaWQlMjklMjAlN0Jjb25zdCUyMGVsJTIwJTNEJTIwZC5nZXRFbGVtZW50c0J5VGFnTmFtZSUyOHMlMjklNUIwJTVEJTNCJTIwaWYlMjAlMjhkLmdldEVsZW1lbnRCeUlkJTI4aWQlMjklMjAlN0MlN0MlMjBlbC5wYXJlbnROb2RlJTIwJTNEJTNEJTIwbnVsbCUyOSUyMCU3QnJldHVybiUzQiU3RCUyMHZhciUyMGpzJTIwJTNEJTIwZC5jcmVhdGVFbGVtZW50JTI4cyUyOSUzQiUyMCUyMGpzLmlkJTIwJTNEJTIwaWQlM0IlMjBqcy5hc3luYyUyMCUzRCUyMHRydWUlM0IlMjBqcy5zcmMlMjAlM0QlMjAlMjdodHRwcyUzQSUyRiUyRnNkay56ZW5jaGVmLmNvbSUyRnYxJTJGc2RrLm1pbi5qcyUyNyUzQiUyMCUyMGVsLnBhcmVudE5vZGUuaW5zZXJ0QmVmb3JlJTI4anMlMkMlMjBlbCUyOSUzQiUyMCU3RCUyOSUyOGRvY3VtZW50JTJDJTIwJTI3c2NyaXB0JTI3JTJDJTIwJTI3emVuY2hlZi1zZGslMjclMjklM0MlMkZzY3JpcHQlM0UlMEElM0NkaXYlMEElMjAlMjAlMjBjbGFzcyUzRCUyMnpjLXdpZGdldC1jb25maWclMjIlMEElMjAlMjAlMjBkYXRhLXJlc3RhdXJhbnQlM0QlMjIzNjkyODMlMjIlMEElMjAlMjAlMjBkYXRhLW9wZW4lM0QlMjIyMDAwJTIyJTNFJTNDJTJGZGl2JTNF[\/vc_raw_js][\/vc_column][\/vc_row][vc_row][vc_column][header afbeelding=\u00a0\u00bb801&Prime;][\/header][\/vc_column][\/vc_row][\/vc_section][vc_section][vc_row][vc_column][vc_row_inner equal_height=\u00a0\u00bbyes\u00a0\u00bb content_placement=\u00a0\u00bbmiddle\u00a0\u00bb el_class=\u00a0\u00bbzuzu-cocktail-header\u00a0\u00bb][vc_column_inner css=\u00a0\u00bb.vc_custom_1656343105126{background-color: #000000 !important;}\u00a0\u00bb][vc_single_image image=\u00a0\u00bb1405&Prime; img_size=\u00a0\u00bb\u00a0\u00bb alignment=\u00a0\u00bbcenter\u00a0\u00bb][vc_empty_space height=\u00a0\u00bb64px\u00a0\u00bb][vc_column_text css=\u00a0\u00bb\u00a0\u00bb]<\/p>\n<p style=\"text-align: center;\">Restaurant-grill atmosph\u00e9rique \u00e0 Ede avec de d\u00e9licieux plats de grillades. Des d\u00eeners de groupe pour les groupes et les familles sont \u00e9galement possibles \u00e0 l&rsquo;Atelier Restaurant. <\/p>\n<div class=\"page\" title=\"Page 1\">\n<div class=\"layoutArea\">\n<div class=\"column\">\n<p style=\"text-align: center;\"><strong>HEURES D&rsquo;OUVERTURE<\/strong><br \/>\nDU LUNDI AU SAMEDI :<strong> 17:00 &#8211; 23:00<\/strong><br \/>\nCUISINE :<strong> 17:00 &#8211; 21:30<\/strong><br \/>\n<strong>DIMANCHE NON OUVERT<\/strong><\/p>\n<p style=\"font-weight: 400; text-align: center;\">Pendant les mois d&rsquo;\u00e9t\u00e9, le d\u00eener est servi au ZUZU Cocktail Club.<\/p>\n<\/div>\n<\/div>\n<\/div>\n<p>[\/vc_column_text][vc_empty_space height=\u00a0\u00bb64px\u00a0\u00bb][\/vc_column_inner][\/vc_row_inner][blokken][blok_gallery gallery=\u00a0\u00bb2771&Prime;][\/blok_gallery][blok_tekst titel=\u00a0\u00bbVIANDE TENDRE DU GRIL\u00a0\u00bb icoon_afbeelding=\u00a0\u00bb206&Prime;]D\u00e9gustez les viandes les plus d\u00e9licieuses sur le grill int\u00e9rieur au charbon de bois du restaurant Atelier Grill. Les grilladins de l&rsquo;Atelier utilisent des viandes de la plus haute qualit\u00e9 et les accompagnent toujours des sauces maison les plus savoureuses ![\/blok_tekst][\/blokken][blokken][blok_tekst titel=\u00a0\u00bbVIANDE DE PROXIMIT\u00c9 ET D&#039;UN PEU PLUS LOIN\u00a0\u00bb icoon_afbeelding=\u00a0\u00bb206&Prime;]En collaboration avec les meilleurs bouchers, nos grilladins s\u00e9lectionnent les viandes les plus savoureuses, qu&rsquo;elles soient tr\u00e8s proches ou un peu plus \u00e9loign\u00e9es. Vous opterez pour un excellent steak australien, des c\u00f4tes am\u00e9ricaines ou un steak tartare hollandais ?[\/blok_tekst][blok_gallery gallery=\u00a0\u00bb2763&Prime;][\/blok_gallery][\/blokken][blokken][blok_gallery gallery=\u00a0\u00bb2779&Prime;][\/blok_gallery][blok_tekst titel=\u00a0\u00bbGROUPES &#8211; D\u00ceNER RAFFIN\u00c9 EN FAMILLE, ENTRE AMIS OU ENTRE COLL\u00c8GUES\u00a0\u00bb icoon_afbeelding=\u00a0\u00bb204&Prime; link=\u00a0\u00bburl:https%3A%2F%2Fwww.atelier-restaurant.nl%2Fmenukaarten%2Fmenukaart-groepen-proeverij-vlees-vis|title:MENUKAART%20GROEPEN%20-%20BEZOEK%20WEBSITE|target:%20_blank|\u00a0\u00bb]<\/p>\n<p class=\"s3\"><span class=\"s6\">Vous souhaitez f\u00eater un anniversaire, passer du temps en famille, r\u00e9unir votre groupe d&rsquo;amis ou votre \u00e9quipe sportive, ou encore organiser un bon d\u00eener avec vos coll\u00e8gues ? L&rsquo;Atelier peut accueillir des groupes de 6 \u00e0 30 personnes. Vous d\u00e9gusterez ensuite ensemble de d\u00e9licieux plats cr\u00e9atifs internationaux en 2 ou 3 services.<\/span><\/p>\n<p>[\/blok_tekst][\/blokken][\/vc_column][\/vc_row][\/vc_section][vc_row][vc_column][\/vc_column][\/vc_row][vc_section css=\u00a0\u00bb.vc_custom_1656402539800{background-color: #000000 !important;}\u00a0\u00bb][vc_row][vc_column][vc_single_image image=\u00a0\u00bb1227&Prime; img_size=\u00a0\u00bbfull\u00a0\u00bb alignment=\u00a0\u00bbcenter\u00a0\u00bb css=\u00a0\u00bb.vc_custom_1656403460442{background-position: center !important;background-repeat: no-repeat !important;background-size: cover !important;}\u00a0\u00bb][\/vc_column][\/vc_row][\/vc_section][vc_section][vc_row][vc_column][blokken][blok_map lat=\u00a0\u00bb52.0243373&Prime; lng=\u00a0\u00bb5.6693973&Prime; zoom=\u00a0\u00bb8&Prime; marker_lat=\u00a0\u00bb52.0245642&Prime; marker_lng=\u00a0\u00bb5.671468&Prime;][\/blok_map][blok_tekst titel=\u00a0\u00bbLOCATION\u00a0\u00bb link=\u00a0\u00bburl:https%3A%2F%2Fwww.google.nl%2Fmaps%2Fdir%2F%2FReehorst%2BHotel%2F|title:Plan%20je%20route|target:%20_blank|\u00a0\u00bb]<\/p>\n<ul class=\"check\">\n<li>Central aux Pays-Bas sur la Veluwe<\/li>\n<li>Acc\u00e8s facile et rapide en voiture et en train<\/li>\n<li>Stationnement gratuit dans le propre parking<\/li>\n<li>Gare de Ede-Wageningen \u00e0 3 min.<\/li>\n<li>Shopping \u00e0 Arnhem, Nim\u00e8gue et Utrecht<\/li>\n<li>Pr\u00e8s du Park de Hoge Veluwe et du Kr\u00f6ller M\u00fcller Museum<\/li>\n<\/ul>\n<p>[\/blok_tekst][\/blokken][\/vc_column][\/vc_row][\/vc_section]<\/p>\n<\/div>","protected":false},"excerpt":{"rendered":"Menu de l'Atelier MENUS - VISITER LE SITE WEB","protected":false},"author":1,"featured_media":0,"parent":0,"menu_order":4,"comment_status":"closed","ping_status":"closed","template":"","meta":{"_acf_changed":false,"inline_featured_image":false,"footnotes":""},"class_list":["post-1690","page","type-page","status-publish","hentry"],"acf":[],"_links":{"self":[{"href":"https:\/\/www.hotelreehorst.nl\/fr\/wp-json\/wp\/v2\/pages\/1690","targetHints":{"allow":["GET"]}}],"collection":[{"href":"https:\/\/www.hotelreehorst.nl\/fr\/wp-json\/wp\/v2\/pages"}],"about":[{"href":"https:\/\/www.hotelreehorst.nl\/fr\/wp-json\/wp\/v2\/types\/page"}],"author":[{"embeddable":true,"href":"https:\/\/www.hotelreehorst.nl\/fr\/wp-json\/wp\/v2\/users\/1"}],"replies":[{"embeddable":true,"href":"https:\/\/www.hotelreehorst.nl\/fr\/wp-json\/wp\/v2\/comments?post=1690"}],"version-history":[{"count":27,"href":"https:\/\/www.hotelreehorst.nl\/fr\/wp-json\/wp\/v2\/pages\/1690\/revisions"}],"predecessor-version":[{"id":4414,"href":"https:\/\/www.hotelreehorst.nl\/fr\/wp-json\/wp\/v2\/pages\/1690\/revisions\/4414"}],"wp:attachment":[{"href":"https:\/\/www.hotelreehorst.nl\/fr\/wp-json\/wp\/v2\/media?parent=1690"}],"curies":[{"name":"wp","href":"https:\/\/api.w.org\/{rel}","templated":true}]}}