{"id":1797,"date":"2021-06-15T11:51:02","date_gmt":"2021-06-15T09:51:02","guid":{"rendered":"https:\/\/www.hotelreehorst.nl\/chambres\/emballages\/"},"modified":"2026-03-04T17:52:34","modified_gmt":"2026-03-04T15:52:34","slug":"emballages","status":"publish","type":"page","link":"https:\/\/www.hotelreehorst.nl\/fr\/chambres\/emballages\/","title":{"rendered":"Arrangements"},"content":{"rendered":"<div class=\"wpb-content-wrapper\"><p>[vc_row][vc_column][header afbeelding=\u00a0\u00bb289&Prime; titel=\u00a0\u00bbArrangementen\u00a0\u00bb]D\u00e9couvrez nos formules h\u00f4teli\u00e8res compl\u00e8tes, id\u00e9ales pour les cyclistes souhaitant explorer la Veluwe, les familles souhaitant passer un week-end, les amateurs de concerts au GelreDome et les couples souhaitant un s\u00e9jour romantique \u00e0 l&rsquo;h\u00f4tel. Profitez d&rsquo;offres exclusives ! [\/header][voordelen titel=\u00a0\u00bbCompleet verzorgd\u00a0\u00bb voordelen=\u00a0\u00bb\u00a0\u00bb link=\u00a0\u00bbhttps:\/\/app.mews.com\/distributor\/8a336670-0225-4499-b741-b06600f00b4d\u00a0\u00bb vanaf=\u00a0\u00bbAl te boeken vanaf \u20ac 59,50 p.p.\u00a0\u00bb][\/vc_column][\/vc_row][vc_row][vc_column][blokken][blok_gallery gallery=\u00a0\u00bb5351&Prime;][\/blok_gallery][blok_tekst titel=\u00a0\u00bb3-GANGEN DINER ARRANGEMENT\u00a0\u00bb icoon_afbeelding=\u00a0\u00bb361&Prime;]Profitez d&rsquo;un d\u00eener de 3 plats au ZUZU Kitchen-Bar, puis dormez confortablement dans une chambre standard avec lits jumeaux ou une chambre King. A r\u00e9server du lundi au samedi. <\/p>\n<p>Inclus dans le d\u00eener \u00e0 3 plats<\/p>\n<ul>\n<li style=\"text-align: left;\">Nuit\u00e9e en chambre standard avec lits jumeaux ou en chambre royale de luxe<\/li>\n<li style=\"text-align: left;\">D\u00eener de 3 plats au ZUZU Kitchen-Bar<\/li>\n<\/ul>\n<p>[beschikbaarheid nowrapper=\u00a0\u00bb1&Prime; link=\u00a0\u00bbhttps:\/\/app.mews.com\/distributor\/8a336670-0225-4499-b741-b06600f00b4d\u00a0\u00bb titel=\u00a0\u00bbCheck beschikbaarheid\u00a0\u00bb slogan=\u00a0\u00bb \u00ab\u00a0][\/blok_tekst][\/blokken][blokken zeshoek_tonen=\u00a0\u00bbtrue\u00a0\u00bb][blok_tekst titel=\u00a0\u00bbHALFPENSION ARRANGEMENT\u00a0\u00bb icoon_afbeelding=\u00a0\u00bb361&Prime;]Profitez d&rsquo;un d\u00eener de 3 plats au ZUZU Kitchen-Bar, d&rsquo;un petit d\u00e9jeuner buffet complet \u00e0 volont\u00e9 au restaurant Atelier, et dormez confortablement dans une chambre standard avec lits jumeaux ou une chambre King de l&rsquo;h\u00f4tel Boutique. A r\u00e9server du lundi au samedi. <\/p>\n<p>Inclus dans le forfait demi-pension<\/p>\n<ul>\n<li style=\"text-align: left;\">Nuit\u00e9e en chambre standard avec lits jumeaux ou en chambre royale de luxe<\/li>\n<li style=\"text-align: left;\">D\u00eener de 3 plats au ZUZU Kitchen-Bar<\/li>\n<li style=\"text-align: left;\">Petit-d\u00e9jeuner buffet \u00e0 volont\u00e9 au restaurant Atelier<\/li>\n<\/ul>\n<p>[beschikbaarheid nowrapper=\u00a0\u00bb1&Prime; link=\u00a0\u00bbhttps:\/\/app.mews.com\/distributor\/8a336670-0225-4499-b741-b06600f00b4d\u00a0\u00bb titel=\u00a0\u00bbCheck beschikbaarheid\u00a0\u00bb slogan=\u00a0\u00bb \u00ab\u00a0][\/blok_tekst][blok_gallery gallery=\u00a0\u00bb4933&Prime;][\/blok_gallery][\/blokken][blokken zeshoek_tonen=\u00a0\u00bbtrue\u00a0\u00bb][blok_gallery gallery=\u00a0\u00bb5475&Prime;][\/blok_gallery][blok_tekst titel=\u00a0\u00bb50+ MINI VAKANTIE ARRANGEMENT\u00a0\u00bb icoon_afbeelding=\u00a0\u00bb361&Prime;]Vous souhaitez vous \u00e9vader \u00e0 bon compte en profitant d&rsquo;un forfait h\u00f4telier complet ? Plus vous restez de nuits, plus vous b\u00e9n\u00e9ficiez de r\u00e9ductions ! S\u00e9journez dans une chambre standard avec lits jumeaux ou dans une chambre King de la Boutique et profitez d&rsquo;un d\u00e9licieux d\u00eener de trois plats au choix, d&rsquo;un petit-d\u00e9jeuner buffet \u00e0 volont\u00e9 et d&rsquo;un bon pour une tarte aux pommes et du caf\u00e9 gratuits ! R\u00e9servations possibles du lundi au samedi.   <\/p>\n<p>Inclus dans le forfait 50+ : \u00e0 r\u00e9server pour 1, 2 ou 3 nuits ! Plus vous restez longtemps, plus vous b\u00e9n\u00e9ficiez d&rsquo;une r\u00e9duction !<br \/>\n<em>Bien entendu, tout le monde peut r\u00e9server ce forfait, m\u00eame les moins de 50 ans !  <\/em><\/p>\n<ul>\n<li style=\"text-align: left;\">Nuit\u00e9e en chambre standard avec lits jumeaux ou en chambre royale de luxe<\/li>\n<li style=\"text-align: left;\">D\u00eener de 3 plats au choix au ZUZU Kitchen-Bar<\/li>\n<li style=\"text-align: left;\">Buffet de petit-d\u00e9jeuner \u00e0 volont\u00e9 au restaurant Atelier<\/li>\n<li style=\"text-align: left;\">Tarte aux pommes et caf\u00e9 gratuits<\/li>\n<\/ul>\n<p>[beschikbaarheid nowrapper=\u00a0\u00bb1&Prime; link=\u00a0\u00bbhttps:\/\/app.mews.com\/distributor\/8a336670-0225-4499-b741-b06600f00b4d\u00a0\u00bb titel=\u00a0\u00bbCheck beschikbaarheid\u00a0\u00bb slogan=\u00a0\u00bb \u00ab\u00a0][\/blok_tekst][\/blokken][blokken zeshoek_tonen=\u00a0\u00bbtrue\u00a0\u00bb][blok_tekst titel=\u00a0\u00bbLOVE HOTEL ARRANGEMENT\u00a0\u00bb icoon_afbeelding=\u00a0\u00bb361&Prime;]Un plaisir romantique et abordable ? Avec le forfait Love Hotel, surprenez votre partenaire en lui offrant une chambre d\u00e9cor\u00e9e de fa\u00e7on romantique : p\u00e9tales de roses, chocolats et un ballon \u00e0 c\u0153ur d&rsquo;h\u00e9lium. <\/p>\n<p>Inclus dans le forfait Love Hotel<\/p>\n<ul>\n<li style=\"text-align: left;\">Nuit\u00e9e en chambre standard avec lits jumeaux ou en chambre royale de luxe<\/li>\n<li style=\"text-align: left;\">Paquet d&rsquo;amour : p\u00e9tales de rose, chocolats, ballon \u00e0 c\u0153ur en h\u00e9lium<\/li>\n<\/ul>\n<p>[beschikbaarheid nowrapper=\u00a0\u00bb1&Prime; link=\u00a0\u00bbhttps:\/\/app.mews.com\/distributor\/8a336670-0225-4499-b741-b06600f00b4d\u00a0\u00bb titel=\u00a0\u00bbCheck beschikbaarheid\u00a0\u00bb slogan=\u00a0\u00bb \u00ab\u00a0][\/blok_tekst][blok_gallery gallery=\u00a0\u00bb5479&Prime;][\/blok_gallery][\/blokken][blokken zeshoek_tonen=\u00a0\u00bbtrue\u00a0\u00bb][blok_gallery gallery=\u00a0\u00bb5483&Prime;][\/blok_gallery][blok_tekst titel=\u00a0\u00bbWEEKENDJE WEG ARRANGEMENT &#8211; ZONDAG GRATIS!\u00a0\u00bb icoon_afbeelding=\u00a0\u00bb361&Prime;]Envie d&rsquo;un week-end agr\u00e9able sans payer le prix fort ? Avec ce forfait week-end, vous s\u00e9journez du vendredi au lundi et la nuit du dimanche est enti\u00e8rement gratuite ! Vous aimerez faire du v\u00e9lo sur la Veluwe ou du shopping \u00e0 Arnhem ? Pendant votre s\u00e9jour, vous profiterez d&rsquo;un d\u00e9licieux d\u00eener \u00e0 trois plats, d&rsquo;un petit-d\u00e9jeuner buffet \u00e0 volont\u00e9 et recevrez un bon pour une tarte aux pommes et du caf\u00e9 gratuits !   <\/p>\n<p>Inclus dans le forfait Week-end<\/p>\n<ul>\n<li style=\"text-align: left;\">3 nuits dans Standard Twin Room ou Boutique King Room avec Sunday comme nuit gratuite (\u20ac0.00) !<\/li>\n<li style=\"text-align: left;\">1x D\u00eener de trois plats au choix au restaurant-bar ZUZU p.p.<\/li>\n<li style=\"text-align: left;\">1x G\u00e2teau aux pommes gratuit avec caf\u00e9 p.p.<\/li>\n<li style=\"text-align: left;\">Buffet de petit-d\u00e9jeuner \u00e0 volont\u00e9 au restaurant Atelier<\/li>\n<li style=\"text-align: left;\">Pendant les mois d&rsquo;\u00e9t\u00e9 : V\u00e9lo<\/li>\n<\/ul>\n<p>[beschikbaarheid nowrapper=\u00a0\u00bb1&Prime; link=\u00a0\u00bbhttps:\/\/app.mews.com\/distributor\/8a336670-0225-4499-b741-b06600f00b4d\u00a0\u00bb titel=\u00a0\u00bbCheck beschikbaarheid\u00a0\u00bb slogan=\u00a0\u00bb \u00ab\u00a0][\/blok_tekst][\/blokken][blokken zeshoek_tonen=\u00a0\u00bbtrue\u00a0\u00bb][blok_tekst titel=\u00a0\u00bbLAST MINUTE VOORDEEL SPECIAL\u00a0\u00bb icoon_afbeelding=\u00a0\u00bb361&Prime;]Profitez de ce super avantage ! S\u00e9journez dans une chambre triple classique \u00e0 un tarif comp\u00e9titif ! Veuillez noter que la disponibilit\u00e9 de cette offre est limit\u00e9e et qu&rsquo;elle sera annonc\u00e9e dans notre bulletin d&rsquo;information ! L&rsquo;offre sp\u00e9ciale de derni\u00e8re minute peut \u00eatre r\u00e9serv\u00e9e \u00e0 partir de <strong>89,00 \u20ac par nuit !<\/strong>   <\/p>\n<p>[beschikbaarheid nowrapper=\u00a0\u00bb1&Prime; link=\u00a0\u00bbhttps:\/\/app.mews.com\/distributor\/8a336670-0225-4499-b741-b06600f00b4d\u00a0\u00bb titel=\u00a0\u00bbCheck beschikbaarheid\u00a0\u00bb slogan=\u00a0\u00bb \u00ab\u00a0][\/blok_tekst][blok_gallery gallery=\u00a0\u00bb5466&Prime;][\/blok_gallery][\/blokken][blokken zeshoek_tonen=\u00a0\u00bbtrue\u00a0\u00bb][blok_gallery gallery=\u00a0\u00bb3628&Prime;][\/blok_gallery][blok_tekst titel=\u00a0\u00bbGELREDOME HOTEL ARRANGEMENT\u00a0\u00bb icoon_afbeelding=\u00a0\u00bb361&Prime;]Terminez un concert, une f\u00eate ou un \u00e9v\u00e9nement au Gelredome d&rsquo;une mani\u00e8re particuli\u00e8rement festive en s\u00e9journant dans un h\u00f4tel confortable \u00e0 proximit\u00e9. Le forfait Gelredome est id\u00e9al pour les personnes qui souhaitent \u00e9viter les trains bond\u00e9s ou les longs trajets. Profitez de ce forfait avantageux !  <\/p>\n<p>Inclus dans le forfait de l&rsquo;h\u00f4tel Gelredome :<\/p>\n<ul>\n<li style=\"text-align: left;\">Nuit\u00e9e dans une chambre standard avec lits jumeaux ou une chambre royale de charme<\/li>\n<li style=\"text-align: left;\">Petit-d\u00e9jeuner buffet \u00e0 volont\u00e9<\/li>\n<\/ul>\n<p>[beschikbaarheid nowrapper=\u00a0\u00bb1&Prime; link=\u00a0\u00bbhttps:\/\/app.mews.com\/distributor\/8a336670-0225-4499-b741-b06600f00b4d\u00a0\u00bb titel=\u00a0\u00bbCheck beschikbaarheid\u00a0\u00bb slogan=\u00a0\u00bb \u00ab\u00a0][\/blok_tekst][\/blokken][\/vc_column][\/vc_row][vc_row][vc_column][\/vc_column][\/vc_row]<\/p>\n<\/div>","protected":false},"excerpt":{"rendered":"LES AVANTAGES DE L'H\u00d4TEL REEHORST Central aux Pays-Bas sur la Veluwe L'h\u00f4tel a re\u00e7u 4 \u00e9toiles et de nombreuses r\u00e9compenses, dont le prix \"Mooiste Suites van Nederland\" ! Toutes les chambres sont non-fumeurs et climatis\u00e9es.","protected":false},"author":1,"featured_media":0,"parent":1561,"menu_order":0,"comment_status":"closed","ping_status":"closed","template":"","meta":{"_acf_changed":false,"inline_featured_image":false,"footnotes":""},"class_list":["post-1797","page","type-page","status-publish","hentry"],"acf":[],"_links":{"self":[{"href":"https:\/\/www.hotelreehorst.nl\/fr\/wp-json\/wp\/v2\/pages\/1797","targetHints":{"allow":["GET"]}}],"collection":[{"href":"https:\/\/www.hotelreehorst.nl\/fr\/wp-json\/wp\/v2\/pages"}],"about":[{"href":"https:\/\/www.hotelreehorst.nl\/fr\/wp-json\/wp\/v2\/types\/page"}],"author":[{"embeddable":true,"href":"https:\/\/www.hotelreehorst.nl\/fr\/wp-json\/wp\/v2\/users\/1"}],"replies":[{"embeddable":true,"href":"https:\/\/www.hotelreehorst.nl\/fr\/wp-json\/wp\/v2\/comments?post=1797"}],"version-history":[{"count":41,"href":"https:\/\/www.hotelreehorst.nl\/fr\/wp-json\/wp\/v2\/pages\/1797\/revisions"}],"predecessor-version":[{"id":5525,"href":"https:\/\/www.hotelreehorst.nl\/fr\/wp-json\/wp\/v2\/pages\/1797\/revisions\/5525"}],"up":[{"embeddable":true,"href":"https:\/\/www.hotelreehorst.nl\/fr\/wp-json\/wp\/v2\/pages\/1561"}],"wp:attachment":[{"href":"https:\/\/www.hotelreehorst.nl\/fr\/wp-json\/wp\/v2\/media?parent=1797"}],"curies":[{"name":"wp","href":"https:\/\/api.w.org\/{rel}","templated":true}]}}