{"id":3188,"date":"2024-05-01T15:34:48","date_gmt":"2024-05-01T13:34:48","guid":{"rendered":"https:\/\/www.hotelreehorst.nl\/extras-de-lhotel\/"},"modified":"2026-01-16T12:41:24","modified_gmt":"2026-01-16T10:41:24","slug":"extras-de-lhotel","status":"publish","type":"page","link":"https:\/\/www.hotelreehorst.nl\/fr\/extras-de-lhotel\/","title":{"rendered":"Extras de l&rsquo;h\u00f4tel"},"content":{"rendered":"<div class=\"wpb-content-wrapper\"><p>[vc_section][vc_row][vc_column][header afbeelding=\u00a0\u00bb707&Prime; titel=\u00a0\u00bbHOTEL EXTRA&rsquo;S\u00a0\u00bb]Rendez votre s\u00e9jour encore plus sp\u00e9cial gr\u00e2ce \u00e0 nos extras ![\/header][\/vc_column][\/vc_row][\/vc_section][vc_section css=\u00a0\u00bb.vc_custom_1525939418031{background-color: #000000 !important;}\u00a0\u00bb][vc_row full_width=\u00a0\u00bbstretch_row_content_no_spaces\u00a0\u00bb][vc_column][hotel_extras][hotel_extra titel=\u00a0\u00bbVerwen Pakket Deluxe\u00a0\u00bb prijs=\u00a0\u00bb49,50&Prime; omschrijving=\u00a0\u00bbEARLY CHECK-IN 14:00<br \/> LATE CHECK-OUT 12:00<br \/> FLES ITALIAANSE PROSECCO\u00a0\u00bb afbeelding=\u00a0\u00bb2550&Prime; bannertekst=\u00a0\u00bbmeest gekozen\u00a0\u00bb][hotel_extra titel=\u00a0\u00bbParty Pakket Deluxe\u00a0\u00bb prijs=\u00a0\u00bb49,50&Prime; omschrijving=\u00a0\u00bbFLES ITALIAANSE PROSECCO<br \/> XXL BIRTHDAY &#8211; CELEBRATION KAART<br \/> 5 HELIUM BALLONEN &amp; SLINGER\u00a0\u00bb afbeelding=\u00a0\u00bb2518&Prime; bannertekst=\u00a0\u00bbpopulair!\u00a0\u00bb][hotel_extra titel=\u00a0\u00bbLove Pakket Deluxe\u00a0\u00bb prijs=\u00a0\u00bb32,50&Prime; omschrijving=\u00a0\u00bbRODE ROZENBLAADJES OP BED<br \/> ROZE HELIUMBALLON<br \/> PREMIUM BONBONS\u00a0\u00bb afbeelding=\u00a0\u00bb2498&Prime;][hotel_extra titel=\u00a0\u00bbClassic Verwen Pakket\u00a0\u00bb prijs=\u00a0\u00bb39,50&Prime; omschrijving=\u00a0\u00bbEARLY CHECK-IN 14:00 OF LATE CHECK-OUT 12:00<br \/> FLES ITALIAANSE PROSECCO\u00a0\u00bb afbeelding=\u00a0\u00bb2470&Prime;][hotel_extra titel=\u00a0\u00bbClassic Party Pakket\u00a0\u00bb prijs=\u00a0\u00bb39,50&Prime; omschrijving=\u00a0\u00bb5 KLEURRIJKE HELIUMBALLONNEN<br \/> XXL KAART &amp; SLINGER\u00a0\u00bb afbeelding=\u00a0\u00bb2462&Prime;][voordelen titel=\u00a0\u00bbboek uw extra&rsquo;s via\u00a0\u00bb voordelen=\u00a0\u00bbBELLEN | 0318 &#8211; 75 03 00<br \/> MAILEN | RECEPTIE@REEHORST.NL\u00a0\u00bb link=\u00a0\u00bbmailto:receptie@reehorst.nl?subject=Boek+extra&rsquo;s\u00a0\u00bb vanaf=\u00a0\u00bbAlle extra&rsquo;s zijn ook individueel te boeken\u00a0\u00bb button_label=\u00a0\u00bbBoeken via e-mail\u00a0\u00bb][hotel_extra overige=\u00a0\u00bb1&Prime; titel=\u00a0\u00bbFles Italiaanse Bubbels\u00a0\u00bb prijs=\u00a0\u00bb35,-\u00a0\u00bb omschrijving=\u00a0\u00bbProsecco\u00a0\u00bb afbeelding=\u00a0\u00bb4836&Prime;][hotel_extra overige=\u00a0\u00bb1&Prime; titel=\u00a0\u00bbRozenblaadjes\u00a0\u00bb prijs=\u00a0\u00bb14,50&Prime; omschrijving=\u00a0\u00bbRomantisch verspreid op uw bed\u00a0\u00bb afbeelding=\u00a0\u00bb4854&Prime;][hotel_extra overige=\u00a0\u00bb1&Prime; titel=\u00a0\u00bbPremium bonbons\u00a0\u00bb prijs=\u00a0\u00bb14,50&Prime; omschrijving=\u00a0\u00bb4 heerlijke chocolade bonbons\u00a0\u00bb afbeelding=\u00a0\u00bb2526&Prime;][hotel_extra overige=\u00a0\u00bb1&Prime; titel=\u00a0\u00bbRoze Hartballon\u00a0\u00bb prijs=\u00a0\u00bb12,50&Prime; omschrijving=\u00a0\u00bbHelium hartballon op het bed\u00a0\u00bb afbeelding=\u00a0\u00bb2530&Prime;][hotel_extra overige=\u00a0\u00bb1&Prime; titel=\u00a0\u00bbLate check-out 12:00&Prime; prijs=\u00a0\u00bb25,-\u00a0\u00bb omschrijving=\u00a0\u00bbof Early check-in 14:00&Prime; afbeelding=\u00a0\u00bb2486&Prime;][hotel_extra overige=\u00a0\u00bb1&Prime; titel=\u00a0\u00bb10 Helium Ballonnen\u00a0\u00bb prijs=\u00a0\u00bb21,50&Prime; omschrijving=\u00a0\u00bbIn diverse kleuren\u00a0\u00bb afbeelding=\u00a0\u00bb2458&Prime;][hotel_extra overige=\u00a0\u00bb1&Prime; titel=\u00a0\u00bbBoeket verse bloemen\u00a0\u00bb prijs=\u00a0\u00bb<span>vanaf<\/span> 25,-\u00a0\u00bb omschrijving=\u00a0\u00bbBoeketstijl en grootte kan in overleg\u00a0\u00bb afbeelding=\u00a0\u00bb2474&Prime;][hotel_extra overige=\u00a0\u00bb1&Prime; titel=\u00a0\u00bbLuxe champagne\u00a0\u00bb prijs=\u00a0\u00bb95,-\u00a0\u00bb omschrijving=\u00a0\u00bbGekoelde Mo\u00ebt &amp; Chandon\u00a0\u00bb afbeelding=\u00a0\u00bb2502&Prime;][\/hotel_extras][\/vc_column][\/vc_row][\/vc_section]<\/p>\n<\/div>","protected":false},"excerpt":{"rendered":"<p>[vc_section][vc_row][vc_column][header afbeelding=\u00a0\u00bb707&Prime; titel=\u00a0\u00bbHOTEL EXTRA&rsquo;S\u00a0\u00bb]Rendez votre s\u00e9jour encore plus sp\u00e9cial gr\u00e2ce \u00e0 nos extras ![\/header][\/vc_column][\/vc_row][\/vc_section][vc_section css=\u00a0\u00bb.vc_custom_1525939418031{background-color: #000000 !important;}\u00a0\u00bb][vc_row full_width=\u00a0\u00bbstretch_row_content_no_spaces\u00a0\u00bb][vc_column][hotel_extras][hotel_extra titel=\u00a0\u00bbVerwen Pakket Deluxe\u00a0\u00bb prijs=\u00a0\u00bb49,50&Prime; omschrijving=\u00a0\u00bbEARLY CHECK-IN 14:00 LATE CHECK-OUT 12:00 FLES ITALIAANSE PROSECCO\u00a0\u00bb afbeelding=\u00a0\u00bb2550&Prime; bannertekst=\u00a0\u00bbmeest gekozen\u00a0\u00bb][hotel_extra titel=\u00a0\u00bbParty<\/p>\n","protected":false},"author":1,"featured_media":0,"parent":0,"menu_order":1,"comment_status":"closed","ping_status":"closed","template":"","meta":{"_acf_changed":false,"inline_featured_image":false,"footnotes":""},"class_list":["post-3188","page","type-page","status-publish","hentry"],"acf":[],"_links":{"self":[{"href":"https:\/\/www.hotelreehorst.nl\/fr\/wp-json\/wp\/v2\/pages\/3188","targetHints":{"allow":["GET"]}}],"collection":[{"href":"https:\/\/www.hotelreehorst.nl\/fr\/wp-json\/wp\/v2\/pages"}],"about":[{"href":"https:\/\/www.hotelreehorst.nl\/fr\/wp-json\/wp\/v2\/types\/page"}],"author":[{"embeddable":true,"href":"https:\/\/www.hotelreehorst.nl\/fr\/wp-json\/wp\/v2\/users\/1"}],"replies":[{"embeddable":true,"href":"https:\/\/www.hotelreehorst.nl\/fr\/wp-json\/wp\/v2\/comments?post=3188"}],"version-history":[{"count":19,"href":"https:\/\/www.hotelreehorst.nl\/fr\/wp-json\/wp\/v2\/pages\/3188\/revisions"}],"predecessor-version":[{"id":4893,"href":"https:\/\/www.hotelreehorst.nl\/fr\/wp-json\/wp\/v2\/pages\/3188\/revisions\/4893"}],"wp:attachment":[{"href":"https:\/\/www.hotelreehorst.nl\/fr\/wp-json\/wp\/v2\/media?parent=3188"}],"curies":[{"name":"wp","href":"https:\/\/api.w.org\/{rel}","templated":true}]}}