{"id":3775,"date":"2024-08-30T12:39:19","date_gmt":"2024-08-30T10:39:19","guid":{"rendered":"https:\/\/www.hotelreehorst.nl\/postes-vacants\/"},"modified":"2025-07-08T14:23:40","modified_gmt":"2025-07-08T12:23:40","slug":"postes-vacants","status":"publish","type":"page","link":"https:\/\/www.hotelreehorst.nl\/fr\/postes-vacants\/","title":{"rendered":"Postes vacants"},"content":{"rendered":"<div class=\"wpb-content-wrapper\"><p>[vc_section][vc_row][vc_column][header afbeelding=\u00a0\u00bb2779&Prime; titel=\u00a0\u00bbVacatures ReeHorst Zalen &amp; Hotel\u00a0\u00bb]ReeHorst est une entreprise prosp\u00e8re, \u00e9l\u00e9gante et en constante \u00e9volution ! Nous vous offrons une exp\u00e9rience d&rsquo;hospitalit\u00e9 compl\u00e8te et unique sous un m\u00eame toit. ReeHorst Zalencentrum dispose de 39 salles, dont 3 th\u00e9\u00e2tres et 2 nouveaux espaces ext\u00e9rieurs pour des \u00e9v\u00e9nements professionnels et festifs r\u00e9ussis de 2 \u00e0 2000 invit\u00e9s. Il est tr\u00e8s pris\u00e9 pour les conf\u00e9rences, les cours de formation, les foires commerciales et les r\u00e9unions. Et pour les plus beaux mariages et f\u00eates !    <\/p>\n<p>L&rsquo;h\u00f4tel RH 4 \u00e9toiles dispose de 81 chambres (boutique), dont 12 suites de luxe avec bain \u00e0 remous. L&rsquo;h\u00f4tel a d\u00e9j\u00e0 remport\u00e9 cinq fois le prix \u00ab\u00a0Mooiste Suites van Nederland\u00a0\u00bb. En outre, nos clients peuvent profiter du restaurant Atelier Grill, du club de cocktails ZUZU et de la terrasse tropicale.  <\/p>\n<p>Vous souhaitez travailler au sein d&rsquo;une \u00e9quipe enthousiaste et professionnelle ? Avec des coll\u00e8gues sympathiques, pour des clients sympathiques ? Avec des horaires de travail agr\u00e9ables (flexibles) ? Une grande ind\u00e9pendance et de nombreuses possibilit\u00e9s d&rsquo;\u00e9volution ? Un tr\u00e8s bon salaire et d&rsquo;excellentes r\u00e9compenses suppl\u00e9mentaires ?    <\/p>\n<p>Alors postulez \u00e0 l&rsquo;un des postes vacants ci-dessous ![\/header][\/vc_column][\/vc_row][\/vc_section][vc_section css=\u00a0\u00bb.vc_custom_1720088483585{background-color: #000000 !important;}\u00a0\u00bb][vc_row][vc_column][vc_column_text]\r\n\t\t<section class=\"faq vacancies full\">\r\n\r\n\t\t\t\r\n\t\t\t<\/section>\r\n\r\n<script>\r\nconst groups = document.querySelectorAll(\"details:not(.vacancy)\");\r\nconst vacancies = document.querySelectorAll(\"details.vacancy\");\r\n\r\ngroups.forEach((detail) => {\r\n  detail.addEventListener(\"toggle\", () => {\r\n    \/\/ if (detail.open) setTargetGroup(detail);\r\n  });\r\n});\r\n\t\r\nvacancies.forEach((detail) => {\r\n  detail.addEventListener(\"toggle\", () => {\r\n    if (detail.open) setTargetDetail(detail);\r\n  });\r\n});\r\n\r\nfunction setTargetGroup(targetDetail) {\r\n  groups.forEach((detail) => {\r\n    if (detail !== targetDetail) {\r\n      detail.open = false;\r\n    }\r\n  });\r\n}\r\n\r\nfunction setTargetDetail(targetDetail) {\r\n  vacancies.forEach((detail) => {\r\n    if (detail !== targetDetail) {\r\n      detail.open = false;\r\n    }\r\n  });\r\n}\r\n<\/script>\r\n\r\n\t\t[\/vc_column_text][\/vc_column][\/vc_row][\/vc_section][vc_section][vc_row][vc_column][\/vc_column][\/vc_row][\/vc_section]<\/p>\n<\/div>","protected":false},"excerpt":{"rendered":"<p>[vc_section][vc_row][vc_column][header afbeelding=\u00a0\u00bb2779&Prime; titel=\u00a0\u00bbVacatures ReeHorst Zalen &amp; Hotel\u00a0\u00bb]ReeHorst est une entreprise prosp\u00e8re, \u00e9l\u00e9gante et en constante \u00e9volution ! Nous vous offrons une exp\u00e9rience d&rsquo;hospitalit\u00e9 compl\u00e8te et unique sous un m\u00eame toit. ReeHorst Zalencentrum dispose de 39<\/p>\n","protected":false},"author":1,"featured_media":0,"parent":0,"menu_order":0,"comment_status":"closed","ping_status":"closed","template":"","meta":{"_acf_changed":false,"inline_featured_image":false,"footnotes":""},"class_list":["post-3775","page","type-page","status-publish","hentry"],"acf":[],"_links":{"self":[{"href":"https:\/\/www.hotelreehorst.nl\/fr\/wp-json\/wp\/v2\/pages\/3775","targetHints":{"allow":["GET"]}}],"collection":[{"href":"https:\/\/www.hotelreehorst.nl\/fr\/wp-json\/wp\/v2\/pages"}],"about":[{"href":"https:\/\/www.hotelreehorst.nl\/fr\/wp-json\/wp\/v2\/types\/page"}],"author":[{"embeddable":true,"href":"https:\/\/www.hotelreehorst.nl\/fr\/wp-json\/wp\/v2\/users\/1"}],"replies":[{"embeddable":true,"href":"https:\/\/www.hotelreehorst.nl\/fr\/wp-json\/wp\/v2\/comments?post=3775"}],"version-history":[{"count":12,"href":"https:\/\/www.hotelreehorst.nl\/fr\/wp-json\/wp\/v2\/pages\/3775\/revisions"}],"predecessor-version":[{"id":4517,"href":"https:\/\/www.hotelreehorst.nl\/fr\/wp-json\/wp\/v2\/pages\/3775\/revisions\/4517"}],"wp:attachment":[{"href":"https:\/\/www.hotelreehorst.nl\/fr\/wp-json\/wp\/v2\/media?parent=3775"}],"curies":[{"name":"wp","href":"https:\/\/api.w.org\/{rel}","templated":true}]}}