{"id":3847,"date":"2025-01-31T19:18:19","date_gmt":"2025-01-31T17:18:19","guid":{"rendered":"https:\/\/www.hotelreehorst.nl\/accueil-2025\/"},"modified":"2026-03-24T12:48:21","modified_gmt":"2026-03-24T10:48:21","slug":"accueil-2025","status":"publish","type":"page","link":"https:\/\/www.hotelreehorst.nl\/fr\/","title":{"rendered":"Accueil"},"content":{"rendered":"<div class=\"wpb-content-wrapper\"><p>[vc_section css=\u00a0\u00bb.vc_custom_1738250556828{background-color: #0f0f0f !important;}\u00a0\u00bb][vc_row][vc_column][vc_column_text css=\u00a0\u00bb\u00a0\u00bb][header_slider][header_slider_item afbeelding=\u00a0\u00bb4199&Prime; titel=\u00a0\u00bbAPPR\u00c9CIEZ<br \/>\nC\u00c9L\u00c9BREZ<br \/>\nVIVEZ L&#039;EXP\u00c9RIENCE\u00a0\u00bb omschrijving=\u00a0\u00bbL&#039;h\u00f4tel ReeHorst b\u00e9n\u00e9ficie d&#039;une situation centrale aux Pays-Bas, \u00e0 proximit\u00e9 du Veluwe. Il propose diff\u00e9rents types de chambres, des suites avec bain \u00e0 remous XXL aux chambres classiques et aux chambres de charme, en passant par les chambres familiales.\u00a0\u00bb background_position_mobile=\u00a0\u00bb100% 50%\u00a0\u00bb][\/header_slider_item][header_slider_item afbeelding=\u00a0\u00bb4203&Prime; titel=\u00a0\u00bbAPPR\u00c9CIEZ<br \/>\nC\u00c9L\u00c9BREZ<br \/>\nVIVEZ L&#039;EXP\u00c9RIENCE\u00a0\u00bb omschrijving=\u00a0\u00bbL&#039;h\u00f4tel ReeHorst b\u00e9n\u00e9ficie d&#039;une situation centrale aux Pays-Bas, \u00e0 proximit\u00e9 du Veluwe. Il propose diff\u00e9rents types de chambres, des suites avec bain \u00e0 remous XXL aux chambres classiques et aux chambres de charme, en passant par les chambres familiales.\u00a0\u00bb background_position=\u00a0\u00bb80%\u00a0\u00bb][\/header_slider_item][header_slider_item afbeelding=\u00a0\u00bb4207&Prime; titel=\u00a0\u00bbAPPR\u00c9CIEZ<br \/>\nC\u00c9L\u00c9BREZ<br \/>\nVIVEZ L&#039;EXP\u00c9RIENCE\u00a0\u00bb omschrijving=\u00a0\u00bbL&#039;h\u00f4tel ReeHorst b\u00e9n\u00e9ficie d&#039;une situation centrale aux Pays-Bas, \u00e0 proximit\u00e9 du Veluwe. Il propose diff\u00e9rents types de chambres, des suites avec bain \u00e0 remous XXL aux chambres classiques et aux chambres de charme, en passant par les chambres familiales.\u00a0\u00bb background_position_mobile=\u00a0\u00bb10%\u00a0\u00bb background_position=\u00a0\u00bb75%\u00a0\u00bb][\/header_slider_item][header_slider_item afbeelding=\u00a0\u00bb3857&Prime; titel=\u00a0\u00bbAPPR\u00c9CIEZ<br \/>\nC\u00c9L\u00c9BREZ<br \/>\nVIVEZ L&#039;EXP\u00c9RIENCE\u00a0\u00bb omschrijving=\u00a0\u00bbL&#039;h\u00f4tel ReeHorst b\u00e9n\u00e9ficie d&#039;une situation centrale aux Pays-Bas, \u00e0 proximit\u00e9 du Veluwe. Il propose diff\u00e9rents types de chambres, des suites avec bain \u00e0 remous XXL aux chambres classiques et aux chambres de charme, en passant par les chambres familiales.\u00a0\u00bb][\/header_slider_item][header_slider_item afbeelding=\u00a0\u00bb4211&Prime; titel=\u00a0\u00bbAPPR\u00c9CIEZ<br \/>\nC\u00c9L\u00c9BREZ<br \/>\nVIVEZ L&#039;EXP\u00c9RIENCE\u00a0\u00bb omschrijving=\u00a0\u00bbL&#039;h\u00f4tel ReeHorst b\u00e9n\u00e9ficie d&#039;une situation centrale aux Pays-Bas, \u00e0 proximit\u00e9 du Veluwe. Il propose diff\u00e9rents types de chambres, des suites avec bain \u00e0 remous XXL aux chambres classiques et aux chambres de charme, en passant par les chambres familiales.\u00a0\u00bb][\/header_slider_item][\/header_slider][\/vc_column_text][\/vc_column][\/vc_row][vc_row full_width=\u00a0\u00bbstretch_row_content_no_spaces\u00a0\u00bb el_class=\u00a0\u00bbmax-w-`{`1184px`}` mx-auto\u00a0\u00bb css=\u00a0\u00bb.vc_custom_1740410139016{padding-right: 1em !important;padding-left: 1em !important;}\u00a0\u00bb][vc_column el_class=\u00a0\u00bbtext-center md:text-left\u00a0\u00bb][vc_empty_space height=\u00a0\u00bb3em\u00a0\u00bb el_class=\u00a0\u00bbhide-for-large\u00a0\u00bb][vc_empty_space height=\u00a0\u00bb3em\u00a0\u00bb el_class=\u00a0\u00bbhide-for-small show-for-large\u00a0\u00bb][\/vc_column][\/vc_row][\/vc_section][vc_section full_width=\u00a0\u00bbstretch_row\u00a0\u00bb full_height=\u00a0\u00bbyes\u00a0\u00bb content_placement=\u00a0\u00bbmiddle\u00a0\u00bb disable_element=\u00a0\u00bbyes\u00a0\u00bb css=\u00a0\u00bb.vc_custom_1738332619814{background-color: #0f0f0f !important;}\u00a0\u00bb][vc_row][vc_column][vc_column_text css=\u00a0\u00bb.vc_custom_1738251457834{padding-top: 25% !important;padding-right: 25% !important;padding-bottom: 25% !important;padding-left: 25% !important;}\u00a0\u00bb]<\/p>\n<p style=\"text-align: center;\"><span style=\"color: #e999b1;\">Code du module de r\u00e9servation ?<\/span><\/p>\n<p>[\/vc_column_text][\/vc_column][\/vc_row][\/vc_section][vc_section full_width=\u00a0\u00bbstretch_row\u00a0\u00bb content_placement=\u00a0\u00bbmiddle\u00a0\u00bb css=\u00a0\u00bb.vc_custom_1740411192970{padding-top: 2em !important;padding-bottom: 2em !important;background-color: #0f0f0f !important;}\u00a0\u00bb][vc_row][vc_column][vc_column_text][cta_slider titel=\u00a0\u00bbSuites avec bain \u00e0 remous\u00a0\u00bb omschrijving=\u00a0\u00bbFaites l&#039;exp\u00e9rience de la relaxation ultime et de la romance dans l&#039;une des douze suites XXL avec bain \u00e0 remous.\u00a0\u00bb link=\u00a0\u00bburl:%2Fsuites%2F|title:Bekijk%20suites\u00a0\u00bb images=\u00a0\u00bb3469,777,145,781&Prime; background_position_mobile=\u00a0\u00bb35%\u00a0\u00bb][cta_slider_item afbeelding=\u00a0\u00bb3469&Prime; background_position_mobile=\u00a0\u00bb35%\u00a0\u00bb][\/cta_slider_item][cta_slider_item afbeelding=\u00a0\u00bb777&Prime; background_position_mobile=\u00a0\u00bb0%\u00a0\u00bb][\/cta_slider_item][cta_slider_item afbeelding=\u00a0\u00bb145&Prime;][\/cta_slider_item][cta_slider_item afbeelding=\u00a0\u00bb781&Prime; background_position_mobile=\u00a0\u00bb75%\u00a0\u00bb][\/cta_slider_item][\/cta_slider][\/vc_column_text][\/vc_column][\/vc_row][\/vc_section][vc_section full_width=\u00a0\u00bbstretch_row\u00a0\u00bb content_placement=\u00a0\u00bbmiddle\u00a0\u00bb css=\u00a0\u00bb.vc_custom_1738345301000{padding-top: 2em !important;padding-bottom: 2em !important;background-color: #0f0f0f !important;}\u00a0\u00bb][vc_row][vc_column][vc_column_text css=\u00a0\u00bb\u00a0\u00bb][cta_slider titel=\u00a0\u00bbChambres d&#039;h\u00f4tel\u00a0\u00bb omschrijving=\u00a0\u00bbH\u00e9bergement confortable et abordable dans une vari\u00e9t\u00e9 de types de chambres, de la chambre familiale \u00e0 la chambre de charme.\u00a0\u00bb link=\u00a0\u00bburl:%2Frooms%2F|title:Bekijk%20kamers\u00a0\u00bb images=\u00a0\u00bb5470,3216,3489,30&Prime; background_position_mobile=\u00a0\u00bb65%\u00a0\u00bb][cta_slider_item afbeelding=\u00a0\u00bb5470&Prime; background_position_mobile=\u00a0\u00bb25%\u00a0\u00bb][cta_slider_item afbeelding=\u00a0\u00bb3216&Prime; background_position_mobile=\u00a0\u00bb25%\u00a0\u00bb][\/cta_slider_item][cta_slider_item afbeelding=\u00a0\u00bb2715&Prime; background_position_mobile=\u00a0\u00bb35%\u00a0\u00bb][\/cta_slider_item][cta_slider_item afbeelding=\u00a0\u00bb30&Prime; background_position_mobile=\u00a0\u00bb75%\u00a0\u00bb][\/cta_slider_item][\/cta_slider][\/vc_column_text][\/vc_column][\/vc_row][\/vc_section][vc_section full_width=\u00a0\u00bbstretch_row\u00a0\u00bb content_placement=\u00a0\u00bbmiddle\u00a0\u00bb css=\u00a0\u00bb.vc_custom_1740409560737{padding-top: 2em !important;padding-bottom: 3em !important;background-color: #0f0f0f !important;}\u00a0\u00bb][vc_row][vc_column][vc_empty_space height=\u00a0\u00bb1em\u00a0\u00bb el_class=\u00a0\u00bbhide-for-small show-for-large\u00a0\u00bb][vc_empty_space height=\u00a0\u00bb3em\u00a0\u00bb el_class=\u00a0\u00bbhide-for-small show-for-large\u00a0\u00bb][\/vc_column][\/vc_row][\/vc_section][vc_section content_placement=\u00a0\u00bbmiddle\u00a0\u00bb css=\u00a0\u00bb.vc_custom_1740409828765{background-color: #0f0f0f !important;}\u00a0\u00bb][vc_row el_class=\u00a0\u00bbmax-w-screen-2xl lg:!mx-auto\u00a0\u00bb][vc_column css=\u00a0\u00bb.vc_custom_1740409309169{padding-top: 2em !important;padding-bottom: 2em !important;}\u00a0\u00bb][vc_column_text css=\u00a0\u00bb\u00a0\u00bb][cta_slider full_width=\u00a0\u00bb1&Prime; titel=\u00a0\u00bbZuzu Restaurant-Bar\u00a0\u00bb omschrijving=\u00a0\u00bbDes plats et des boissons d\u00e9licieux et abordables au ZUZU Restaurant-Bar : un restaurant et un bar \u00e0 cocktails en un seul lieu !\u00a0\u00bb link=\u00a0\u00bburl:%2Fzuzu-cocktail-club%2F|title:Meer%20Zuzu\u00a0\u00bb images=\u00a0\u00bb5351&Prime; logo=\u00a0\u00bb4941&Prime;][cta_slider_item afbeelding=\u00a0\u00bb5351&Prime;][\/cta_slider_item][\/cta_slider][\/vc_column_text][\/vc_column][\/vc_row][\/vc_section][vc_section content_placement=\u00a0\u00bbmiddle\u00a0\u00bb css=\u00a0\u00bb.vc_custom_1740409828765{background-color: #0f0f0f !important;}\u00a0\u00bb][vc_row el_class=\u00a0\u00bbmax-w-screen-2xl lg:!mx-auto\u00a0\u00bb][vc_column width=\u00a0\u00bb1\/2&Prime; css=\u00a0\u00bb.vc_custom_1740409309169{padding-top: 2em !important;padding-bottom: 2em !important;}\u00a0\u00bb][vc_column_text][cta_slider compact=\u00a0\u00bb1&Prime; titel=\u00a0\u00bbMariages et f\u00eates\u00a0\u00bb omschrijving=\u00a0\u00bbDes salles de mariage enchanteresses et des salles de f\u00eate pleines d&#039;ambiance au c\u0153ur des Pays-Bas pour n&#039;importe quel \u00e9v\u00e9nement !\u00a0\u00bb link=\u00a0\u00bburl:https%3A%2F%2Fwww.reehorst.nl%2Ffeestelijke-events|title:Bezoek%20de%20website|target:_blank\u00a0\u00bb images=\u00a0\u00bb3587&Prime;][cta_slider_item afbeelding=\u00a0\u00bb3587&Prime;][\/cta_slider_item][\/cta_slider][\/vc_column_text][\/vc_column][vc_column width=\u00a0\u00bb1\/2&Prime; css=\u00a0\u00bb.vc_custom_1740409302908{padding-top: 2em !important;padding-bottom: 2em !important;}\u00a0\u00bb][vc_column_text][cta_slider compact=\u00a0\u00bb1&Prime; titel=\u00a0\u00bbR\u00e9unions et \u00e9v\u00e9nements\u00a0\u00bb omschrijving=\u00a0\u00bbR\u00e9unions avec service de traiteur ou conf\u00e9rences, foires ou \u00e9v\u00e9nements avec service complet.\u00a0\u00bb link=\u00a0\u00bburl:https%3A%2F%2Fwww.reehorst.nl%2Fzakelijke-events|title:Bezoek%20de%20website|target:_blank\u00a0\u00bb images=\u00a0\u00bb3681&Prime;][cta_slider_item afbeelding=\u00a0\u00bb3681&Prime;][\/cta_slider_item][\/cta_slider][vc_empty_space height=\u00a0\u00bb4em\u00a0\u00bb el_class=\u00a0\u00bbhide-for-small show-for-large\u00a0\u00bb][\/vc_column_text][\/vc_column][\/vc_row][\/vc_section][vc_section full_width=\u00a0\u00bbstretch_row\u00a0\u00bb content_placement=\u00a0\u00bbmiddle\u00a0\u00bb disable_element=\u00a0\u00bbyes\u00a0\u00bb css=\u00a0\u00bb.vc_custom_1740410590891{padding-top: 2em !important;padding-bottom: 4em !important;background-color: #0f0f0f !important;}\u00a0\u00bb][vc_row][vc_column][\/vc_column][\/vc_row][\/vc_section]<\/p>\n<\/div>","protected":false},"excerpt":{"rendered":"<p>[vc_section css=\u00a0\u00bb.vc_custom_1738250556828{background-color: #0f0f0f !important;}\u00a0\u00bb][vc_row][vc_column][vc_column_text css=\u00a0\u00bb\u00a0\u00bb][header_slider][header_slider_item afbeelding=\u00a0\u00bb4199&Prime; titel=\u00a0\u00bbAPPR\u00c9CIEZ C\u00c9L\u00c9BREZ VIVEZ L&#039;EXP\u00c9RIENCE\u00a0\u00bb omschrijving=\u00a0\u00bbL&#039;h\u00f4tel ReeHorst b\u00e9n\u00e9ficie d&#039;une situation centrale aux Pays-Bas, \u00e0 proximit\u00e9 du Veluwe. Il propose diff\u00e9rents types de chambres, des suites avec bain \u00e0 remous XXL<\/p>\n","protected":false},"author":1,"featured_media":0,"parent":0,"menu_order":0,"comment_status":"closed","ping_status":"closed","template":"","meta":{"_acf_changed":false,"inline_featured_image":false,"footnotes":""},"class_list":["post-3847","page","type-page","status-publish","hentry"],"acf":[],"_links":{"self":[{"href":"https:\/\/www.hotelreehorst.nl\/fr\/wp-json\/wp\/v2\/pages\/3847","targetHints":{"allow":["GET"]}}],"collection":[{"href":"https:\/\/www.hotelreehorst.nl\/fr\/wp-json\/wp\/v2\/pages"}],"about":[{"href":"https:\/\/www.hotelreehorst.nl\/fr\/wp-json\/wp\/v2\/types\/page"}],"author":[{"embeddable":true,"href":"https:\/\/www.hotelreehorst.nl\/fr\/wp-json\/wp\/v2\/users\/1"}],"replies":[{"embeddable":true,"href":"https:\/\/www.hotelreehorst.nl\/fr\/wp-json\/wp\/v2\/comments?post=3847"}],"version-history":[{"count":147,"href":"https:\/\/www.hotelreehorst.nl\/fr\/wp-json\/wp\/v2\/pages\/3847\/revisions"}],"predecessor-version":[{"id":5571,"href":"https:\/\/www.hotelreehorst.nl\/fr\/wp-json\/wp\/v2\/pages\/3847\/revisions\/5571"}],"wp:attachment":[{"href":"https:\/\/www.hotelreehorst.nl\/fr\/wp-json\/wp\/v2\/media?parent=3847"}],"curies":[{"name":"wp","href":"https:\/\/api.w.org\/{rel}","templated":true}]}}